{"id":180,"date":"2026-04-03T09:17:38","date_gmt":"2026-04-03T09:17:38","guid":{"rendered":"https:\/\/shopnhis.azdigi.shop\/?post_type=product&#038;p=180"},"modified":"2026-04-21T16:57:59","modified_gmt":"2026-04-21T16:57:59","slug":"dam-xuan-he-dai-xep-ly-than-tren","status":"publish","type":"product","link":"https:\/\/shopnhis.azdigi.shop\/index.php\/product\/dam-xuan-he-dai-xep-ly-than-tren\/","title":{"rendered":"\u0110\u1ea7m Xu\u00e2n H\u00e8 d\u00e0i x\u1ebfp ly th\u00e2n tr\u00ean"},"content":{"rendered":"\r\n<p><strong>\u0110\u1ea7m Xu\u00e2n H\u00e8 d\u00e0i x\u1ebfp ly th\u00e2n tr\u00ean<\/strong> l\u00e0 thi\u1ebft k\u1ebf v\u00e1y mang phong c\u00e1ch thanh l\u1ecbch v\u00e0 nh\u1eb9 nh\u00e0ng. V\u1edbi gam m\u00e0u kem tinh t\u1ebf, chi\u1ebfc v\u00e1y mang l\u1ea1i c\u1ea3m gi\u00e1c d\u1ecbu d\u00e0ng v\u00e0 trang nh\u00e3. V\u00ec v\u1eady, \u0111\u00e2y l\u00e0 l\u1ef1a ch\u1ecdn ho\u00e0n h\u1ea3o cho nh\u1eefng c\u00f4 g\u00e1i y\u00eau phong c\u00e1ch t\u1ed1i gi\u1ea3n nh\u01b0ng v\u1eabn sang tr\u1ecdng.<\/p>\r\n\r\n\r\n\r\n<p>Ph\u1ea7n c\u1ed5 \u0111\u01b0\u1ee3c thi\u1ebft k\u1ebf l\u1ec7ch vai nh\u1eb9, t\u1ea1o \u0111i\u1ec3m nh\u1ea5n m\u1ec1m m\u1ea1i cho t\u1ed5ng th\u1ec3. Chi ti\u1ebft n\u00e0y gi\u00fap tr\u1edf n\u00ean tinh t\u1ebf v\u00e0 cu\u1ed1n h\u00fat h\u01a1n.<\/p>\r\n\r\n\r\n\r\n<h2 class=\"wp-block-heading\">Thi\u1ebft k\u1ebf t\u00f4n d\u00e1ng v\u00e0 thanh tho\u00e1t<\/h2>\r\n\r\n\r\n\r\n<p>Chi\u1ebfc v\u00e1y c\u00f3 phom \u00f4m nh\u1eb9 v\u00e0 x\u1ebfp ly ph\u1ea7n th\u00e2n tr\u00ean v\u00e0 x\u00f2e d\u00e0i \u1edf ch\u00e2n v\u00e1y. Nh\u1edd v\u1eady, v\u00e1y gi\u00fap t\u00f4n l\u00ean v\u00f3c d\u00e1ng v\u00e0 t\u1ea1o c\u1ea3m gi\u00e1c thanh tho\u00e1t khi di chuy\u1ec3n.<\/p>\r\n\r\n\r\n\r\n<p>Ngo\u00e0i ra, \u0111\u01b0\u1eddng c\u1eaft may tinh g\u1ecdn gi\u00fap chi\u1ebfc v\u00e1y gi\u1eef \u0111\u01b0\u1ee3c form d\u00e1ng \u0111\u1eb9p. Ch\u00ednh v\u00ec th\u1ebf,\u00a0mang l\u1ea1i v\u1ebb ngo\u00e0i v\u1eeba n\u1eef t\u00ednh v\u1eeba thanh l\u1ecbch.<\/p>\r\n\r\n\r\n\r\n<h2 class=\"wp-block-heading\">Ph\u00f9 h\u1ee3p cho nhi\u1ec1u d\u1ecbp<\/h2>\r\n\r\n\r\n\r\n<p>B\u1ea1n c\u00f3 th\u1ec3 di\u1ec7n chi\u1ebfc v\u00e1y trong nhi\u1ec1u ho\u00e0n c\u1ea3nh kh\u00e1c nhau. V\u00e1y ph\u00f9 h\u1ee3p v\u1edbi:<\/p>\r\n\r\n\r\n\r\n<ul class=\"wp-block-list\">\r\n<li>\u0110i d\u1ea1o ph\u1ed1<\/li>\r\n\r\n\r\n\r\n<li>\u0110i cafe<\/li>\r\n\r\n\r\n\r\n<li>H\u1eb9n h\u00f2<\/li>\r\n\r\n\r\n\r\n<li>D\u1ef1 ti\u1ec7c nh\u1eb9<\/li>\r\n\r\n\r\n\r\n<li>Ch\u1ee5p \u1ea3nh<\/li>\r\n<\/ul>\r\n\r\n\r\n\r\n<p>B\u00ean c\u1ea1nh \u0111\u00f3, b\u1ea1n c\u00f3 th\u1ec3 ph\u1ed1i v\u00e1y c\u00f9ng gi\u00e0y cao g\u00f3t ho\u1eb7c t\u00fai x\u00e1ch nh\u1ecf \u0111\u1ec3 ho\u00e0n thi\u1ec7n outfit.<\/p>\r\n\r\n\r\n\r\n<h2 class=\"wp-block-heading\">Th\u00f4ng tin s\u1ea3n ph\u1ea9m<\/h2>\r\n\r\n\r\n\r\n<ul class=\"wp-block-list\">\r\n<li>T\u00ean s\u1ea3n ph\u1ea9m: \u0110\u1ea7m Xu\u00e2n H\u00e8 d\u00e0i x\u1ebfp ly th\u00e2n tr\u00ean<\/li>\r\n\r\n\r\n\r\n<li>M\u00e0u s\u1eafc: Kem<\/li>\r\n\r\n\r\n\r\n<li>Ki\u1ec3u d\u00e1ng: V\u00e1y d\u00e0i n\u1eef<\/li>\r\n\r\n\r\n\r\n<li>Chi ti\u1ebft: C\u1ed5 l\u1ec7ch vai nh\u1eb9, d\u00e1ng x\u00f2e<\/li>\r\n\r\n\r\n\r\n<li>Phom v\u00e1y: \u00d4m nh\u1eb9 v\u00e0 x\u1ebfp ly ph\u1ea7n th\u00e2n tr\u00ean, x\u00f2e d\u00e0i ph\u1ea7n d\u01b0\u1edbi<\/li>\r\n\r\n\r\n\r\n<li>Phong c\u00e1ch: Thanh l\u1ecbch, t\u1ed1i gi\u1ea3n, sang tr\u1ecdng<\/li>\r\n<\/ul>\r\n\r\n\r\n","protected":false},"excerpt":{"rendered":"<p><strong>\u0110\u1ea7m Xu\u00e2n H\u00e8 d\u00e0i x\u1ebfp ly th\u00e2n tr\u00ean<\/strong> l\u00e0 thi\u1ebft k\u1ebf v\u00e1y mang phong c\u00e1ch thanh l\u1ecbch v\u00e0 nh\u1eb9 nh\u00e0ng. V\u1edbi gam m\u00e0u kem tinh t\u1ebf, chi\u1ebfc v\u00e1y mang l\u1ea1i c\u1ea3m gi\u00e1c d\u1ecbu d\u00e0ng v\u00e0 trang nh\u00e3. V\u00ec v\u1eady, \u0111\u00e2y l\u00e0 l\u1ef1a ch\u1ecdn ho\u00e0n h\u1ea3o cho nh\u1eefng c\u00f4 g\u00e1i y\u00eau phong c\u00e1ch t\u1ed1i gi\u1ea3n nh\u01b0ng v\u1eabn sang tr\u1ecdng.<\/p>\n<p><!-- \/wp:paragraph --><\/p>\n<p><!-- wp:paragraph --><\/p>\n<p>Ph\u1ea7n c\u1ed5 \u0111\u01b0\u1ee3c thi\u1ebft k\u1ebf l\u1ec7ch vai nh\u1eb9, t\u1ea1o \u0111i\u1ec3m nh\u1ea5n m\u1ec1m m\u1ea1i cho t\u1ed5ng th\u1ec3. Chi ti\u1ebft n\u00e0y gi\u00fap tr\u1edf n\u00ean tinh t\u1ebf v\u00e0 cu\u1ed1n h\u00fat h\u01a1n.<\/p>\n","protected":false},"featured_media":181,"comment_status":"open","ping_status":"closed","template":"","meta":[],"product_brand":[],"product_cat":[18],"product_tag":[],"class_list":{"0":"post-180","1":"product","2":"type-product","3":"status-publish","4":"has-post-thumbnail","6":"product_cat-dam","8":"first","9":"instock","10":"sale","11":"shipping-taxable","12":"purchasable","13":"product-type-variable"},"yoast_head":"<!-- This site is optimized with the Yoast SEO plugin v27.1.1 - https:\/\/yoast.com\/product\/yoast-seo-wordpress\/ -->\n<title>\u0110\u1ea7m Xu\u00e2n H\u00e8 d\u00e0i x\u1ebfp ly th\u00e2n tr\u00ean - shopnhis<\/title>\n<meta name=\"description\" content=\"Elegant Muse Dress l\u00e0 v\u00e1y kem d\u00e1ng d\u00e0i thanh l\u1ecbch v\u1edbi thi\u1ebft k\u1ebf l\u1ec7ch vai nh\u1eb9 v\u00e0 ch\u00e2n v\u00e1y x\u00f2e. Ph\u00f9 h\u1ee3p \u0111i d\u1ea1o ph\u1ed1, h\u1eb9n h\u00f2 v\u00e0 d\u1ef1 ti\u1ec7c nh\u1eb9.\" \/>\n<meta name=\"robots\" content=\"index, follow, max-snippet:-1, max-image-preview:large, max-video-preview:-1\" \/>\n<link rel=\"canonical\" href=\"https:\/\/shopnhis.azdigi.shop\/index.php\/product\/dam-xuan-he-dai-xep-ly-than-tren\/\" \/>\n<meta property=\"og:locale\" content=\"vi_VN\" \/>\n<meta property=\"og:type\" content=\"article\" \/>\n<meta property=\"og:title\" content=\"\u0110\u1ea7m Xu\u00e2n H\u00e8 d\u00e0i x\u1ebfp ly th\u00e2n tr\u00ean - shopnhis\" \/>\n<meta property=\"og:description\" content=\"Elegant Muse Dress l\u00e0 v\u00e1y kem d\u00e1ng d\u00e0i thanh l\u1ecbch v\u1edbi thi\u1ebft k\u1ebf l\u1ec7ch vai nh\u1eb9 v\u00e0 ch\u00e2n v\u00e1y x\u00f2e. Ph\u00f9 h\u1ee3p \u0111i d\u1ea1o ph\u1ed1, h\u1eb9n h\u00f2 v\u00e0 d\u1ef1 ti\u1ec7c nh\u1eb9.\" \/>\n<meta property=\"og:url\" content=\"https:\/\/shopnhis.azdigi.shop\/index.php\/product\/dam-xuan-he-dai-xep-ly-than-tren\/\" \/>\n<meta property=\"og:site_name\" content=\"shopnhis\" \/>\n<meta property=\"article:modified_time\" content=\"2026-04-21T16:57:59+00:00\" \/>\n<meta property=\"og:image\" content=\"https:\/\/shopnhis.azdigi.shop\/wp-content\/uploads\/2026\/04\/z7687621298322_2d589d9cf54ca599013addd0536da305.jpg\" \/>\n\t<meta property=\"og:image:width\" content=\"584\" \/>\n\t<meta property=\"og:image:height\" content=\"861\" \/>\n\t<meta property=\"og:image:type\" content=\"image\/jpeg\" \/>\n<meta name=\"twitter:card\" content=\"summary_large_image\" \/>\n<meta name=\"twitter:label1\" content=\"\u01af\u1edbc t\u00ednh th\u1eddi gian \u0111\u1ecdc\" \/>\n\t<meta name=\"twitter:data1\" content=\"2 ph\u00fat\" \/>\n<script type=\"application\/ld+json\" class=\"yoast-schema-graph\">{\"@context\":\"https:\/\/schema.org\",\"@graph\":[{\"@type\":\"WebPage\",\"@id\":\"https:\/\/shopnhis.azdigi.shop\/index.php\/product\/dam-xuan-he-dai-xep-ly-than-tren\/\",\"url\":\"https:\/\/shopnhis.azdigi.shop\/index.php\/product\/dam-xuan-he-dai-xep-ly-than-tren\/\",\"name\":\"\u0110\u1ea7m Xu\u00e2n H\u00e8 d\u00e0i x\u1ebfp ly th\u00e2n tr\u00ean - shopnhis\",\"isPartOf\":{\"@id\":\"https:\/\/shopnhis.azdigi.shop\/#website\"},\"primaryImageOfPage\":{\"@id\":\"https:\/\/shopnhis.azdigi.shop\/index.php\/product\/dam-xuan-he-dai-xep-ly-than-tren\/#primaryimage\"},\"image\":{\"@id\":\"https:\/\/shopnhis.azdigi.shop\/index.php\/product\/dam-xuan-he-dai-xep-ly-than-tren\/#primaryimage\"},\"thumbnailUrl\":\"https:\/\/shopnhis.azdigi.shop\/wp-content\/uploads\/2026\/04\/z7687621298322_2d589d9cf54ca599013addd0536da305.jpg\",\"datePublished\":\"2026-04-03T09:17:38+00:00\",\"dateModified\":\"2026-04-21T16:57:59+00:00\",\"description\":\"Elegant Muse Dress l\u00e0 v\u00e1y kem d\u00e1ng d\u00e0i thanh l\u1ecbch v\u1edbi thi\u1ebft k\u1ebf l\u1ec7ch vai nh\u1eb9 v\u00e0 ch\u00e2n v\u00e1y x\u00f2e. Ph\u00f9 h\u1ee3p \u0111i d\u1ea1o ph\u1ed1, h\u1eb9n h\u00f2 v\u00e0 d\u1ef1 ti\u1ec7c nh\u1eb9.\",\"breadcrumb\":{\"@id\":\"https:\/\/shopnhis.azdigi.shop\/index.php\/product\/dam-xuan-he-dai-xep-ly-than-tren\/#breadcrumb\"},\"inLanguage\":\"vi\",\"potentialAction\":[{\"@type\":\"ReadAction\",\"target\":[\"https:\/\/shopnhis.azdigi.shop\/index.php\/product\/dam-xuan-he-dai-xep-ly-than-tren\/\"]}]},{\"@type\":\"ImageObject\",\"inLanguage\":\"vi\",\"@id\":\"https:\/\/shopnhis.azdigi.shop\/index.php\/product\/dam-xuan-he-dai-xep-ly-than-tren\/#primaryimage\",\"url\":\"https:\/\/shopnhis.azdigi.shop\/wp-content\/uploads\/2026\/04\/z7687621298322_2d589d9cf54ca599013addd0536da305.jpg\",\"contentUrl\":\"https:\/\/shopnhis.azdigi.shop\/wp-content\/uploads\/2026\/04\/z7687621298322_2d589d9cf54ca599013addd0536da305.jpg\",\"width\":584,\"height\":861},{\"@type\":\"BreadcrumbList\",\"@id\":\"https:\/\/shopnhis.azdigi.shop\/index.php\/product\/dam-xuan-he-dai-xep-ly-than-tren\/#breadcrumb\",\"itemListElement\":[{\"@type\":\"ListItem\",\"position\":1,\"name\":\"Home\",\"item\":\"https:\/\/shopnhis.azdigi.shop\/\"},{\"@type\":\"ListItem\",\"position\":2,\"name\":\"Shop\",\"item\":\"https:\/\/shopnhis.azdigi.shop\/index.php\/shop\/\"},{\"@type\":\"ListItem\",\"position\":3,\"name\":\"\u0110\u1ea7m Xu\u00e2n H\u00e8 d\u00e0i x\u1ebfp ly th\u00e2n tr\u00ean\"}]},{\"@type\":\"WebSite\",\"@id\":\"https:\/\/shopnhis.azdigi.shop\/#website\",\"url\":\"https:\/\/shopnhis.azdigi.shop\/\",\"name\":\"shopnhis\",\"description\":\"\",\"publisher\":{\"@id\":\"https:\/\/shopnhis.azdigi.shop\/#\/schema\/person\/c92d877cb93cb82d7aadcb9314758e29\"},\"potentialAction\":[{\"@type\":\"SearchAction\",\"target\":{\"@type\":\"EntryPoint\",\"urlTemplate\":\"https:\/\/shopnhis.azdigi.shop\/?s={search_term_string}\"},\"query-input\":{\"@type\":\"PropertyValueSpecification\",\"valueRequired\":true,\"valueName\":\"search_term_string\"}}],\"inLanguage\":\"vi\"},{\"@type\":[\"Person\",\"Organization\"],\"@id\":\"https:\/\/shopnhis.azdigi.shop\/#\/schema\/person\/c92d877cb93cb82d7aadcb9314758e29\",\"name\":\"qrlgobfk\",\"image\":{\"@type\":\"ImageObject\",\"inLanguage\":\"vi\",\"@id\":\"https:\/\/shopnhis.azdigi.shop\/#\/schema\/person\/image\/\",\"url\":\"https:\/\/shopnhis.azdigi.shop\/wp-content\/uploads\/2026\/03\/ChatGPT-Image-16_25_42-26-thg-2-2026.png\",\"contentUrl\":\"https:\/\/shopnhis.azdigi.shop\/wp-content\/uploads\/2026\/03\/ChatGPT-Image-16_25_42-26-thg-2-2026.png\",\"width\":1536,\"height\":1024,\"caption\":\"qrlgobfk\"},\"logo\":{\"@id\":\"https:\/\/shopnhis.azdigi.shop\/#\/schema\/person\/image\/\"},\"sameAs\":[\"https:\/\/shopnhis.azdigi.shop\"]}]}<\/script>\n<!-- \/ Yoast SEO plugin. -->","yoast_head_json":{"title":"\u0110\u1ea7m Xu\u00e2n H\u00e8 d\u00e0i x\u1ebfp ly th\u00e2n tr\u00ean - shopnhis","description":"Elegant Muse Dress l\u00e0 v\u00e1y kem d\u00e1ng d\u00e0i thanh l\u1ecbch v\u1edbi thi\u1ebft k\u1ebf l\u1ec7ch vai nh\u1eb9 v\u00e0 ch\u00e2n v\u00e1y x\u00f2e. Ph\u00f9 h\u1ee3p \u0111i d\u1ea1o ph\u1ed1, h\u1eb9n h\u00f2 v\u00e0 d\u1ef1 ti\u1ec7c nh\u1eb9.","robots":{"index":"index","follow":"follow","max-snippet":"max-snippet:-1","max-image-preview":"max-image-preview:large","max-video-preview":"max-video-preview:-1"},"canonical":"https:\/\/shopnhis.azdigi.shop\/index.php\/product\/dam-xuan-he-dai-xep-ly-than-tren\/","og_locale":"vi_VN","og_type":"article","og_title":"\u0110\u1ea7m Xu\u00e2n H\u00e8 d\u00e0i x\u1ebfp ly th\u00e2n tr\u00ean - shopnhis","og_description":"Elegant Muse Dress l\u00e0 v\u00e1y kem d\u00e1ng d\u00e0i thanh l\u1ecbch v\u1edbi thi\u1ebft k\u1ebf l\u1ec7ch vai nh\u1eb9 v\u00e0 ch\u00e2n v\u00e1y x\u00f2e. Ph\u00f9 h\u1ee3p \u0111i d\u1ea1o ph\u1ed1, h\u1eb9n h\u00f2 v\u00e0 d\u1ef1 ti\u1ec7c nh\u1eb9.","og_url":"https:\/\/shopnhis.azdigi.shop\/index.php\/product\/dam-xuan-he-dai-xep-ly-than-tren\/","og_site_name":"shopnhis","article_modified_time":"2026-04-21T16:57:59+00:00","og_image":[{"width":584,"height":861,"url":"https:\/\/shopnhis.azdigi.shop\/wp-content\/uploads\/2026\/04\/z7687621298322_2d589d9cf54ca599013addd0536da305.jpg","type":"image\/jpeg"}],"twitter_card":"summary_large_image","twitter_misc":{"\u01af\u1edbc t\u00ednh th\u1eddi gian \u0111\u1ecdc":"2 ph\u00fat"},"schema":{"@context":"https:\/\/schema.org","@graph":[{"@type":"WebPage","@id":"https:\/\/shopnhis.azdigi.shop\/index.php\/product\/dam-xuan-he-dai-xep-ly-than-tren\/","url":"https:\/\/shopnhis.azdigi.shop\/index.php\/product\/dam-xuan-he-dai-xep-ly-than-tren\/","name":"\u0110\u1ea7m Xu\u00e2n H\u00e8 d\u00e0i x\u1ebfp ly th\u00e2n tr\u00ean - shopnhis","isPartOf":{"@id":"https:\/\/shopnhis.azdigi.shop\/#website"},"primaryImageOfPage":{"@id":"https:\/\/shopnhis.azdigi.shop\/index.php\/product\/dam-xuan-he-dai-xep-ly-than-tren\/#primaryimage"},"image":{"@id":"https:\/\/shopnhis.azdigi.shop\/index.php\/product\/dam-xuan-he-dai-xep-ly-than-tren\/#primaryimage"},"thumbnailUrl":"https:\/\/shopnhis.azdigi.shop\/wp-content\/uploads\/2026\/04\/z7687621298322_2d589d9cf54ca599013addd0536da305.jpg","datePublished":"2026-04-03T09:17:38+00:00","dateModified":"2026-04-21T16:57:59+00:00","description":"Elegant Muse Dress l\u00e0 v\u00e1y kem d\u00e1ng d\u00e0i thanh l\u1ecbch v\u1edbi thi\u1ebft k\u1ebf l\u1ec7ch vai nh\u1eb9 v\u00e0 ch\u00e2n v\u00e1y x\u00f2e. Ph\u00f9 h\u1ee3p \u0111i d\u1ea1o ph\u1ed1, h\u1eb9n h\u00f2 v\u00e0 d\u1ef1 ti\u1ec7c nh\u1eb9.","breadcrumb":{"@id":"https:\/\/shopnhis.azdigi.shop\/index.php\/product\/dam-xuan-he-dai-xep-ly-than-tren\/#breadcrumb"},"inLanguage":"vi","potentialAction":[{"@type":"ReadAction","target":["https:\/\/shopnhis.azdigi.shop\/index.php\/product\/dam-xuan-he-dai-xep-ly-than-tren\/"]}]},{"@type":"ImageObject","inLanguage":"vi","@id":"https:\/\/shopnhis.azdigi.shop\/index.php\/product\/dam-xuan-he-dai-xep-ly-than-tren\/#primaryimage","url":"https:\/\/shopnhis.azdigi.shop\/wp-content\/uploads\/2026\/04\/z7687621298322_2d589d9cf54ca599013addd0536da305.jpg","contentUrl":"https:\/\/shopnhis.azdigi.shop\/wp-content\/uploads\/2026\/04\/z7687621298322_2d589d9cf54ca599013addd0536da305.jpg","width":584,"height":861},{"@type":"BreadcrumbList","@id":"https:\/\/shopnhis.azdigi.shop\/index.php\/product\/dam-xuan-he-dai-xep-ly-than-tren\/#breadcrumb","itemListElement":[{"@type":"ListItem","position":1,"name":"Home","item":"https:\/\/shopnhis.azdigi.shop\/"},{"@type":"ListItem","position":2,"name":"Shop","item":"https:\/\/shopnhis.azdigi.shop\/index.php\/shop\/"},{"@type":"ListItem","position":3,"name":"\u0110\u1ea7m Xu\u00e2n H\u00e8 d\u00e0i x\u1ebfp ly th\u00e2n tr\u00ean"}]},{"@type":"WebSite","@id":"https:\/\/shopnhis.azdigi.shop\/#website","url":"https:\/\/shopnhis.azdigi.shop\/","name":"shopnhis","description":"","publisher":{"@id":"https:\/\/shopnhis.azdigi.shop\/#\/schema\/person\/c92d877cb93cb82d7aadcb9314758e29"},"potentialAction":[{"@type":"SearchAction","target":{"@type":"EntryPoint","urlTemplate":"https:\/\/shopnhis.azdigi.shop\/?s={search_term_string}"},"query-input":{"@type":"PropertyValueSpecification","valueRequired":true,"valueName":"search_term_string"}}],"inLanguage":"vi"},{"@type":["Person","Organization"],"@id":"https:\/\/shopnhis.azdigi.shop\/#\/schema\/person\/c92d877cb93cb82d7aadcb9314758e29","name":"qrlgobfk","image":{"@type":"ImageObject","inLanguage":"vi","@id":"https:\/\/shopnhis.azdigi.shop\/#\/schema\/person\/image\/","url":"https:\/\/shopnhis.azdigi.shop\/wp-content\/uploads\/2026\/03\/ChatGPT-Image-16_25_42-26-thg-2-2026.png","contentUrl":"https:\/\/shopnhis.azdigi.shop\/wp-content\/uploads\/2026\/03\/ChatGPT-Image-16_25_42-26-thg-2-2026.png","width":1536,"height":1024,"caption":"qrlgobfk"},"logo":{"@id":"https:\/\/shopnhis.azdigi.shop\/#\/schema\/person\/image\/"},"sameAs":["https:\/\/shopnhis.azdigi.shop"]}]}},"_links":{"self":[{"href":"https:\/\/shopnhis.azdigi.shop\/index.php\/wp-json\/wp\/v2\/product\/180","targetHints":{"allow":["GET"]}}],"collection":[{"href":"https:\/\/shopnhis.azdigi.shop\/index.php\/wp-json\/wp\/v2\/product"}],"about":[{"href":"https:\/\/shopnhis.azdigi.shop\/index.php\/wp-json\/wp\/v2\/types\/product"}],"replies":[{"embeddable":true,"href":"https:\/\/shopnhis.azdigi.shop\/index.php\/wp-json\/wp\/v2\/comments?post=180"}],"wp:featuredmedia":[{"embeddable":true,"href":"https:\/\/shopnhis.azdigi.shop\/index.php\/wp-json\/wp\/v2\/media\/181"}],"wp:attachment":[{"href":"https:\/\/shopnhis.azdigi.shop\/index.php\/wp-json\/wp\/v2\/media?parent=180"}],"wp:term":[{"taxonomy":"product_brand","embeddable":true,"href":"https:\/\/shopnhis.azdigi.shop\/index.php\/wp-json\/wp\/v2\/product_brand?post=180"},{"taxonomy":"product_cat","embeddable":true,"href":"https:\/\/shopnhis.azdigi.shop\/index.php\/wp-json\/wp\/v2\/product_cat?post=180"},{"taxonomy":"product_tag","embeddable":true,"href":"https:\/\/shopnhis.azdigi.shop\/index.php\/wp-json\/wp\/v2\/product_tag?post=180"}],"curies":[{"name":"wp","href":"https:\/\/api.w.org\/{rel}","templated":true}]}}