{"id":204,"date":"2026-04-05T06:09:01","date_gmt":"2026-04-05T06:09:01","guid":{"rendered":"https:\/\/shopnhis.azdigi.shop\/?post_type=product&#038;p=204"},"modified":"2026-04-21T16:45:41","modified_gmt":"2026-04-21T16:45:41","slug":"chan-vay-dai-to-phoi-vat-ngan-ben-trong","status":"publish","type":"product","link":"https:\/\/shopnhis.azdigi.shop\/index.php\/product\/chan-vay-dai-to-phoi-vat-ngan-ben-trong\/","title":{"rendered":"Ch\u00e2n v\u00e1y d\u00e0i t\u01a1 ph\u1ed1i v\u1ea1t ng\u1eafn b\u00ean trong"},"content":{"rendered":"<h3 data-section-id=\"1u9raz0\" data-start=\"501\" data-end=\"537\"><span role=\"text\"><strong data-start=\"505\" data-end=\"537\">Thi\u1ebft k\u1ebf \u0111\u1ed9c \u0111\u00e1o v\u00e0 t\u00f4n d\u00e1ng<\/strong><\/span><\/h3>\r\n<p data-start=\"539\" data-end=\"787\">\u0110i\u1ec3m n\u1ed5i b\u1eadt c\u1ee7a ch\u00e2n v\u00e1y n\u1eb1m \u1edf c\u1ea5u tr\u00fac hai l\u1edbp tinh t\u1ebf. L\u1edbp v\u00e1y d\u00e0i b\u00ean ngo\u00e0i b\u1eb1ng ch\u1ea5t li\u1ec7u t\u01a1 nh\u1eb9 nh\u00e0ng t\u1ea1o hi\u1ec7u \u1ee9ng bay b\u1ed5ng. Trong khi \u0111\u00f3, l\u1edbp v\u1ea1t ng\u1eafn b\u00ean trong gi\u00fap t\u1ed5ng th\u1ec3 tr\u1edf n\u00ean hi\u1ec7n \u0111\u1ea1i v\u00e0 th\u1eddi trang h\u01a1n.<\/p>\r\n<p data-start=\"789\" data-end=\"934\">Ngo\u00e0i ra, thi\u1ebft k\u1ebf \u00f4m nh\u1eb9 ph\u1ea7n h\u00f4ng gi\u00fap t\u00f4n d\u00e1ng m\u1ed9t c\u00e1ch t\u1ef1 nhi\u00ean. Nh\u1edd v\u1eady, chi\u1ebfc v\u00e1y mang l\u1ea1i c\u1ea3m gi\u00e1c thon g\u1ecdn nh\u01b0ng v\u1eabn gi\u1eef \u0111\u01b0\u1ee3c s\u1ef1 m\u1ec1m m\u1ea1i.<\/p>\r\n<h3 data-section-id=\"8qktaj\" data-start=\"941\" data-end=\"979\"><span role=\"text\"><strong data-start=\"945\" data-end=\"979\">Ch\u1ea5t li\u1ec7u nh\u1eb9 nh\u00e0ng, tho\u1ea3i m\u00e1i<\/strong><\/span><\/h3>\r\n<p data-start=\"981\" data-end=\"1112\">Ch\u00e2n v\u00e1y s\u1eed d\u1ee5ng ch\u1ea5t li\u1ec7u t\u01a1 cao c\u1ea5p, m\u1ec1m m\u1ea1i v\u00e0 tho\u00e1ng m\u00e1t. V\u00ec th\u1ebf, ng\u01b0\u1eddi m\u1eb7c lu\u00f4n c\u1ea3m th\u1ea5y d\u1ec5 ch\u1ecbu trong su\u1ed1t qu\u00e1 tr\u00ecnh s\u1eed d\u1ee5ng.<\/p>\r\n<p data-start=\"1114\" data-end=\"1212\">B\u00ean c\u1ea1nh \u0111\u00f3, l\u1edbp v\u00e1y trong \u0111\u01b0\u1ee3c thi\u1ebft k\u1ebf v\u1eeba v\u1eb7n, gi\u00fap \u0111\u1ea3m b\u1ea3o s\u1ef1 k\u00edn \u0111\u00e1o v\u00e0 t\u1ef1 tin khi di chuy\u1ec3n.<\/p>\r\n<h3 data-section-id=\"danyik\" data-start=\"1219\" data-end=\"1248\"><span role=\"text\"><strong data-start=\"1223\" data-end=\"1248\">Ph\u00f9 h\u1ee3p cho nhi\u1ec1u d\u1ecbp<\/strong><\/span><\/h3>\r\n<p data-start=\"1250\" data-end=\"1338\">B\u1ea1n c\u00f3 th\u1ec3 di\u1ec7n trong nhi\u1ec1u ho\u00e0n c\u1ea3nh kh\u00e1c nhau:<\/p>\r\n<ul data-start=\"1340\" data-end=\"1420\">\r\n<li data-section-id=\"mn80sy\" data-start=\"1340\" data-end=\"1354\">\u0110i d\u1ea1o ph\u1ed1<\/li>\r\n<li data-section-id=\"1cveve8\" data-start=\"1355\" data-end=\"1366\">\u0110i cafe<\/li>\r\n<li data-section-id=\"1ltcwgd\" data-start=\"1367\" data-end=\"1377\">H\u1eb9n h\u00f2<\/li>\r\n<li data-section-id=\"1c7l98z\" data-start=\"1378\" data-end=\"1390\">Ch\u1ee5p \u1ea3nh<\/li>\r\n<li data-section-id=\"1i2oifo\" data-start=\"1391\" data-end=\"1420\">Tham d\u1ef1 s\u1ef1 ki\u1ec7n nh\u1eb9 nh\u00e0ng<\/li>\r\n<\/ul>\r\n<p data-start=\"1422\" data-end=\"1520\">Ngo\u00e0i ra, b\u1ea1n c\u00f3 th\u1ec3 k\u1ebft h\u1ee3p c\u00f9ng \u00e1o ki\u1ec3u ho\u1eb7c \u00e1o corset \u0111\u1ec3 t\u1ea1o n\u00ean outfit thanh l\u1ecbch v\u00e0 cu\u1ed1n h\u00fat.<\/p>\r\n<h3 data-section-id=\"16zoqja\" data-start=\"1527\" data-end=\"1553\"><span role=\"text\"><strong data-start=\"1531\" data-end=\"1553\">Th\u00f4ng tin s\u1ea3n ph\u1ea9m<\/strong><\/span><\/h3>\r\n<ul data-start=\"1555\" data-end=\"1806\">\r\n<li data-section-id=\"1wq6kjg\" data-start=\"1555\" data-end=\"1612\">T\u00ean s\u1ea3n ph\u1ea9m: Ch\u00e2n v\u00e1y d\u00e0i t\u01a1 ph\u1ed1i v\u1ea1t ng\u1eafn b\u00ean trong<\/li>\r\n<li data-section-id=\"oryb05\" data-start=\"1613\" data-end=\"1631\">M\u00e0u s\u1eafc: Tr\u1eafng<\/li>\r\n<li data-section-id=\"166qefj\" data-start=\"1632\" data-end=\"1662\">Ki\u1ec3u d\u00e1ng: Ch\u00e2n v\u00e1y d\u00e0i n\u1eef<\/li>\r\n<li data-section-id=\"1nmc2ff\" data-start=\"1663\" data-end=\"1684\">Ch\u1ea5t li\u1ec7u: T\u01a1 m\u1ec1m<\/li>\r\n<li data-section-id=\"koivle\" data-start=\"1685\" data-end=\"1724\">Chi ti\u1ebft: 2 l\u1edbp, v\u1ea1t ng\u1eafn b\u00ean trong<\/li>\r\n<li data-section-id=\"14jn5un\" data-start=\"1725\" data-end=\"1760\">Phom v\u00e1y: \u00d4m nh\u1eb9, d\u00e0i th\u01b0\u1edbt tha<\/li>\r\n<li data-section-id=\"12i0wil\" data-start=\"1761\" data-end=\"1806\">Phong c\u00e1ch: Thanh l\u1ecbch, n\u1eef t\u00ednh, hi\u1ec7n \u0111\u1ea1i<\/li>\r\n<\/ul>\r\n<p data-start=\"1422\" data-end=\"1520\"><\/p>\r\n<p data-start=\"1422\" data-end=\"1520\"><\/p>","protected":false},"excerpt":{"rendered":"<p><strong>Ch\u00e2n v\u00e1y d\u00e0i t\u01a1 ph\u1ed1i v\u1ea1t ng\u1eafn b\u00ean trong<\/strong> l\u00e0 thi\u1ebft k\u1ebf mang v\u1ebb \u0111\u1eb9p nh\u1eb9 nh\u00e0ng v\u00e0 thanh tho\u00e1t. V\u1edbi ch\u1ea5t li\u1ec7u t\u01a1 m\u1ec1m m\u1ea1i c\u00f9ng gam m\u00e0u tr\u1eafng tinh kh\u00f4i, s\u1ea3n ph\u1ea9m gi\u00fap t\u00f4n l\u00ean s\u1ef1 n\u1eef t\u00ednh v\u00e0 tinh t\u1ebf cho ng\u01b0\u1eddi m\u1eb7c. V\u00ec v\u1eady, \u0111\u00e2y l\u00e0 l\u1ef1a ch\u1ecdn ho\u00e0n h\u1ea3o cho nh\u1eefng c\u00f4 g\u00e1i y\u00eau phong c\u00e1ch thanh l\u1ecbch.<\/p>\n","protected":false},"featured_media":205,"comment_status":"open","ping_status":"closed","template":"","meta":[],"product_brand":[],"product_cat":[20],"product_tag":[],"class_list":{"0":"post-204","1":"product","2":"type-product","3":"status-publish","4":"has-post-thumbnail","6":"product_cat-chan-vay","8":"first","9":"instock","10":"shipping-taxable","11":"purchasable","12":"product-type-variable"},"yoast_head":"<!-- This site is optimized with the Yoast SEO plugin v27.1.1 - https:\/\/yoast.com\/product\/yoast-seo-wordpress\/ -->\n<title>Ch\u00e2n v\u00e1y d\u00e0i t\u01a1 ph\u1ed1i v\u1ea1t ng\u1eafn b\u00ean trong - shopnhis<\/title>\n<meta name=\"description\" content=\"Ch\u00e2n v\u00e1y d\u00e0i t\u01a1 ph\u1ed1i v\u1ea1t ng\u1eafn b\u00ean trong thi\u1ebft k\u1ebf 2 l\u1edbp nh\u1eb9 nh\u00e0ng, bay b\u1ed5ng v\u00e0 t\u00f4n d\u00e1ng. Ph\u00f9 h\u1ee3p \u0111i d\u1ea1o ph\u1ed1, h\u1eb9n h\u00f2 v\u00e0 ch\u1ee5p \u1ea3nh.\" \/>\n<meta name=\"robots\" content=\"index, follow, max-snippet:-1, max-image-preview:large, max-video-preview:-1\" \/>\n<link rel=\"canonical\" href=\"https:\/\/shopnhis.azdigi.shop\/index.php\/product\/chan-vay-dai-to-phoi-vat-ngan-ben-trong\/\" \/>\n<meta property=\"og:locale\" content=\"vi_VN\" \/>\n<meta property=\"og:type\" content=\"article\" \/>\n<meta property=\"og:title\" content=\"Ch\u00e2n v\u00e1y d\u00e0i t\u01a1 ph\u1ed1i v\u1ea1t ng\u1eafn b\u00ean trong - shopnhis\" \/>\n<meta property=\"og:description\" content=\"Ch\u00e2n v\u00e1y d\u00e0i t\u01a1 ph\u1ed1i v\u1ea1t ng\u1eafn b\u00ean trong thi\u1ebft k\u1ebf 2 l\u1edbp nh\u1eb9 nh\u00e0ng, bay b\u1ed5ng v\u00e0 t\u00f4n d\u00e1ng. Ph\u00f9 h\u1ee3p \u0111i d\u1ea1o ph\u1ed1, h\u1eb9n h\u00f2 v\u00e0 ch\u1ee5p \u1ea3nh.\" \/>\n<meta property=\"og:url\" content=\"https:\/\/shopnhis.azdigi.shop\/index.php\/product\/chan-vay-dai-to-phoi-vat-ngan-ben-trong\/\" \/>\n<meta property=\"og:site_name\" content=\"shopnhis\" \/>\n<meta property=\"article:modified_time\" content=\"2026-04-21T16:45:41+00:00\" \/>\n<meta property=\"og:image\" content=\"https:\/\/shopnhis.azdigi.shop\/wp-content\/uploads\/2026\/04\/z7693275484193_9d2b980f5452a7f4f5ff102f6882b115.jpg\" \/>\n\t<meta property=\"og:image:width\" content=\"621\" \/>\n\t<meta property=\"og:image:height\" content=\"933\" \/>\n\t<meta property=\"og:image:type\" content=\"image\/jpeg\" \/>\n<meta name=\"twitter:card\" content=\"summary_large_image\" \/>\n<meta name=\"twitter:label1\" content=\"\u01af\u1edbc t\u00ednh th\u1eddi gian \u0111\u1ecdc\" \/>\n\t<meta name=\"twitter:data1\" content=\"2 ph\u00fat\" \/>\n<script type=\"application\/ld+json\" class=\"yoast-schema-graph\">{\"@context\":\"https:\/\/schema.org\",\"@graph\":[{\"@type\":\"WebPage\",\"@id\":\"https:\/\/shopnhis.azdigi.shop\/index.php\/product\/chan-vay-dai-to-phoi-vat-ngan-ben-trong\/\",\"url\":\"https:\/\/shopnhis.azdigi.shop\/index.php\/product\/chan-vay-dai-to-phoi-vat-ngan-ben-trong\/\",\"name\":\"Ch\u00e2n v\u00e1y d\u00e0i t\u01a1 ph\u1ed1i v\u1ea1t ng\u1eafn b\u00ean trong - shopnhis\",\"isPartOf\":{\"@id\":\"https:\/\/shopnhis.azdigi.shop\/#website\"},\"primaryImageOfPage\":{\"@id\":\"https:\/\/shopnhis.azdigi.shop\/index.php\/product\/chan-vay-dai-to-phoi-vat-ngan-ben-trong\/#primaryimage\"},\"image\":{\"@id\":\"https:\/\/shopnhis.azdigi.shop\/index.php\/product\/chan-vay-dai-to-phoi-vat-ngan-ben-trong\/#primaryimage\"},\"thumbnailUrl\":\"https:\/\/shopnhis.azdigi.shop\/wp-content\/uploads\/2026\/04\/z7693275484193_9d2b980f5452a7f4f5ff102f6882b115.jpg\",\"datePublished\":\"2026-04-05T06:09:01+00:00\",\"dateModified\":\"2026-04-21T16:45:41+00:00\",\"description\":\"Ch\u00e2n v\u00e1y d\u00e0i t\u01a1 ph\u1ed1i v\u1ea1t ng\u1eafn b\u00ean trong thi\u1ebft k\u1ebf 2 l\u1edbp nh\u1eb9 nh\u00e0ng, bay b\u1ed5ng v\u00e0 t\u00f4n d\u00e1ng. Ph\u00f9 h\u1ee3p \u0111i d\u1ea1o ph\u1ed1, h\u1eb9n h\u00f2 v\u00e0 ch\u1ee5p \u1ea3nh.\",\"breadcrumb\":{\"@id\":\"https:\/\/shopnhis.azdigi.shop\/index.php\/product\/chan-vay-dai-to-phoi-vat-ngan-ben-trong\/#breadcrumb\"},\"inLanguage\":\"vi\",\"potentialAction\":[{\"@type\":\"ReadAction\",\"target\":[\"https:\/\/shopnhis.azdigi.shop\/index.php\/product\/chan-vay-dai-to-phoi-vat-ngan-ben-trong\/\"]}]},{\"@type\":\"ImageObject\",\"inLanguage\":\"vi\",\"@id\":\"https:\/\/shopnhis.azdigi.shop\/index.php\/product\/chan-vay-dai-to-phoi-vat-ngan-ben-trong\/#primaryimage\",\"url\":\"https:\/\/shopnhis.azdigi.shop\/wp-content\/uploads\/2026\/04\/z7693275484193_9d2b980f5452a7f4f5ff102f6882b115.jpg\",\"contentUrl\":\"https:\/\/shopnhis.azdigi.shop\/wp-content\/uploads\/2026\/04\/z7693275484193_9d2b980f5452a7f4f5ff102f6882b115.jpg\",\"width\":621,\"height\":933},{\"@type\":\"BreadcrumbList\",\"@id\":\"https:\/\/shopnhis.azdigi.shop\/index.php\/product\/chan-vay-dai-to-phoi-vat-ngan-ben-trong\/#breadcrumb\",\"itemListElement\":[{\"@type\":\"ListItem\",\"position\":1,\"name\":\"Home\",\"item\":\"https:\/\/shopnhis.azdigi.shop\/\"},{\"@type\":\"ListItem\",\"position\":2,\"name\":\"Shop\",\"item\":\"https:\/\/shopnhis.azdigi.shop\/index.php\/shop\/\"},{\"@type\":\"ListItem\",\"position\":3,\"name\":\"Ch\u00e2n v\u00e1y d\u00e0i t\u01a1 ph\u1ed1i v\u1ea1t ng\u1eafn b\u00ean trong\"}]},{\"@type\":\"WebSite\",\"@id\":\"https:\/\/shopnhis.azdigi.shop\/#website\",\"url\":\"https:\/\/shopnhis.azdigi.shop\/\",\"name\":\"shopnhis\",\"description\":\"\",\"publisher\":{\"@id\":\"https:\/\/shopnhis.azdigi.shop\/#\/schema\/person\/c92d877cb93cb82d7aadcb9314758e29\"},\"potentialAction\":[{\"@type\":\"SearchAction\",\"target\":{\"@type\":\"EntryPoint\",\"urlTemplate\":\"https:\/\/shopnhis.azdigi.shop\/?s={search_term_string}\"},\"query-input\":{\"@type\":\"PropertyValueSpecification\",\"valueRequired\":true,\"valueName\":\"search_term_string\"}}],\"inLanguage\":\"vi\"},{\"@type\":[\"Person\",\"Organization\"],\"@id\":\"https:\/\/shopnhis.azdigi.shop\/#\/schema\/person\/c92d877cb93cb82d7aadcb9314758e29\",\"name\":\"qrlgobfk\",\"image\":{\"@type\":\"ImageObject\",\"inLanguage\":\"vi\",\"@id\":\"https:\/\/shopnhis.azdigi.shop\/#\/schema\/person\/image\/\",\"url\":\"https:\/\/shopnhis.azdigi.shop\/wp-content\/uploads\/2026\/03\/ChatGPT-Image-16_25_42-26-thg-2-2026.png\",\"contentUrl\":\"https:\/\/shopnhis.azdigi.shop\/wp-content\/uploads\/2026\/03\/ChatGPT-Image-16_25_42-26-thg-2-2026.png\",\"width\":1536,\"height\":1024,\"caption\":\"qrlgobfk\"},\"logo\":{\"@id\":\"https:\/\/shopnhis.azdigi.shop\/#\/schema\/person\/image\/\"},\"sameAs\":[\"https:\/\/shopnhis.azdigi.shop\"]}]}<\/script>\n<!-- \/ Yoast SEO plugin. -->","yoast_head_json":{"title":"Ch\u00e2n v\u00e1y d\u00e0i t\u01a1 ph\u1ed1i v\u1ea1t ng\u1eafn b\u00ean trong - shopnhis","description":"Ch\u00e2n v\u00e1y d\u00e0i t\u01a1 ph\u1ed1i v\u1ea1t ng\u1eafn b\u00ean trong thi\u1ebft k\u1ebf 2 l\u1edbp nh\u1eb9 nh\u00e0ng, bay b\u1ed5ng v\u00e0 t\u00f4n d\u00e1ng. Ph\u00f9 h\u1ee3p \u0111i d\u1ea1o ph\u1ed1, h\u1eb9n h\u00f2 v\u00e0 ch\u1ee5p \u1ea3nh.","robots":{"index":"index","follow":"follow","max-snippet":"max-snippet:-1","max-image-preview":"max-image-preview:large","max-video-preview":"max-video-preview:-1"},"canonical":"https:\/\/shopnhis.azdigi.shop\/index.php\/product\/chan-vay-dai-to-phoi-vat-ngan-ben-trong\/","og_locale":"vi_VN","og_type":"article","og_title":"Ch\u00e2n v\u00e1y d\u00e0i t\u01a1 ph\u1ed1i v\u1ea1t ng\u1eafn b\u00ean trong - shopnhis","og_description":"Ch\u00e2n v\u00e1y d\u00e0i t\u01a1 ph\u1ed1i v\u1ea1t ng\u1eafn b\u00ean trong thi\u1ebft k\u1ebf 2 l\u1edbp nh\u1eb9 nh\u00e0ng, bay b\u1ed5ng v\u00e0 t\u00f4n d\u00e1ng. Ph\u00f9 h\u1ee3p \u0111i d\u1ea1o ph\u1ed1, h\u1eb9n h\u00f2 v\u00e0 ch\u1ee5p \u1ea3nh.","og_url":"https:\/\/shopnhis.azdigi.shop\/index.php\/product\/chan-vay-dai-to-phoi-vat-ngan-ben-trong\/","og_site_name":"shopnhis","article_modified_time":"2026-04-21T16:45:41+00:00","og_image":[{"width":621,"height":933,"url":"https:\/\/shopnhis.azdigi.shop\/wp-content\/uploads\/2026\/04\/z7693275484193_9d2b980f5452a7f4f5ff102f6882b115.jpg","type":"image\/jpeg"}],"twitter_card":"summary_large_image","twitter_misc":{"\u01af\u1edbc t\u00ednh th\u1eddi gian \u0111\u1ecdc":"2 ph\u00fat"},"schema":{"@context":"https:\/\/schema.org","@graph":[{"@type":"WebPage","@id":"https:\/\/shopnhis.azdigi.shop\/index.php\/product\/chan-vay-dai-to-phoi-vat-ngan-ben-trong\/","url":"https:\/\/shopnhis.azdigi.shop\/index.php\/product\/chan-vay-dai-to-phoi-vat-ngan-ben-trong\/","name":"Ch\u00e2n v\u00e1y d\u00e0i t\u01a1 ph\u1ed1i v\u1ea1t ng\u1eafn b\u00ean trong - shopnhis","isPartOf":{"@id":"https:\/\/shopnhis.azdigi.shop\/#website"},"primaryImageOfPage":{"@id":"https:\/\/shopnhis.azdigi.shop\/index.php\/product\/chan-vay-dai-to-phoi-vat-ngan-ben-trong\/#primaryimage"},"image":{"@id":"https:\/\/shopnhis.azdigi.shop\/index.php\/product\/chan-vay-dai-to-phoi-vat-ngan-ben-trong\/#primaryimage"},"thumbnailUrl":"https:\/\/shopnhis.azdigi.shop\/wp-content\/uploads\/2026\/04\/z7693275484193_9d2b980f5452a7f4f5ff102f6882b115.jpg","datePublished":"2026-04-05T06:09:01+00:00","dateModified":"2026-04-21T16:45:41+00:00","description":"Ch\u00e2n v\u00e1y d\u00e0i t\u01a1 ph\u1ed1i v\u1ea1t ng\u1eafn b\u00ean trong thi\u1ebft k\u1ebf 2 l\u1edbp nh\u1eb9 nh\u00e0ng, bay b\u1ed5ng v\u00e0 t\u00f4n d\u00e1ng. Ph\u00f9 h\u1ee3p \u0111i d\u1ea1o ph\u1ed1, h\u1eb9n h\u00f2 v\u00e0 ch\u1ee5p \u1ea3nh.","breadcrumb":{"@id":"https:\/\/shopnhis.azdigi.shop\/index.php\/product\/chan-vay-dai-to-phoi-vat-ngan-ben-trong\/#breadcrumb"},"inLanguage":"vi","potentialAction":[{"@type":"ReadAction","target":["https:\/\/shopnhis.azdigi.shop\/index.php\/product\/chan-vay-dai-to-phoi-vat-ngan-ben-trong\/"]}]},{"@type":"ImageObject","inLanguage":"vi","@id":"https:\/\/shopnhis.azdigi.shop\/index.php\/product\/chan-vay-dai-to-phoi-vat-ngan-ben-trong\/#primaryimage","url":"https:\/\/shopnhis.azdigi.shop\/wp-content\/uploads\/2026\/04\/z7693275484193_9d2b980f5452a7f4f5ff102f6882b115.jpg","contentUrl":"https:\/\/shopnhis.azdigi.shop\/wp-content\/uploads\/2026\/04\/z7693275484193_9d2b980f5452a7f4f5ff102f6882b115.jpg","width":621,"height":933},{"@type":"BreadcrumbList","@id":"https:\/\/shopnhis.azdigi.shop\/index.php\/product\/chan-vay-dai-to-phoi-vat-ngan-ben-trong\/#breadcrumb","itemListElement":[{"@type":"ListItem","position":1,"name":"Home","item":"https:\/\/shopnhis.azdigi.shop\/"},{"@type":"ListItem","position":2,"name":"Shop","item":"https:\/\/shopnhis.azdigi.shop\/index.php\/shop\/"},{"@type":"ListItem","position":3,"name":"Ch\u00e2n v\u00e1y d\u00e0i t\u01a1 ph\u1ed1i v\u1ea1t ng\u1eafn b\u00ean trong"}]},{"@type":"WebSite","@id":"https:\/\/shopnhis.azdigi.shop\/#website","url":"https:\/\/shopnhis.azdigi.shop\/","name":"shopnhis","description":"","publisher":{"@id":"https:\/\/shopnhis.azdigi.shop\/#\/schema\/person\/c92d877cb93cb82d7aadcb9314758e29"},"potentialAction":[{"@type":"SearchAction","target":{"@type":"EntryPoint","urlTemplate":"https:\/\/shopnhis.azdigi.shop\/?s={search_term_string}"},"query-input":{"@type":"PropertyValueSpecification","valueRequired":true,"valueName":"search_term_string"}}],"inLanguage":"vi"},{"@type":["Person","Organization"],"@id":"https:\/\/shopnhis.azdigi.shop\/#\/schema\/person\/c92d877cb93cb82d7aadcb9314758e29","name":"qrlgobfk","image":{"@type":"ImageObject","inLanguage":"vi","@id":"https:\/\/shopnhis.azdigi.shop\/#\/schema\/person\/image\/","url":"https:\/\/shopnhis.azdigi.shop\/wp-content\/uploads\/2026\/03\/ChatGPT-Image-16_25_42-26-thg-2-2026.png","contentUrl":"https:\/\/shopnhis.azdigi.shop\/wp-content\/uploads\/2026\/03\/ChatGPT-Image-16_25_42-26-thg-2-2026.png","width":1536,"height":1024,"caption":"qrlgobfk"},"logo":{"@id":"https:\/\/shopnhis.azdigi.shop\/#\/schema\/person\/image\/"},"sameAs":["https:\/\/shopnhis.azdigi.shop"]}]}},"_links":{"self":[{"href":"https:\/\/shopnhis.azdigi.shop\/index.php\/wp-json\/wp\/v2\/product\/204","targetHints":{"allow":["GET"]}}],"collection":[{"href":"https:\/\/shopnhis.azdigi.shop\/index.php\/wp-json\/wp\/v2\/product"}],"about":[{"href":"https:\/\/shopnhis.azdigi.shop\/index.php\/wp-json\/wp\/v2\/types\/product"}],"replies":[{"embeddable":true,"href":"https:\/\/shopnhis.azdigi.shop\/index.php\/wp-json\/wp\/v2\/comments?post=204"}],"wp:featuredmedia":[{"embeddable":true,"href":"https:\/\/shopnhis.azdigi.shop\/index.php\/wp-json\/wp\/v2\/media\/205"}],"wp:attachment":[{"href":"https:\/\/shopnhis.azdigi.shop\/index.php\/wp-json\/wp\/v2\/media?parent=204"}],"wp:term":[{"taxonomy":"product_brand","embeddable":true,"href":"https:\/\/shopnhis.azdigi.shop\/index.php\/wp-json\/wp\/v2\/product_brand?post=204"},{"taxonomy":"product_cat","embeddable":true,"href":"https:\/\/shopnhis.azdigi.shop\/index.php\/wp-json\/wp\/v2\/product_cat?post=204"},{"taxonomy":"product_tag","embeddable":true,"href":"https:\/\/shopnhis.azdigi.shop\/index.php\/wp-json\/wp\/v2\/product_tag?post=204"}],"curies":[{"name":"wp","href":"https:\/\/api.w.org\/{rel}","templated":true}]}}