{"id":298,"date":"2026-04-08T06:45:26","date_gmt":"2026-04-08T06:45:26","guid":{"rendered":"https:\/\/shopnhis.azdigi.shop\/?post_type=product&#038;p=298"},"modified":"2026-04-21T16:39:05","modified_gmt":"2026-04-21T16:39:05","slug":"chan-vay-lua-dang-duoi-ca-nhe","status":"publish","type":"product","link":"https:\/\/shopnhis.azdigi.shop\/index.php\/product\/chan-vay-lua-dang-duoi-ca-nhe\/","title":{"rendered":"Ch\u00e2n v\u00e1y l\u1ee5a d\u00e1ng \u0111u\u00f4i c\u00e1 nh\u1eb9"},"content":{"rendered":"<h3 data-path-to-node=\"4\">Ch\u1ea5t li\u1ec7u l\u1ee5a cao c\u1ea5p, tho\u1ea3i m\u00e1i<\/h3>\n<p data-path-to-node=\"5\">M\u1eabu <b data-path-to-node=\"5\" data-index-in-node=\"4\">ch\u00e2n v\u00e1y l\u1ee5a d\u00e1ng \u0111u\u00f4i c\u00e1 nh\u1eb9<\/b> \u0111\u01b0\u1ee3c l\u00e0m t\u1eeb ch\u1ea5t li\u1ec7u l\u1ee5a cao c\u1ea5p. V\u1ea3i l\u1ee5a kh\u00f4ng ch\u1ec9 c\u00f3 \u0111\u1ed9 b\u00f3ng nh\u1eb9 sang tr\u1ecdng m\u00e0 c\u00f2n r\u1ea5t m\u1ec1m m\u1ea1i, tho\u00e1ng m\u00e1t. Ch\u1ea5t li\u1ec7u n\u00e0y mang l\u1ea1i c\u1ea3m gi\u00e1c d\u1ec5 ch\u1ecbu, tho\u1ea3i m\u00e1i cho ng\u01b0\u1eddi m\u1eb7c trong su\u1ed1t qu\u00e1 tr\u00ecnh s\u1eed d\u1ee5ng. Nh\u1edd v\u1eady, b\u1ea1n lu\u00f4n c\u1ea3m th\u1ea5y t\u1ef1 tin v\u00e0 th\u01b0 gi\u00e3n.<\/p>\n<p data-path-to-node=\"6\">B\u00ean c\u1ea1nh \u0111\u00f3, ch\u1ea5t li\u1ec7u l\u1ee5a gi\u00fap ch\u00e2n v\u00e1y c\u00f3 \u0111\u1ed9 r\u1ee7 t\u1ef1 nhi\u00ean. \u0110i\u1ec1u n\u00e0y t\u1ea1o n\u00ean nh\u1eefng b\u01b0\u1edbc \u0111i th\u01b0\u1edbt tha, uy\u1ec3n chuy\u1ec3n. S\u1ea3n ph\u1ea9m ch\u1eafc ch\u1eafn s\u1ebd l\u00e0m h\u00e0i l\u00f2ng nh\u1eefng c\u00f4 n\u00e0ng kh\u00f3 t\u00ednh nh\u1ea5t.<\/p>\n<h3 data-path-to-node=\"7\">Thi\u1ebft k\u1ebf \u0111u\u00f4i c\u00e1 nh\u1eb9 nh\u00e0ng, t\u00f4n d\u00e1ng<\/h3>\n<p data-path-to-node=\"8\">\u0110i\u1ec3m n\u1ed5i b\u1eadt c\u1ee7a <b data-path-to-node=\"8\" data-index-in-node=\"17\">ch\u00e2n v\u00e1y l\u1ee5a d\u00e1ng \u0111u\u00f4i c\u00e1 nh\u1eb9<\/b> n\u1eb1m \u1edf thi\u1ebft k\u1ebf d\u00e1ng \u0111u\u00f4i c\u00e1. Phom d\u00e1ng n\u00e0y gi\u00fap t\u00f4n l\u00ean v\u00f2ng 3 quy\u1ebfn r\u0169 v\u00e0 kh\u00e9o l\u00e9o che khuy\u1ebft \u0111i\u1ec3m v\u00f9ng \u0111\u00f9i. \u0110\u1ed9 d\u00e0i v\u1eeba ph\u1ea3i k\u1ebft h\u1ee3p v\u1edbi ph\u1ea7n \u0111u\u00f4i c\u00e1 nh\u1eb9 nh\u00e0ng t\u1ea1o hi\u1ec7u \u1ee9ng thon g\u1ecdn cho \u0111\u00f4i ch\u00e2n.<\/p>\n<p data-path-to-node=\"9\">Thi\u1ebft k\u1ebf n\u00e0y gi\u00fap b\u1ea1n tr\u00f4ng cao v\u00e0 thanh tho\u00e1t h\u01a1n. \u0110\u00e2y l\u00e0 s\u1ef1 l\u1ef1a ch\u1ecdn t\u1ed1i \u01b0u cho nh\u1eefng c\u00f4 n\u00e0ng mu\u1ed1n t\u00ecm ki\u1ebfm m\u1ed9t chi\u1ebfc ch\u00e2n v\u00e1y v\u1eeba t\u00f4n d\u00e1ng v\u1eeba thanh l\u1ecbch.<\/p>\n<h3 data-path-to-node=\"10\">Ph\u00f9 h\u1ee3p cho nhi\u1ec1u d\u1ecbp<\/h3>\n<p data-path-to-node=\"11\">B\u1ea1n c\u00f3 th\u1ec3 di\u1ec7n <b data-path-to-node=\"11\" data-index-in-node=\"16\">ch\u00e2n v\u00e1y l\u1ee5a d\u00e1ng \u0111u\u00f4i c\u00e1 nh\u1eb9<\/b> trong nhi\u1ec1u ho\u00e0n c\u1ea3nh kh\u00e1c nhau:<\/p>\n<ul data-path-to-node=\"12\">\n<li>\n<p data-path-to-node=\"12,0,0\"><b data-path-to-node=\"12,0,0\" data-index-in-node=\"0\">Tham d\u1ef1 s\u1ef1 ki\u1ec7n nh\u1eb9 nh\u00e0ng, ti\u1ec7c t\u1ed1i:<\/b> K\u1ebft h\u1ee3p c\u00f9ng \u00e1o corset ho\u1eb7c \u00e1o ki\u1ec3u l\u1ee5a \u0111\u1ec3 c\u00f3 outfit sang tr\u1ecdng.<\/p>\n<\/li>\n<li>\n<p data-path-to-node=\"12,1,0\"><b data-path-to-node=\"12,1,0\" data-index-in-node=\"0\">H\u1eb9n h\u00f2, \u0111i ch\u01a1i:<\/b> Ph\u1ed1i c\u00f9ng \u00e1o ph\u00f4ng \u0111\u01a1n gi\u1ea3n ho\u1eb7c \u00e1o s\u01a1 mi voan \u0111\u1ec3 c\u00f3 v\u1ebb ngo\u00e0i tr\u1ebb trung.<\/p>\n<\/li>\n<li>\n<p data-path-to-node=\"12,2,0\"><b data-path-to-node=\"12,2,0\" data-index-in-node=\"0\">Ch\u1ee5p \u1ea3nh:<\/b> Gam m\u00e0u v\u00e0 thi\u1ebft k\u1ebf \u0111u\u00f4i c\u00e1 r\u1ea5t &#8220;\u0103n \u1ea3nh&#8221;.<\/p>\n<\/li>\n<\/ul>\n<p data-path-to-node=\"13\">K\u1ebft h\u1ee3p v\u1edbi m\u1ed9t v\u00e0i ph\u1ee5 ki\u1ec7n nh\u01b0 v\u00f2ng c\u1ed5 m\u1ea3nh ho\u1eb7c t\u00fai c\u1ea7m tay nh\u1ecf \u0111\u1ec3 ho\u00e0n thi\u1ec7n outfit nh\u00e9!<\/p>\n<h3 data-path-to-node=\"15\">Th\u00f4ng tin s\u1ea3n ph\u1ea9m chi ti\u1ebft<\/h3>\n<ul data-path-to-node=\"16\">\n<li>\n<p data-path-to-node=\"16,0,0\"><b data-path-to-node=\"16,0,0\" data-index-in-node=\"0\">T\u00ean s\u1ea3n ph\u1ea9m:<\/b> Ch\u00e2n v\u00e1y l\u1ee5a d\u00e1ng \u0111u\u00f4i c\u00e1 nh\u1eb9<\/p>\n<\/li>\n<li>\n<p data-path-to-node=\"16,1,0\"><b data-path-to-node=\"16,1,0\" data-index-in-node=\"0\">M\u00e0u s\u1eafc:<\/b> Tr\u1eafng, h\u1ed3ng<\/p>\n<\/li>\n<li>\n<p data-path-to-node=\"16,2,0\"><b data-path-to-node=\"16,2,0\" data-index-in-node=\"0\">Ch\u1ea5t li\u1ec7u:<\/b> L\u1ee5a cao c\u1ea5p<\/p>\n<\/li>\n<li>\n<p data-path-to-node=\"16,3,0\"><b data-path-to-node=\"16,3,0\" data-index-in-node=\"0\">Phong c\u00e1ch:<\/b> Sang tr\u1ecdng, quy\u1ebfn r\u0169, thanh l\u1ecbch<\/p>\n<\/li>\n<\/ul>\n","protected":false},"excerpt":{"rendered":"<p><b data-path-to-node=\"3\" data-index-in-node=\"0\">Ch\u00e2n v\u00e1y l\u1ee5a d\u00e1ng \u0111u\u00f4i c\u00e1 nh\u1eb9<\/b> l\u00e0 m\u00f3n \u0111\u1ed3 th\u1eddi trang kh\u00f4ng th\u1ec3 thi\u1ebfu cho nh\u1eefng c\u00f4 n\u00e0ng y\u00eau th\u00edch phong c\u00e1ch thanh l\u1ecbch v\u00e0 sang tr\u1ecdng. V\u1edbi ch\u1ea5t li\u1ec7u l\u1ee5a satin b\u00f3ng nh\u1eb9 c\u00f9ng phom d\u00e1ng \u0111u\u00f4i c\u00e1 tinh t\u1ebf, s\u1ea3n ph\u1ea9m mang \u0111\u1ebfn v\u1ebb ngo\u00e0i quy\u1ebfn r\u0169, thu h\u00fat m\u1ecdi \u00e1nh nh\u00ecn. \u0110\u00e2y l\u00e0 l\u1ef1a ch\u1ecdn ho\u00e0n h\u1ea3o cho nh\u1eefng bu\u1ed5i ti\u1ec7c, s\u1ef1 ki\u1ec7n ho\u1eb7c th\u1eadm ch\u00ed l\u00e0 d\u1ea1o ph\u1ed1 th\u01b0\u1eddng ng\u00e0y.<\/p>\n","protected":false},"featured_media":299,"comment_status":"open","ping_status":"closed","template":"","meta":[],"product_brand":[],"product_cat":[20],"product_tag":[],"class_list":{"0":"post-298","1":"product","2":"type-product","3":"status-publish","4":"has-post-thumbnail","6":"product_cat-chan-vay","8":"first","9":"instock","10":"sale","11":"shipping-taxable","12":"purchasable","13":"product-type-variable"},"yoast_head":"<!-- This site is optimized with the Yoast SEO plugin v27.1.1 - https:\/\/yoast.com\/product\/yoast-seo-wordpress\/ -->\n<title>Ch\u00e2n v\u00e1y l\u1ee5a d\u00e1ng \u0111u\u00f4i c\u00e1 nh\u1eb9 - shopnhis<\/title>\n<meta name=\"description\" content=\"Ch\u00e2n v\u00e1y l\u1ee5a d\u00e1ng \u0111u\u00f4i c\u00e1 nh\u1eb9 thi\u1ebft k\u1ebf tinh t\u1ebf, t\u00f4n d\u00e1ng v\u00e0 sang tr\u1ecdng. Ch\u1ea5t li\u1ec7u l\u1ee5a cao c\u1ea5p, ph\u00f9 h\u1ee3p \u0111i ti\u1ec7c, \u0111i ch\u01a1i v\u00e0 ch\u1ee5p \u1ea3nh.\" \/>\n<meta name=\"robots\" content=\"index, follow, max-snippet:-1, max-image-preview:large, max-video-preview:-1\" \/>\n<link rel=\"canonical\" href=\"https:\/\/shopnhis.azdigi.shop\/index.php\/product\/chan-vay-lua-dang-duoi-ca-nhe\/\" \/>\n<meta property=\"og:locale\" content=\"vi_VN\" \/>\n<meta property=\"og:type\" content=\"article\" \/>\n<meta property=\"og:title\" content=\"Ch\u00e2n v\u00e1y l\u1ee5a d\u00e1ng \u0111u\u00f4i c\u00e1 nh\u1eb9 - shopnhis\" \/>\n<meta property=\"og:description\" content=\"Ch\u00e2n v\u00e1y l\u1ee5a d\u00e1ng \u0111u\u00f4i c\u00e1 nh\u1eb9 thi\u1ebft k\u1ebf tinh t\u1ebf, t\u00f4n d\u00e1ng v\u00e0 sang tr\u1ecdng. Ch\u1ea5t li\u1ec7u l\u1ee5a cao c\u1ea5p, ph\u00f9 h\u1ee3p \u0111i ti\u1ec7c, \u0111i ch\u01a1i v\u00e0 ch\u1ee5p \u1ea3nh.\" \/>\n<meta property=\"og:url\" content=\"https:\/\/shopnhis.azdigi.shop\/index.php\/product\/chan-vay-lua-dang-duoi-ca-nhe\/\" \/>\n<meta property=\"og:site_name\" content=\"shopnhis\" \/>\n<meta property=\"article:modified_time\" content=\"2026-04-21T16:39:05+00:00\" \/>\n<meta property=\"og:image\" content=\"https:\/\/shopnhis.azdigi.shop\/wp-content\/uploads\/2026\/04\/z7703708956859_065d376699f419f52bbf91f3b755cd34.jpg\" \/>\n\t<meta property=\"og:image:width\" content=\"623\" \/>\n\t<meta property=\"og:image:height\" content=\"909\" \/>\n\t<meta property=\"og:image:type\" content=\"image\/jpeg\" \/>\n<meta name=\"twitter:card\" content=\"summary_large_image\" \/>\n<meta name=\"twitter:label1\" content=\"\u01af\u1edbc t\u00ednh th\u1eddi gian \u0111\u1ecdc\" \/>\n\t<meta name=\"twitter:data1\" content=\"3 ph\u00fat\" \/>\n<script type=\"application\/ld+json\" class=\"yoast-schema-graph\">{\"@context\":\"https:\/\/schema.org\",\"@graph\":[{\"@type\":\"WebPage\",\"@id\":\"https:\/\/shopnhis.azdigi.shop\/index.php\/product\/chan-vay-lua-dang-duoi-ca-nhe\/\",\"url\":\"https:\/\/shopnhis.azdigi.shop\/index.php\/product\/chan-vay-lua-dang-duoi-ca-nhe\/\",\"name\":\"Ch\u00e2n v\u00e1y l\u1ee5a d\u00e1ng \u0111u\u00f4i c\u00e1 nh\u1eb9 - shopnhis\",\"isPartOf\":{\"@id\":\"https:\/\/shopnhis.azdigi.shop\/#website\"},\"primaryImageOfPage\":{\"@id\":\"https:\/\/shopnhis.azdigi.shop\/index.php\/product\/chan-vay-lua-dang-duoi-ca-nhe\/#primaryimage\"},\"image\":{\"@id\":\"https:\/\/shopnhis.azdigi.shop\/index.php\/product\/chan-vay-lua-dang-duoi-ca-nhe\/#primaryimage\"},\"thumbnailUrl\":\"https:\/\/shopnhis.azdigi.shop\/wp-content\/uploads\/2026\/04\/z7703708956859_065d376699f419f52bbf91f3b755cd34.jpg\",\"datePublished\":\"2026-04-08T06:45:26+00:00\",\"dateModified\":\"2026-04-21T16:39:05+00:00\",\"description\":\"Ch\u00e2n v\u00e1y l\u1ee5a d\u00e1ng \u0111u\u00f4i c\u00e1 nh\u1eb9 thi\u1ebft k\u1ebf tinh t\u1ebf, t\u00f4n d\u00e1ng v\u00e0 sang tr\u1ecdng. Ch\u1ea5t li\u1ec7u l\u1ee5a cao c\u1ea5p, ph\u00f9 h\u1ee3p \u0111i ti\u1ec7c, \u0111i ch\u01a1i v\u00e0 ch\u1ee5p \u1ea3nh.\",\"breadcrumb\":{\"@id\":\"https:\/\/shopnhis.azdigi.shop\/index.php\/product\/chan-vay-lua-dang-duoi-ca-nhe\/#breadcrumb\"},\"inLanguage\":\"vi\",\"potentialAction\":[{\"@type\":\"ReadAction\",\"target\":[\"https:\/\/shopnhis.azdigi.shop\/index.php\/product\/chan-vay-lua-dang-duoi-ca-nhe\/\"]}]},{\"@type\":\"ImageObject\",\"inLanguage\":\"vi\",\"@id\":\"https:\/\/shopnhis.azdigi.shop\/index.php\/product\/chan-vay-lua-dang-duoi-ca-nhe\/#primaryimage\",\"url\":\"https:\/\/shopnhis.azdigi.shop\/wp-content\/uploads\/2026\/04\/z7703708956859_065d376699f419f52bbf91f3b755cd34.jpg\",\"contentUrl\":\"https:\/\/shopnhis.azdigi.shop\/wp-content\/uploads\/2026\/04\/z7703708956859_065d376699f419f52bbf91f3b755cd34.jpg\",\"width\":623,\"height\":909},{\"@type\":\"BreadcrumbList\",\"@id\":\"https:\/\/shopnhis.azdigi.shop\/index.php\/product\/chan-vay-lua-dang-duoi-ca-nhe\/#breadcrumb\",\"itemListElement\":[{\"@type\":\"ListItem\",\"position\":1,\"name\":\"Home\",\"item\":\"https:\/\/shopnhis.azdigi.shop\/\"},{\"@type\":\"ListItem\",\"position\":2,\"name\":\"Shop\",\"item\":\"https:\/\/shopnhis.azdigi.shop\/index.php\/shop\/\"},{\"@type\":\"ListItem\",\"position\":3,\"name\":\"Ch\u00e2n v\u00e1y l\u1ee5a d\u00e1ng \u0111u\u00f4i c\u00e1 nh\u1eb9\"}]},{\"@type\":\"WebSite\",\"@id\":\"https:\/\/shopnhis.azdigi.shop\/#website\",\"url\":\"https:\/\/shopnhis.azdigi.shop\/\",\"name\":\"shopnhis\",\"description\":\"\",\"publisher\":{\"@id\":\"https:\/\/shopnhis.azdigi.shop\/#\/schema\/person\/c92d877cb93cb82d7aadcb9314758e29\"},\"potentialAction\":[{\"@type\":\"SearchAction\",\"target\":{\"@type\":\"EntryPoint\",\"urlTemplate\":\"https:\/\/shopnhis.azdigi.shop\/?s={search_term_string}\"},\"query-input\":{\"@type\":\"PropertyValueSpecification\",\"valueRequired\":true,\"valueName\":\"search_term_string\"}}],\"inLanguage\":\"vi\"},{\"@type\":[\"Person\",\"Organization\"],\"@id\":\"https:\/\/shopnhis.azdigi.shop\/#\/schema\/person\/c92d877cb93cb82d7aadcb9314758e29\",\"name\":\"qrlgobfk\",\"image\":{\"@type\":\"ImageObject\",\"inLanguage\":\"vi\",\"@id\":\"https:\/\/shopnhis.azdigi.shop\/#\/schema\/person\/image\/\",\"url\":\"https:\/\/shopnhis.azdigi.shop\/wp-content\/uploads\/2026\/03\/ChatGPT-Image-16_25_42-26-thg-2-2026.png\",\"contentUrl\":\"https:\/\/shopnhis.azdigi.shop\/wp-content\/uploads\/2026\/03\/ChatGPT-Image-16_25_42-26-thg-2-2026.png\",\"width\":1536,\"height\":1024,\"caption\":\"qrlgobfk\"},\"logo\":{\"@id\":\"https:\/\/shopnhis.azdigi.shop\/#\/schema\/person\/image\/\"},\"sameAs\":[\"https:\/\/shopnhis.azdigi.shop\"]}]}<\/script>\n<!-- \/ Yoast SEO plugin. -->","yoast_head_json":{"title":"Ch\u00e2n v\u00e1y l\u1ee5a d\u00e1ng \u0111u\u00f4i c\u00e1 nh\u1eb9 - shopnhis","description":"Ch\u00e2n v\u00e1y l\u1ee5a d\u00e1ng \u0111u\u00f4i c\u00e1 nh\u1eb9 thi\u1ebft k\u1ebf tinh t\u1ebf, t\u00f4n d\u00e1ng v\u00e0 sang tr\u1ecdng. Ch\u1ea5t li\u1ec7u l\u1ee5a cao c\u1ea5p, ph\u00f9 h\u1ee3p \u0111i ti\u1ec7c, \u0111i ch\u01a1i v\u00e0 ch\u1ee5p \u1ea3nh.","robots":{"index":"index","follow":"follow","max-snippet":"max-snippet:-1","max-image-preview":"max-image-preview:large","max-video-preview":"max-video-preview:-1"},"canonical":"https:\/\/shopnhis.azdigi.shop\/index.php\/product\/chan-vay-lua-dang-duoi-ca-nhe\/","og_locale":"vi_VN","og_type":"article","og_title":"Ch\u00e2n v\u00e1y l\u1ee5a d\u00e1ng \u0111u\u00f4i c\u00e1 nh\u1eb9 - shopnhis","og_description":"Ch\u00e2n v\u00e1y l\u1ee5a d\u00e1ng \u0111u\u00f4i c\u00e1 nh\u1eb9 thi\u1ebft k\u1ebf tinh t\u1ebf, t\u00f4n d\u00e1ng v\u00e0 sang tr\u1ecdng. Ch\u1ea5t li\u1ec7u l\u1ee5a cao c\u1ea5p, ph\u00f9 h\u1ee3p \u0111i ti\u1ec7c, \u0111i ch\u01a1i v\u00e0 ch\u1ee5p \u1ea3nh.","og_url":"https:\/\/shopnhis.azdigi.shop\/index.php\/product\/chan-vay-lua-dang-duoi-ca-nhe\/","og_site_name":"shopnhis","article_modified_time":"2026-04-21T16:39:05+00:00","og_image":[{"width":623,"height":909,"url":"https:\/\/shopnhis.azdigi.shop\/wp-content\/uploads\/2026\/04\/z7703708956859_065d376699f419f52bbf91f3b755cd34.jpg","type":"image\/jpeg"}],"twitter_card":"summary_large_image","twitter_misc":{"\u01af\u1edbc t\u00ednh th\u1eddi gian \u0111\u1ecdc":"3 ph\u00fat"},"schema":{"@context":"https:\/\/schema.org","@graph":[{"@type":"WebPage","@id":"https:\/\/shopnhis.azdigi.shop\/index.php\/product\/chan-vay-lua-dang-duoi-ca-nhe\/","url":"https:\/\/shopnhis.azdigi.shop\/index.php\/product\/chan-vay-lua-dang-duoi-ca-nhe\/","name":"Ch\u00e2n v\u00e1y l\u1ee5a d\u00e1ng \u0111u\u00f4i c\u00e1 nh\u1eb9 - shopnhis","isPartOf":{"@id":"https:\/\/shopnhis.azdigi.shop\/#website"},"primaryImageOfPage":{"@id":"https:\/\/shopnhis.azdigi.shop\/index.php\/product\/chan-vay-lua-dang-duoi-ca-nhe\/#primaryimage"},"image":{"@id":"https:\/\/shopnhis.azdigi.shop\/index.php\/product\/chan-vay-lua-dang-duoi-ca-nhe\/#primaryimage"},"thumbnailUrl":"https:\/\/shopnhis.azdigi.shop\/wp-content\/uploads\/2026\/04\/z7703708956859_065d376699f419f52bbf91f3b755cd34.jpg","datePublished":"2026-04-08T06:45:26+00:00","dateModified":"2026-04-21T16:39:05+00:00","description":"Ch\u00e2n v\u00e1y l\u1ee5a d\u00e1ng \u0111u\u00f4i c\u00e1 nh\u1eb9 thi\u1ebft k\u1ebf tinh t\u1ebf, t\u00f4n d\u00e1ng v\u00e0 sang tr\u1ecdng. Ch\u1ea5t li\u1ec7u l\u1ee5a cao c\u1ea5p, ph\u00f9 h\u1ee3p \u0111i ti\u1ec7c, \u0111i ch\u01a1i v\u00e0 ch\u1ee5p \u1ea3nh.","breadcrumb":{"@id":"https:\/\/shopnhis.azdigi.shop\/index.php\/product\/chan-vay-lua-dang-duoi-ca-nhe\/#breadcrumb"},"inLanguage":"vi","potentialAction":[{"@type":"ReadAction","target":["https:\/\/shopnhis.azdigi.shop\/index.php\/product\/chan-vay-lua-dang-duoi-ca-nhe\/"]}]},{"@type":"ImageObject","inLanguage":"vi","@id":"https:\/\/shopnhis.azdigi.shop\/index.php\/product\/chan-vay-lua-dang-duoi-ca-nhe\/#primaryimage","url":"https:\/\/shopnhis.azdigi.shop\/wp-content\/uploads\/2026\/04\/z7703708956859_065d376699f419f52bbf91f3b755cd34.jpg","contentUrl":"https:\/\/shopnhis.azdigi.shop\/wp-content\/uploads\/2026\/04\/z7703708956859_065d376699f419f52bbf91f3b755cd34.jpg","width":623,"height":909},{"@type":"BreadcrumbList","@id":"https:\/\/shopnhis.azdigi.shop\/index.php\/product\/chan-vay-lua-dang-duoi-ca-nhe\/#breadcrumb","itemListElement":[{"@type":"ListItem","position":1,"name":"Home","item":"https:\/\/shopnhis.azdigi.shop\/"},{"@type":"ListItem","position":2,"name":"Shop","item":"https:\/\/shopnhis.azdigi.shop\/index.php\/shop\/"},{"@type":"ListItem","position":3,"name":"Ch\u00e2n v\u00e1y l\u1ee5a d\u00e1ng \u0111u\u00f4i c\u00e1 nh\u1eb9"}]},{"@type":"WebSite","@id":"https:\/\/shopnhis.azdigi.shop\/#website","url":"https:\/\/shopnhis.azdigi.shop\/","name":"shopnhis","description":"","publisher":{"@id":"https:\/\/shopnhis.azdigi.shop\/#\/schema\/person\/c92d877cb93cb82d7aadcb9314758e29"},"potentialAction":[{"@type":"SearchAction","target":{"@type":"EntryPoint","urlTemplate":"https:\/\/shopnhis.azdigi.shop\/?s={search_term_string}"},"query-input":{"@type":"PropertyValueSpecification","valueRequired":true,"valueName":"search_term_string"}}],"inLanguage":"vi"},{"@type":["Person","Organization"],"@id":"https:\/\/shopnhis.azdigi.shop\/#\/schema\/person\/c92d877cb93cb82d7aadcb9314758e29","name":"qrlgobfk","image":{"@type":"ImageObject","inLanguage":"vi","@id":"https:\/\/shopnhis.azdigi.shop\/#\/schema\/person\/image\/","url":"https:\/\/shopnhis.azdigi.shop\/wp-content\/uploads\/2026\/03\/ChatGPT-Image-16_25_42-26-thg-2-2026.png","contentUrl":"https:\/\/shopnhis.azdigi.shop\/wp-content\/uploads\/2026\/03\/ChatGPT-Image-16_25_42-26-thg-2-2026.png","width":1536,"height":1024,"caption":"qrlgobfk"},"logo":{"@id":"https:\/\/shopnhis.azdigi.shop\/#\/schema\/person\/image\/"},"sameAs":["https:\/\/shopnhis.azdigi.shop"]}]}},"_links":{"self":[{"href":"https:\/\/shopnhis.azdigi.shop\/index.php\/wp-json\/wp\/v2\/product\/298","targetHints":{"allow":["GET"]}}],"collection":[{"href":"https:\/\/shopnhis.azdigi.shop\/index.php\/wp-json\/wp\/v2\/product"}],"about":[{"href":"https:\/\/shopnhis.azdigi.shop\/index.php\/wp-json\/wp\/v2\/types\/product"}],"replies":[{"embeddable":true,"href":"https:\/\/shopnhis.azdigi.shop\/index.php\/wp-json\/wp\/v2\/comments?post=298"}],"wp:featuredmedia":[{"embeddable":true,"href":"https:\/\/shopnhis.azdigi.shop\/index.php\/wp-json\/wp\/v2\/media\/299"}],"wp:attachment":[{"href":"https:\/\/shopnhis.azdigi.shop\/index.php\/wp-json\/wp\/v2\/media?parent=298"}],"wp:term":[{"taxonomy":"product_brand","embeddable":true,"href":"https:\/\/shopnhis.azdigi.shop\/index.php\/wp-json\/wp\/v2\/product_brand?post=298"},{"taxonomy":"product_cat","embeddable":true,"href":"https:\/\/shopnhis.azdigi.shop\/index.php\/wp-json\/wp\/v2\/product_cat?post=298"},{"taxonomy":"product_tag","embeddable":true,"href":"https:\/\/shopnhis.azdigi.shop\/index.php\/wp-json\/wp\/v2\/product_tag?post=298"}],"curies":[{"name":"wp","href":"https:\/\/api.w.org\/{rel}","templated":true}]}}