{"id":417,"date":"2026-04-10T08:56:43","date_gmt":"2026-04-10T08:56:43","guid":{"rendered":"https:\/\/shopnhis.azdigi.shop\/?post_type=product&#038;p=417"},"modified":"2026-04-21T16:30:34","modified_gmt":"2026-04-21T16:30:34","slug":"dam-thu-dong-chan-nhun-phong-vat-vat-cheo","status":"publish","type":"product","link":"https:\/\/shopnhis.azdigi.shop\/index.php\/product\/dam-thu-dong-chan-nhun-phong-vat-vat-cheo\/","title":{"rendered":"\u0110\u1ea7m Thu \u0110\u00f4ng ch\u00e2n nh\u00fan ph\u1ed3ng, v\u1ea1t v\u1eaft ch\u00e9o"},"content":{"rendered":"<h2 data-path-to-node=\"8\">Thi\u1ebft k\u1ebf v\u1ea1t v\u1eaft ch\u00e9o \u0111\u1ed9c \u0111\u00e1o, t\u00f4n vinh \u0111\u01b0\u1eddng cong<\/h2>\n<p data-path-to-node=\"9\">\u0110i\u1ec3m nh\u1ea5n n\u1ed5i b\u1eadt nh\u1ea5t c\u1ee7a m\u1eabu \u0111\u1ea7m ch\u00ednh l\u00e0 <b data-path-to-node=\"9\" data-index-in-node=\"44\">chi ti\u1ebft v\u1ea1t v\u1eaft ch\u00e9o tr\u01b0\u1edbc ng\u1ef1c<\/b>. Thi\u1ebft k\u1ebf n\u00e0y t\u1ea1o hi\u1ec7u \u1ee9ng c\u1ed5 ch\u1eef V thanh tho\u00e1t. N\u00f3 gi\u00fap g\u01b0\u01a1ng m\u1eb7t tr\u00f4ng thon g\u1ecdn v\u00e0 t\u00f4n l\u00ean v\u00f2ng m\u1ed9t m\u1ed9t c\u00e1ch k\u00edn \u0111\u00e1o.<\/p>\n<p data-path-to-node=\"10\">Ph\u1ea7n eo \u0111\u01b0\u1ee3c chi\u1ebft cao k\u1ebft h\u1ee3p c\u00f9ng h\u00e0ng c\u00fac ch\u1ea1y d\u1ecdc tinh t\u1ebf. Thi\u1ebft k\u1ebf n\u00e0y gi\u00fap t\u1ea1o c\u1ea3m gi\u00e1c \u0111\u00f4i ch\u00e2n d\u00e0i h\u01a1n. V\u00f2ng eo c\u1ee7a b\u1ea1n s\u1ebd \u0111\u01b0\u1ee3c \u00f4m tr\u1ecdn, t\u1ea1o n\u00ean phom d\u00e1ng \u0111\u1ed3ng h\u1ed3 c\u00e1t quy\u1ebfn r\u0169. \u0110\u01b0\u1eddng c\u1eaft may t\u1ec9 m\u1ec9 \u0111\u1ea3m b\u1ea3o s\u1ef1 sang tr\u1ecdng cho ng\u01b0\u1eddi m\u1eb7c.<\/p>\n<h2 data-path-to-node=\"11\">Ch\u00e2n nh\u00fan ph\u1ed3ng bay b\u1ed5ng v\u00e0 ki\u00eau sa<\/h2>\n<p data-path-to-node=\"12\">S\u1ea3n ph\u1ea9m g\u00e2y \u1ea5n t\u01b0\u1ee3ng m\u1ea1nh v\u1edbi <b data-path-to-node=\"12\" data-index-in-node=\"31\">ph\u1ea7n ch\u00e2n v\u00e1y nh\u00fan ph\u1ed3ng<\/b>. C\u1ea5u tr\u00fac n\u00e0y t\u1ea1o \u0111\u1ed9 ph\u1ed3ng t\u1ef1 nhi\u00ean, mang l\u1ea1i s\u1ef1 tr\u1ebb trung v\u00e0 hi\u1ec7n \u0111\u1ea1i. Ch\u00e2n nh\u00fan ph\u1ed3ng kh\u00f4ng ch\u1ec9 che khuy\u1ebft \u0111i\u1ec3m v\u00f2ng ba hi\u1ec7u qu\u1ea3 m\u00e0 c\u00f2n t\u1ea1o s\u1ef1 uy\u1ec3n chuy\u1ec3n trong t\u1eebng b\u01b0\u1edbc \u0111i.<\/p>\n<h2 data-path-to-node=\"13\">Ch\u1ea5t li\u1ec7u cao c\u1ea5p cho m\u00f9a Thu \u0110\u00f4ng<\/h2>\n<p data-path-to-node=\"14\">Chi\u1ebfc \u0111\u1ea7m \u0111\u01b0\u1ee3c may t\u1eeb ch\u1ea5t li\u1ec7u v\u1ea3i cao c\u1ea5p, ph\u00f9 h\u1ee3p v\u1edbi th\u1eddi ti\u1ebft se l\u1ea1nh:<\/p>\n<ul data-path-to-node=\"15\">\n<li>\n<p data-path-to-node=\"15,0,0\"><b data-path-to-node=\"15,0,0\" data-index-in-node=\"0\">\u0110\u1ed9 d\u00e0y v\u1eeba ph\u1ea3i:<\/b> Gi\u1eef \u1ea5m nh\u1eb9 nh\u00e0ng nh\u01b0ng v\u1eabn \u0111\u1ea3m b\u1ea3o s\u1ef1 m\u1ec1m m\u1ea1i.<\/p>\n<\/li>\n<li>\n<p data-path-to-node=\"15,1,0\"><b data-path-to-node=\"15,1,0\" data-index-in-node=\"0\">Gi\u1eef form c\u1ef1c t\u1ed1t:<\/b> Ch\u00e2n v\u00e1y lu\u00f4n gi\u1eef \u0111\u01b0\u1ee3c \u0111\u1ed9 ph\u1ed3ng \u0111\u1eb9p m\u1eaft su\u1ed1t c\u1ea3 ng\u00e0y.<\/p>\n<\/li>\n<li>\n<p data-path-to-node=\"15,2,0\"><b data-path-to-node=\"15,2,0\" data-index-in-node=\"0\">M\u00e0u s\u1eafc s\u1eafc n\u00e9t:<\/b> T\u00f4ng \u0111en s\u00e2u th\u1eb3m, mang l\u1ea1i v\u1ebb ngo\u00e0i huy\u1ec1n b\u00ed v\u00e0 quy\u1ec1n l\u1ef1c.<\/p>\n<\/li>\n<\/ul>\n<h2 data-path-to-node=\"16\">G\u1ee3i \u00fd ph\u1ed1i \u0111\u1ed3 chu\u1ea9n qu\u00fd c\u00f4<\/h2>\n<p data-path-to-node=\"17\">B\u1ea1n c\u00f3 th\u1ec3 k\u1ebft h\u1ee3p <b data-path-to-node=\"17\" data-index-in-node=\"19\">\u0111\u1ea7m Thu \u0110\u00f4ng ch\u00e2n nh\u00fan ph\u1ed3ng<\/b> c\u00f9ng c\u00e1c ph\u1ee5 ki\u1ec7n \u0111\u1ec3 t\u0103ng th\u00eam ph\u1ea7n cu\u1ed1n h\u00fat:<\/p>\n<ul data-path-to-node=\"18\">\n<li>\n<p data-path-to-node=\"18,0,0\"><b data-path-to-node=\"18,0,0\" data-index-in-node=\"0\">Ph\u1ee5 ki\u1ec7n c\u1ed5:<\/b> M\u1ed9t chi\u1ebfc v\u00f2ng c\u1ed5 choker hoa tr\u00e0 \u0111en (nh\u01b0 h\u00ecnh) s\u1ebd t\u1ea1o n\u00ean \u0111i\u1ec3m nh\u1ea5n qu\u00fd t\u1ed9c.<\/p>\n<\/li>\n<li>\n<p data-path-to-node=\"18,1,0\"><b data-path-to-node=\"18,1,0\" data-index-in-node=\"0\">Gi\u00e0y:<\/b> Ph\u1ed1i c\u00f9ng gi\u00e0y cao g\u00f3t m\u0169i nh\u1ecdn ho\u1eb7c gi\u00e0y b\u00fap b\u00ea g\u1eafn n\u01a1.<\/p>\n<\/li>\n<li>\n<p data-path-to-node=\"18,2,0\"><b data-path-to-node=\"18,2,0\" data-index-in-node=\"0\">Ho\u00e0n c\u1ea3nh:<\/b> Ph\u00f9 h\u1ee3p di\u1ec7n \u0111i ti\u1ec7c, \u0103n t\u1ed1i sang tr\u1ecdng ho\u1eb7c tham d\u1ef1 c\u00e1c s\u1ef1 ki\u1ec7n quan tr\u1ecdng.<\/p>\n<\/li>\n<\/ul>\n<h2 data-path-to-node=\"19\">Th\u00f4ng tin chi ti\u1ebft s\u1ea3n ph\u1ea9m<\/h2>\n<ul data-path-to-node=\"20\">\n<li>\n<p data-path-to-node=\"20,0,0\"><b data-path-to-node=\"20,0,0\" data-index-in-node=\"0\">T\u00ean s\u1ea3n ph\u1ea9m:<\/b> \u0110\u1ea7m Thu \u0110\u00f4ng ch\u00e2n nh\u00fan ph\u1ed3ng, v\u1ea1t v\u1eaft ch\u00e9o.<\/p>\n<\/li>\n<li>\n<p data-path-to-node=\"20,1,0\"><b data-path-to-node=\"20,1,0\" data-index-in-node=\"0\">M\u00e0u s\u1eafc:<\/b> \u0110en, h\u1ed3ng.<\/p>\n<\/li>\n<li>\n<p data-path-to-node=\"20,2,0\"><b data-path-to-node=\"20,2,0\" data-index-in-node=\"0\">Ch\u1ea5t li\u1ec7u:<\/b> V\u1ea3i cao c\u1ea5p Thu \u0110\u00f4ng.<\/p>\n<\/li>\n<li>\n<p data-path-to-node=\"20,3,0\"><b data-path-to-node=\"20,3,0\" data-index-in-node=\"0\">Ki\u1ec3u d\u00e1ng:<\/b> C\u1ed5 V v\u1eaft ch\u00e9o, ch\u00e2n nh\u00fan ph\u1ed3ng, tay ng\u1eafn.<\/p>\n<\/li>\n<li>\n<p data-path-to-node=\"20,4,0\"><b data-path-to-node=\"20,4,0\" data-index-in-node=\"0\">Phong c\u00e1ch:<\/b> Sang tr\u1ecdng, qu\u00fd ph\u00e1i, hi\u1ec7n \u0111\u1ea1i.<\/p>\n<\/li>\n<\/ul>\n","protected":false},"excerpt":{"rendered":"<p><b data-path-to-node=\"7\" data-index-in-node=\"0\">\u0110\u1ea7m Thu \u0110\u00f4ng ch\u00e2n nh\u00fan ph\u1ed3ng<\/b> l\u00e0 thi\u1ebft k\u1ebf mang \u0111\u1eadm phong c\u00e1ch c\u1ed5 \u0111i\u1ec3n v\u00e0 qu\u00fd ph\u00e1i. V\u1edbi gam m\u00e0u \u0111en quy\u1ec1n l\u1ef1c v\u00e0 \u0111\u01b0\u1eddng n\u00e9t tinh t\u1ebf, chi\u1ebfc \u0111\u1ea7m n\u00e0y gi\u00fap n\u00e0ng n\u1ed5i b\u1eadt h\u01a1n bao gi\u1edd h\u1ebft. \u0110\u00e2y l\u00e0 l\u1ef1a ch\u1ecdn l\u00fd t\u01b0\u1edfng cho nh\u1eefng bu\u1ed5i ti\u1ec7c t\u1ed1i hay s\u1ef1 ki\u1ec7n sang tr\u1ecdng.<\/p>\n","protected":false},"featured_media":418,"comment_status":"open","ping_status":"closed","template":"","meta":[],"product_brand":[],"product_cat":[18],"product_tag":[],"class_list":{"0":"post-417","1":"product","2":"type-product","3":"status-publish","4":"has-post-thumbnail","6":"product_cat-dam","8":"first","9":"instock","10":"shipping-taxable","11":"purchasable","12":"product-type-variable"},"yoast_head":"<!-- This site is optimized with the Yoast SEO plugin v27.1.1 - https:\/\/yoast.com\/product\/yoast-seo-wordpress\/ -->\n<title>\u0110\u1ea7m Thu \u0110\u00f4ng ch\u00e2n nh\u00fan ph\u1ed3ng, v\u1ea1t v\u1eaft ch\u00e9o - shopnhis<\/title>\n<meta name=\"description\" content=\"Kh\u00e1m ph\u00e1 m\u1eabu \u0111\u1ea7m Thu \u0110\u00f4ng ch\u00e2n nh\u00fan ph\u1ed3ng thi\u1ebft k\u1ebf v\u1ea1t v\u1eaft ch\u00e9o \u0111\u1ed9c \u0111\u00e1o. Ch\u1ea5t li\u1ec7u d\u00e0y d\u1eb7n, t\u00f4n d\u00e1ng, mang l\u1ea1i v\u1ebb ngo\u00e0i sang tr\u1ecdng cho m\u1ecdi qu\u00fd c\u00f4.\" \/>\n<meta name=\"robots\" content=\"index, follow, max-snippet:-1, max-image-preview:large, max-video-preview:-1\" \/>\n<link rel=\"canonical\" href=\"https:\/\/shopnhis.azdigi.shop\/index.php\/product\/dam-thu-dong-chan-nhun-phong-vat-vat-cheo\/\" \/>\n<meta property=\"og:locale\" content=\"vi_VN\" \/>\n<meta property=\"og:type\" content=\"article\" \/>\n<meta property=\"og:title\" content=\"\u0110\u1ea7m Thu \u0110\u00f4ng ch\u00e2n nh\u00fan ph\u1ed3ng, v\u1ea1t v\u1eaft ch\u00e9o - shopnhis\" \/>\n<meta property=\"og:description\" content=\"Kh\u00e1m ph\u00e1 m\u1eabu \u0111\u1ea7m Thu \u0110\u00f4ng ch\u00e2n nh\u00fan ph\u1ed3ng thi\u1ebft k\u1ebf v\u1ea1t v\u1eaft ch\u00e9o \u0111\u1ed9c \u0111\u00e1o. Ch\u1ea5t li\u1ec7u d\u00e0y d\u1eb7n, t\u00f4n d\u00e1ng, mang l\u1ea1i v\u1ebb ngo\u00e0i sang tr\u1ecdng cho m\u1ecdi qu\u00fd c\u00f4.\" \/>\n<meta property=\"og:url\" content=\"https:\/\/shopnhis.azdigi.shop\/index.php\/product\/dam-thu-dong-chan-nhun-phong-vat-vat-cheo\/\" \/>\n<meta property=\"og:site_name\" content=\"shopnhis\" \/>\n<meta property=\"article:modified_time\" content=\"2026-04-21T16:30:34+00:00\" \/>\n<meta property=\"og:image\" content=\"https:\/\/shopnhis.azdigi.shop\/wp-content\/uploads\/2026\/04\/z7711391595081_671e4999448320bda1db12e4f7688b1d.jpg\" \/>\n\t<meta property=\"og:image:width\" content=\"623\" \/>\n\t<meta property=\"og:image:height\" content=\"923\" \/>\n\t<meta property=\"og:image:type\" content=\"image\/jpeg\" \/>\n<meta name=\"twitter:card\" content=\"summary_large_image\" \/>\n<meta name=\"twitter:label1\" content=\"\u01af\u1edbc t\u00ednh th\u1eddi gian \u0111\u1ecdc\" \/>\n\t<meta name=\"twitter:data1\" content=\"3 ph\u00fat\" \/>\n<script type=\"application\/ld+json\" class=\"yoast-schema-graph\">{\"@context\":\"https:\/\/schema.org\",\"@graph\":[{\"@type\":\"WebPage\",\"@id\":\"https:\/\/shopnhis.azdigi.shop\/index.php\/product\/dam-thu-dong-chan-nhun-phong-vat-vat-cheo\/\",\"url\":\"https:\/\/shopnhis.azdigi.shop\/index.php\/product\/dam-thu-dong-chan-nhun-phong-vat-vat-cheo\/\",\"name\":\"\u0110\u1ea7m Thu \u0110\u00f4ng ch\u00e2n nh\u00fan ph\u1ed3ng, v\u1ea1t v\u1eaft ch\u00e9o - shopnhis\",\"isPartOf\":{\"@id\":\"https:\/\/shopnhis.azdigi.shop\/#website\"},\"primaryImageOfPage\":{\"@id\":\"https:\/\/shopnhis.azdigi.shop\/index.php\/product\/dam-thu-dong-chan-nhun-phong-vat-vat-cheo\/#primaryimage\"},\"image\":{\"@id\":\"https:\/\/shopnhis.azdigi.shop\/index.php\/product\/dam-thu-dong-chan-nhun-phong-vat-vat-cheo\/#primaryimage\"},\"thumbnailUrl\":\"https:\/\/shopnhis.azdigi.shop\/wp-content\/uploads\/2026\/04\/z7711391595081_671e4999448320bda1db12e4f7688b1d.jpg\",\"datePublished\":\"2026-04-10T08:56:43+00:00\",\"dateModified\":\"2026-04-21T16:30:34+00:00\",\"description\":\"Kh\u00e1m ph\u00e1 m\u1eabu \u0111\u1ea7m Thu \u0110\u00f4ng ch\u00e2n nh\u00fan ph\u1ed3ng thi\u1ebft k\u1ebf v\u1ea1t v\u1eaft ch\u00e9o \u0111\u1ed9c \u0111\u00e1o. Ch\u1ea5t li\u1ec7u d\u00e0y d\u1eb7n, t\u00f4n d\u00e1ng, mang l\u1ea1i v\u1ebb ngo\u00e0i sang tr\u1ecdng cho m\u1ecdi qu\u00fd c\u00f4.\",\"breadcrumb\":{\"@id\":\"https:\/\/shopnhis.azdigi.shop\/index.php\/product\/dam-thu-dong-chan-nhun-phong-vat-vat-cheo\/#breadcrumb\"},\"inLanguage\":\"vi\",\"potentialAction\":[{\"@type\":\"ReadAction\",\"target\":[\"https:\/\/shopnhis.azdigi.shop\/index.php\/product\/dam-thu-dong-chan-nhun-phong-vat-vat-cheo\/\"]}]},{\"@type\":\"ImageObject\",\"inLanguage\":\"vi\",\"@id\":\"https:\/\/shopnhis.azdigi.shop\/index.php\/product\/dam-thu-dong-chan-nhun-phong-vat-vat-cheo\/#primaryimage\",\"url\":\"https:\/\/shopnhis.azdigi.shop\/wp-content\/uploads\/2026\/04\/z7711391595081_671e4999448320bda1db12e4f7688b1d.jpg\",\"contentUrl\":\"https:\/\/shopnhis.azdigi.shop\/wp-content\/uploads\/2026\/04\/z7711391595081_671e4999448320bda1db12e4f7688b1d.jpg\",\"width\":623,\"height\":923},{\"@type\":\"BreadcrumbList\",\"@id\":\"https:\/\/shopnhis.azdigi.shop\/index.php\/product\/dam-thu-dong-chan-nhun-phong-vat-vat-cheo\/#breadcrumb\",\"itemListElement\":[{\"@type\":\"ListItem\",\"position\":1,\"name\":\"Home\",\"item\":\"https:\/\/shopnhis.azdigi.shop\/\"},{\"@type\":\"ListItem\",\"position\":2,\"name\":\"Shop\",\"item\":\"https:\/\/shopnhis.azdigi.shop\/index.php\/shop\/\"},{\"@type\":\"ListItem\",\"position\":3,\"name\":\"\u0110\u1ea7m Thu \u0110\u00f4ng ch\u00e2n nh\u00fan ph\u1ed3ng, v\u1ea1t v\u1eaft ch\u00e9o\"}]},{\"@type\":\"WebSite\",\"@id\":\"https:\/\/shopnhis.azdigi.shop\/#website\",\"url\":\"https:\/\/shopnhis.azdigi.shop\/\",\"name\":\"shopnhis\",\"description\":\"\",\"publisher\":{\"@id\":\"https:\/\/shopnhis.azdigi.shop\/#\/schema\/person\/c92d877cb93cb82d7aadcb9314758e29\"},\"potentialAction\":[{\"@type\":\"SearchAction\",\"target\":{\"@type\":\"EntryPoint\",\"urlTemplate\":\"https:\/\/shopnhis.azdigi.shop\/?s={search_term_string}\"},\"query-input\":{\"@type\":\"PropertyValueSpecification\",\"valueRequired\":true,\"valueName\":\"search_term_string\"}}],\"inLanguage\":\"vi\"},{\"@type\":[\"Person\",\"Organization\"],\"@id\":\"https:\/\/shopnhis.azdigi.shop\/#\/schema\/person\/c92d877cb93cb82d7aadcb9314758e29\",\"name\":\"qrlgobfk\",\"image\":{\"@type\":\"ImageObject\",\"inLanguage\":\"vi\",\"@id\":\"https:\/\/shopnhis.azdigi.shop\/#\/schema\/person\/image\/\",\"url\":\"https:\/\/shopnhis.azdigi.shop\/wp-content\/uploads\/2026\/03\/ChatGPT-Image-16_25_42-26-thg-2-2026.png\",\"contentUrl\":\"https:\/\/shopnhis.azdigi.shop\/wp-content\/uploads\/2026\/03\/ChatGPT-Image-16_25_42-26-thg-2-2026.png\",\"width\":1536,\"height\":1024,\"caption\":\"qrlgobfk\"},\"logo\":{\"@id\":\"https:\/\/shopnhis.azdigi.shop\/#\/schema\/person\/image\/\"},\"sameAs\":[\"https:\/\/shopnhis.azdigi.shop\"]}]}<\/script>\n<!-- \/ Yoast SEO plugin. -->","yoast_head_json":{"title":"\u0110\u1ea7m Thu \u0110\u00f4ng ch\u00e2n nh\u00fan ph\u1ed3ng, v\u1ea1t v\u1eaft ch\u00e9o - shopnhis","description":"Kh\u00e1m ph\u00e1 m\u1eabu \u0111\u1ea7m Thu \u0110\u00f4ng ch\u00e2n nh\u00fan ph\u1ed3ng thi\u1ebft k\u1ebf v\u1ea1t v\u1eaft ch\u00e9o \u0111\u1ed9c \u0111\u00e1o. Ch\u1ea5t li\u1ec7u d\u00e0y d\u1eb7n, t\u00f4n d\u00e1ng, mang l\u1ea1i v\u1ebb ngo\u00e0i sang tr\u1ecdng cho m\u1ecdi qu\u00fd c\u00f4.","robots":{"index":"index","follow":"follow","max-snippet":"max-snippet:-1","max-image-preview":"max-image-preview:large","max-video-preview":"max-video-preview:-1"},"canonical":"https:\/\/shopnhis.azdigi.shop\/index.php\/product\/dam-thu-dong-chan-nhun-phong-vat-vat-cheo\/","og_locale":"vi_VN","og_type":"article","og_title":"\u0110\u1ea7m Thu \u0110\u00f4ng ch\u00e2n nh\u00fan ph\u1ed3ng, v\u1ea1t v\u1eaft ch\u00e9o - shopnhis","og_description":"Kh\u00e1m ph\u00e1 m\u1eabu \u0111\u1ea7m Thu \u0110\u00f4ng ch\u00e2n nh\u00fan ph\u1ed3ng thi\u1ebft k\u1ebf v\u1ea1t v\u1eaft ch\u00e9o \u0111\u1ed9c \u0111\u00e1o. Ch\u1ea5t li\u1ec7u d\u00e0y d\u1eb7n, t\u00f4n d\u00e1ng, mang l\u1ea1i v\u1ebb ngo\u00e0i sang tr\u1ecdng cho m\u1ecdi qu\u00fd c\u00f4.","og_url":"https:\/\/shopnhis.azdigi.shop\/index.php\/product\/dam-thu-dong-chan-nhun-phong-vat-vat-cheo\/","og_site_name":"shopnhis","article_modified_time":"2026-04-21T16:30:34+00:00","og_image":[{"width":623,"height":923,"url":"https:\/\/shopnhis.azdigi.shop\/wp-content\/uploads\/2026\/04\/z7711391595081_671e4999448320bda1db12e4f7688b1d.jpg","type":"image\/jpeg"}],"twitter_card":"summary_large_image","twitter_misc":{"\u01af\u1edbc t\u00ednh th\u1eddi gian \u0111\u1ecdc":"3 ph\u00fat"},"schema":{"@context":"https:\/\/schema.org","@graph":[{"@type":"WebPage","@id":"https:\/\/shopnhis.azdigi.shop\/index.php\/product\/dam-thu-dong-chan-nhun-phong-vat-vat-cheo\/","url":"https:\/\/shopnhis.azdigi.shop\/index.php\/product\/dam-thu-dong-chan-nhun-phong-vat-vat-cheo\/","name":"\u0110\u1ea7m Thu \u0110\u00f4ng ch\u00e2n nh\u00fan ph\u1ed3ng, v\u1ea1t v\u1eaft ch\u00e9o - shopnhis","isPartOf":{"@id":"https:\/\/shopnhis.azdigi.shop\/#website"},"primaryImageOfPage":{"@id":"https:\/\/shopnhis.azdigi.shop\/index.php\/product\/dam-thu-dong-chan-nhun-phong-vat-vat-cheo\/#primaryimage"},"image":{"@id":"https:\/\/shopnhis.azdigi.shop\/index.php\/product\/dam-thu-dong-chan-nhun-phong-vat-vat-cheo\/#primaryimage"},"thumbnailUrl":"https:\/\/shopnhis.azdigi.shop\/wp-content\/uploads\/2026\/04\/z7711391595081_671e4999448320bda1db12e4f7688b1d.jpg","datePublished":"2026-04-10T08:56:43+00:00","dateModified":"2026-04-21T16:30:34+00:00","description":"Kh\u00e1m ph\u00e1 m\u1eabu \u0111\u1ea7m Thu \u0110\u00f4ng ch\u00e2n nh\u00fan ph\u1ed3ng thi\u1ebft k\u1ebf v\u1ea1t v\u1eaft ch\u00e9o \u0111\u1ed9c \u0111\u00e1o. Ch\u1ea5t li\u1ec7u d\u00e0y d\u1eb7n, t\u00f4n d\u00e1ng, mang l\u1ea1i v\u1ebb ngo\u00e0i sang tr\u1ecdng cho m\u1ecdi qu\u00fd c\u00f4.","breadcrumb":{"@id":"https:\/\/shopnhis.azdigi.shop\/index.php\/product\/dam-thu-dong-chan-nhun-phong-vat-vat-cheo\/#breadcrumb"},"inLanguage":"vi","potentialAction":[{"@type":"ReadAction","target":["https:\/\/shopnhis.azdigi.shop\/index.php\/product\/dam-thu-dong-chan-nhun-phong-vat-vat-cheo\/"]}]},{"@type":"ImageObject","inLanguage":"vi","@id":"https:\/\/shopnhis.azdigi.shop\/index.php\/product\/dam-thu-dong-chan-nhun-phong-vat-vat-cheo\/#primaryimage","url":"https:\/\/shopnhis.azdigi.shop\/wp-content\/uploads\/2026\/04\/z7711391595081_671e4999448320bda1db12e4f7688b1d.jpg","contentUrl":"https:\/\/shopnhis.azdigi.shop\/wp-content\/uploads\/2026\/04\/z7711391595081_671e4999448320bda1db12e4f7688b1d.jpg","width":623,"height":923},{"@type":"BreadcrumbList","@id":"https:\/\/shopnhis.azdigi.shop\/index.php\/product\/dam-thu-dong-chan-nhun-phong-vat-vat-cheo\/#breadcrumb","itemListElement":[{"@type":"ListItem","position":1,"name":"Home","item":"https:\/\/shopnhis.azdigi.shop\/"},{"@type":"ListItem","position":2,"name":"Shop","item":"https:\/\/shopnhis.azdigi.shop\/index.php\/shop\/"},{"@type":"ListItem","position":3,"name":"\u0110\u1ea7m Thu \u0110\u00f4ng ch\u00e2n nh\u00fan ph\u1ed3ng, v\u1ea1t v\u1eaft ch\u00e9o"}]},{"@type":"WebSite","@id":"https:\/\/shopnhis.azdigi.shop\/#website","url":"https:\/\/shopnhis.azdigi.shop\/","name":"shopnhis","description":"","publisher":{"@id":"https:\/\/shopnhis.azdigi.shop\/#\/schema\/person\/c92d877cb93cb82d7aadcb9314758e29"},"potentialAction":[{"@type":"SearchAction","target":{"@type":"EntryPoint","urlTemplate":"https:\/\/shopnhis.azdigi.shop\/?s={search_term_string}"},"query-input":{"@type":"PropertyValueSpecification","valueRequired":true,"valueName":"search_term_string"}}],"inLanguage":"vi"},{"@type":["Person","Organization"],"@id":"https:\/\/shopnhis.azdigi.shop\/#\/schema\/person\/c92d877cb93cb82d7aadcb9314758e29","name":"qrlgobfk","image":{"@type":"ImageObject","inLanguage":"vi","@id":"https:\/\/shopnhis.azdigi.shop\/#\/schema\/person\/image\/","url":"https:\/\/shopnhis.azdigi.shop\/wp-content\/uploads\/2026\/03\/ChatGPT-Image-16_25_42-26-thg-2-2026.png","contentUrl":"https:\/\/shopnhis.azdigi.shop\/wp-content\/uploads\/2026\/03\/ChatGPT-Image-16_25_42-26-thg-2-2026.png","width":1536,"height":1024,"caption":"qrlgobfk"},"logo":{"@id":"https:\/\/shopnhis.azdigi.shop\/#\/schema\/person\/image\/"},"sameAs":["https:\/\/shopnhis.azdigi.shop"]}]}},"_links":{"self":[{"href":"https:\/\/shopnhis.azdigi.shop\/index.php\/wp-json\/wp\/v2\/product\/417","targetHints":{"allow":["GET"]}}],"collection":[{"href":"https:\/\/shopnhis.azdigi.shop\/index.php\/wp-json\/wp\/v2\/product"}],"about":[{"href":"https:\/\/shopnhis.azdigi.shop\/index.php\/wp-json\/wp\/v2\/types\/product"}],"replies":[{"embeddable":true,"href":"https:\/\/shopnhis.azdigi.shop\/index.php\/wp-json\/wp\/v2\/comments?post=417"}],"wp:featuredmedia":[{"embeddable":true,"href":"https:\/\/shopnhis.azdigi.shop\/index.php\/wp-json\/wp\/v2\/media\/418"}],"wp:attachment":[{"href":"https:\/\/shopnhis.azdigi.shop\/index.php\/wp-json\/wp\/v2\/media?parent=417"}],"wp:term":[{"taxonomy":"product_brand","embeddable":true,"href":"https:\/\/shopnhis.azdigi.shop\/index.php\/wp-json\/wp\/v2\/product_brand?post=417"},{"taxonomy":"product_cat","embeddable":true,"href":"https:\/\/shopnhis.azdigi.shop\/index.php\/wp-json\/wp\/v2\/product_cat?post=417"},{"taxonomy":"product_tag","embeddable":true,"href":"https:\/\/shopnhis.azdigi.shop\/index.php\/wp-json\/wp\/v2\/product_tag?post=417"}],"curies":[{"name":"wp","href":"https:\/\/api.w.org\/{rel}","templated":true}]}}