{"id":464,"date":"2026-04-10T18:10:05","date_gmt":"2026-04-10T18:10:05","guid":{"rendered":"https:\/\/shopnhis.azdigi.shop\/?post_type=product&#038;p=464"},"modified":"2026-04-21T16:22:35","modified_gmt":"2026-04-21T16:22:35","slug":"set-gam-co-tron-nep-song-cach-dieu","status":"publish","type":"product","link":"https:\/\/shopnhis.azdigi.shop\/index.php\/product\/set-gam-co-tron-nep-song-cach-dieu\/","title":{"rendered":"Set g\u1ea5m c\u1ed5 tr\u00f2n n\u1eb9p s\u00f3ng c\u00e1ch \u0111i\u1ec7u"},"content":{"rendered":"<h2 data-path-to-node=\"5\">1. Ch\u1ea5t li\u1ec7u g\u1ea5m v\u00e2n n\u1ed5i th\u01b0\u1ee3ng h\u1ea1ng<\/h2>\n<p data-path-to-node=\"6\">V\u1ea3i g\u1ea5m lu\u00f4n l\u00e0 \u01b0u ti\u00ean h\u00e0ng \u0111\u1ea7u trong c\u00e1c thi\u1ebft k\u1ebf cao c\u1ea5p. Ch\u1ea5t li\u1ec7u n\u00e0y mang l\u1ea1i v\u1ebb ngo\u00e0i \u0111\u1eaft gi\u00e1 nh\u1edd k\u1ef9 thu\u1eadt d\u1ec7t hoa v\u0103n ch\u00ecm tinh x\u1ea3o.<\/p>\n<ul data-path-to-node=\"7\">\n<li>\n<p data-path-to-node=\"7,0,0\"><b data-path-to-node=\"7,0,0\" data-index-in-node=\"0\">\u0110\u1ed9 b\u1ec1n phom d\u00e1ng:<\/b> V\u1ea3i g\u1ea5m c\u00f3 \u0111\u1ed9 \u0111\u1ee9ng phom t\u1ef1 nhi\u00ean. \u0110i\u1ec1u n\u00e0y gi\u00fap b\u1ed9 trang ph\u1ee5c gi\u1eef \u0111\u01b0\u1ee3c n\u00e9t ch\u1ec9n chu su\u1ed1t c\u1ea3 ng\u00e0y d\u00e0i.<\/p>\n<\/li>\n<li>\n<p data-path-to-node=\"7,1,0\"><b data-path-to-node=\"7,1,0\" data-index-in-node=\"0\">B\u1ec1 m\u1eb7t v\u1ea3i sang tr\u1ecdng:<\/b> Nh\u1eefng v\u00e2n n\u1ed5i nh\u1eb9 nh\u00e0ng t\u1ea1o n\u00ean hi\u1ec7u \u1ee9ng b\u1eaft s\u00e1ng c\u1ef1c t\u1ed1t. B\u1ea1n s\u1ebd lu\u00f4n n\u1ed5i b\u1eadt trong m\u1ecdi khung h\u00ecnh hay bu\u1ed5i ti\u1ec7c.<\/p>\n<\/li>\n<\/ul>\n<h2 data-path-to-node=\"8\">2. \u0110i\u1ec3m nh\u1ea5n n\u1eb9p s\u00f3ng c\u00e1ch \u0111i\u1ec7u tinh t\u1ebf<\/h2>\n<p data-path-to-node=\"9\">\u0110i\u1ec3m l\u00e0m n\u00ean th\u01b0\u01a1ng hi\u1ec7u c\u1ee7a <b data-path-to-node=\"9\" data-index-in-node=\"29\">set g\u1ea5m c\u1ed5 tr\u00f2n n\u1eb9p s\u00f3ng c\u00e1ch \u0111i\u1ec7u<\/b> ch\u00ednh l\u00e0 nh\u1eefng \u0111\u01b0\u1eddng c\u1eaft may u\u1ed1n l\u01b0\u1ee3n \u1edf n\u1eb9p \u00e1o.<\/p>\n<ul data-path-to-node=\"10\">\n<li>\n<p data-path-to-node=\"10,0,0\"><b data-path-to-node=\"10,0,0\" data-index-in-node=\"0\">M\u1ec1m m\u1ea1i h\u00f3a thi\u1ebft k\u1ebf:<\/b> \u0110\u01b0\u1eddng n\u1eb9p s\u00f3ng gi\u00fap ph\u00e1 b\u1ecf s\u1ef1 \u0111\u01a1n \u0111i\u1ec7u c\u1ee7a phom \u00e1o c\u1ed5 tr\u00f2n truy\u1ec1n th\u1ed1ng. Chi ti\u1ebft n\u00e0y mang l\u1ea1i n\u00e9t n\u1eef t\u00ednh v\u00e0 y\u00eau ki\u1ec1u cho ng\u01b0\u1eddi m\u1eb7c.<\/p>\n<\/li>\n<li>\n<p data-path-to-node=\"10,1,0\"><b data-path-to-node=\"10,1,0\" data-index-in-node=\"0\">Chi ti\u1ebft khuy \u0111\u00ednh \u0111\u00e1:<\/b> Nh\u1eefng chi\u1ebfc khuy \u0111\u01b0\u1ee3c l\u1ef1a ch\u1ecdn t\u1ec9 m\u1ec9, \u0111\u00ednh k\u1ebft ch\u1eafc ch\u1eafn. Ch\u00fang \u0111\u00f3ng vai tr\u00f2 nh\u01b0 m\u00f3n trang s\u1ee9c \u0111\u1eaft gi\u00e1 l\u00e0m b\u1eebng s\u00e1ng c\u1ea3 b\u1ed9 \u0111\u1ed3.<\/p>\n<\/li>\n<\/ul>\n<h2 data-path-to-node=\"11\">3. Kh\u1ea3 n\u0103ng &#8220;hack d\u00e1ng&#8221; tuy\u1ec7t v\u1eddi c\u1ee7a set \u0111\u1ed3<\/h2>\n<p data-path-to-node=\"12\">Vi\u1ec7c di\u1ec7n nguy\u00ean set \u0111\u1ed3 \u0111\u1ed3ng m\u00e0u l\u00e0 b\u00ed quy\u1ebft gi\u00fap b\u1ea1n tr\u00f4ng cao r\u00e1o v\u00e0 thanh tho\u00e1t h\u01a1n.<\/p>\n<ul data-path-to-node=\"13\">\n<li>\n<p data-path-to-node=\"13,0,0\"><b data-path-to-node=\"13,0,0\" data-index-in-node=\"0\">\u00c1o d\u00e1ng l\u1eedng tr\u1ebb trung:<\/b> Thi\u1ebft k\u1ebf \u00e1o c\u00f3 \u0111\u1ed9 d\u00e0i v\u1eeba ph\u1ea3i, gi\u00fap t\u00f4n l\u00ean v\u00f2ng eo v\u00e0 t\u1ea1o c\u1ea3m gi\u00e1c ch\u00e2n d\u00e0i h\u01a1n.<\/p>\n<\/li>\n<li>\n<p data-path-to-node=\"13,1,0\"><b data-path-to-node=\"13,1,0\" data-index-in-node=\"0\">Ch\u00e2n v\u00e1y x\u00f2e th\u01b0\u1edbt tha:<\/b> S\u1ef1 k\u1ebft h\u1ee3p n\u00e0y mang l\u1ea1i v\u1ebb ngo\u00e0i gi\u1ed1ng nh\u01b0 m\u1ed9t n\u00e0ng ti\u1ec3u th\u01b0 th\u1ef1c th\u1ee5. N\u00f3 gi\u00fap che khuy\u1ebft \u0111i\u1ec3m v\u00f9ng h\u00f4ng v\u00e0 \u0111\u00f9i m\u1ed9t c\u00e1ch t\u00e0i t\u00ecnh.<\/p>\n<\/li>\n<\/ul>\n<h2 data-path-to-node=\"14\">4. Ph\u00f9 h\u1ee3p cho nhi\u1ec1u ho\u00e0n c\u1ea3nh<\/h2>\n<p data-path-to-node=\"15\">B\u1ea1n kh\u00f4ng c\u1ea7n ph\u1ea3i t\u1ed1n qu\u00e1 nhi\u1ec1u th\u1eddi gian \u0111\u1ec3 suy ngh\u0129 h\u00f4m nay m\u1eb7c g\u00ec. <b data-path-to-node=\"15\" data-index-in-node=\"71\">Set g\u1ea5m c\u1ed5 tr\u00f2n n\u1eb9p s\u00f3ng c\u00e1ch \u0111i\u1ec7u<\/b> c\u00f3 t\u00ednh \u1ee9ng d\u1ee5ng c\u1ef1c cao.<\/p>\n<ul data-path-to-node=\"16\">\n<li>\n<p data-path-to-node=\"16,0,0\"><b data-path-to-node=\"16,0,0\" data-index-in-node=\"0\">S\u1ef1 ki\u1ec7n quan tr\u1ecdng:<\/b> B\u1ea1n c\u00f3 th\u1ec3 di\u1ec7n \u0111i d\u1ef1 ti\u1ec7c c\u01b0\u1edbi, h\u1ed9i ngh\u1ecb hay c\u00e1c bu\u1ed5i g\u1eb7p m\u1eb7t \u0111\u1ed1i t\u00e1c.<\/p>\n<\/li>\n<li>\n<p data-path-to-node=\"16,1,0\"><b data-path-to-node=\"16,1,0\" data-index-in-node=\"0\">D\u1ea1o ph\u1ed1 th\u01b0\u1ee3ng l\u01b0u:<\/b> K\u1ebft h\u1ee3p c\u00f9ng m\u1ed9t chi\u1ebfc t\u00fai nh\u1ecf v\u00e0 b\u0103ng \u0111\u00f4 c\u00f9ng m\u00e0u \u0111\u1ec3 c\u00f3 nh\u1eefng b\u1ee9c \u1ea3nh &#8220;s\u1ed1ng \u1ea3o&#8221; tri\u1ec7u view.<\/p>\n<\/li>\n<\/ul>\n","protected":false},"excerpt":{"rendered":"<p>T\u00ecm ki\u1ebfm m\u1ed9t b\u1ed9 trang ph\u1ee5c v\u1eeba sang tr\u1ecdng, v\u1eeba tr\u1ebb trung lu\u00f4n l\u00e0 b\u00e0i to\u00e1n kh\u00f3 c\u1ee7a ph\u00e1i \u0111\u1eb9p. <b data-path-to-node=\"4\" data-index-in-node=\"92\">Set g\u1ea5m c\u1ed5 tr\u00f2n n\u1eb9p s\u00f3ng c\u00e1ch \u0111i\u1ec7u<\/b> ra \u0111\u1eddi nh\u01b0 m\u1ed9t gi\u1ea3i ph\u00e1p ho\u00e0n h\u1ea3o cho nh\u1eefng qu\u00fd c\u00f4 y\u00eau th\u00edch phong c\u00e1ch qu\u00fd t\u1ed9c. H\u00e3y c\u00f9ng kh\u00e1m ph\u00e1 nh\u1eefng chi ti\u1ebft t\u1ea1o n\u00ean s\u1ee9c h\u00fat kh\u00f3 c\u01b0\u1ee1ng c\u1ee7a thi\u1ebft k\u1ebf n\u00e0y.<\/p>\n","protected":false},"featured_media":465,"comment_status":"open","ping_status":"closed","template":"","meta":[],"product_brand":[],"product_cat":[19],"product_tag":[],"class_list":{"0":"post-464","1":"product","2":"type-product","3":"status-publish","4":"has-post-thumbnail","6":"product_cat-set-vay","8":"first","9":"instock","10":"sale","11":"shipping-taxable","12":"purchasable","13":"product-type-variable"},"yoast_head":"<!-- This site is optimized with the Yoast SEO plugin v27.1.1 - https:\/\/yoast.com\/product\/yoast-seo-wordpress\/ -->\n<title>Set g\u1ea5m c\u1ed5 tr\u00f2n n\u1eb9p s\u00f3ng c\u00e1ch \u0111i\u1ec7u - shopnhis<\/title>\n<meta name=\"description\" content=\"Kh\u00e1m ph\u00e1 set g\u1ea5m c\u1ed5 tr\u00f2n n\u1eb9p s\u00f3ng c\u00e1ch \u0111i\u1ec7u \u2013 l\u1ef1a ch\u1ecdn ho\u00e0n h\u1ea3o cho qu\u00fd c\u00f4 sang tr\u1ecdng. B\u00ed quy\u1ebft m\u1eb7c \u0111\u1eb9p v\u1edbi v\u1ea3i g\u1ea5m gi\u00fap t\u00f4n d\u00e1ng v\u00e0 \u0111\u1eb3ng c\u1ea5p h\u01a1n.\" \/>\n<meta name=\"robots\" content=\"index, follow, max-snippet:-1, max-image-preview:large, max-video-preview:-1\" \/>\n<link rel=\"canonical\" href=\"https:\/\/shopnhis.azdigi.shop\/index.php\/product\/set-gam-co-tron-nep-song-cach-dieu\/\" \/>\n<meta property=\"og:locale\" content=\"vi_VN\" \/>\n<meta property=\"og:type\" content=\"article\" \/>\n<meta property=\"og:title\" content=\"Set g\u1ea5m c\u1ed5 tr\u00f2n n\u1eb9p s\u00f3ng c\u00e1ch \u0111i\u1ec7u - shopnhis\" \/>\n<meta property=\"og:description\" content=\"Kh\u00e1m ph\u00e1 set g\u1ea5m c\u1ed5 tr\u00f2n n\u1eb9p s\u00f3ng c\u00e1ch \u0111i\u1ec7u \u2013 l\u1ef1a ch\u1ecdn ho\u00e0n h\u1ea3o cho qu\u00fd c\u00f4 sang tr\u1ecdng. B\u00ed quy\u1ebft m\u1eb7c \u0111\u1eb9p v\u1edbi v\u1ea3i g\u1ea5m gi\u00fap t\u00f4n d\u00e1ng v\u00e0 \u0111\u1eb3ng c\u1ea5p h\u01a1n.\" \/>\n<meta property=\"og:url\" content=\"https:\/\/shopnhis.azdigi.shop\/index.php\/product\/set-gam-co-tron-nep-song-cach-dieu\/\" \/>\n<meta property=\"og:site_name\" content=\"shopnhis\" \/>\n<meta property=\"article:modified_time\" content=\"2026-04-21T16:22:35+00:00\" \/>\n<meta property=\"og:image\" content=\"https:\/\/shopnhis.azdigi.shop\/wp-content\/uploads\/2026\/04\/z7713032415972_3e224a6979a668464c10f8c65daffffe.jpg\" \/>\n\t<meta property=\"og:image:width\" content=\"616\" \/>\n\t<meta property=\"og:image:height\" content=\"922\" \/>\n\t<meta property=\"og:image:type\" content=\"image\/jpeg\" \/>\n<meta name=\"twitter:card\" content=\"summary_large_image\" \/>\n<meta name=\"twitter:label1\" content=\"\u01af\u1edbc t\u00ednh th\u1eddi gian \u0111\u1ecdc\" \/>\n\t<meta name=\"twitter:data1\" content=\"3 ph\u00fat\" \/>\n<script type=\"application\/ld+json\" class=\"yoast-schema-graph\">{\"@context\":\"https:\/\/schema.org\",\"@graph\":[{\"@type\":\"WebPage\",\"@id\":\"https:\/\/shopnhis.azdigi.shop\/index.php\/product\/set-gam-co-tron-nep-song-cach-dieu\/\",\"url\":\"https:\/\/shopnhis.azdigi.shop\/index.php\/product\/set-gam-co-tron-nep-song-cach-dieu\/\",\"name\":\"Set g\u1ea5m c\u1ed5 tr\u00f2n n\u1eb9p s\u00f3ng c\u00e1ch \u0111i\u1ec7u - shopnhis\",\"isPartOf\":{\"@id\":\"https:\/\/shopnhis.azdigi.shop\/#website\"},\"primaryImageOfPage\":{\"@id\":\"https:\/\/shopnhis.azdigi.shop\/index.php\/product\/set-gam-co-tron-nep-song-cach-dieu\/#primaryimage\"},\"image\":{\"@id\":\"https:\/\/shopnhis.azdigi.shop\/index.php\/product\/set-gam-co-tron-nep-song-cach-dieu\/#primaryimage\"},\"thumbnailUrl\":\"https:\/\/shopnhis.azdigi.shop\/wp-content\/uploads\/2026\/04\/z7713032415972_3e224a6979a668464c10f8c65daffffe.jpg\",\"datePublished\":\"2026-04-10T18:10:05+00:00\",\"dateModified\":\"2026-04-21T16:22:35+00:00\",\"description\":\"Kh\u00e1m ph\u00e1 set g\u1ea5m c\u1ed5 tr\u00f2n n\u1eb9p s\u00f3ng c\u00e1ch \u0111i\u1ec7u \u2013 l\u1ef1a ch\u1ecdn ho\u00e0n h\u1ea3o cho qu\u00fd c\u00f4 sang tr\u1ecdng. B\u00ed quy\u1ebft m\u1eb7c \u0111\u1eb9p v\u1edbi v\u1ea3i g\u1ea5m gi\u00fap t\u00f4n d\u00e1ng v\u00e0 \u0111\u1eb3ng c\u1ea5p h\u01a1n.\",\"breadcrumb\":{\"@id\":\"https:\/\/shopnhis.azdigi.shop\/index.php\/product\/set-gam-co-tron-nep-song-cach-dieu\/#breadcrumb\"},\"inLanguage\":\"vi\",\"potentialAction\":[{\"@type\":\"ReadAction\",\"target\":[\"https:\/\/shopnhis.azdigi.shop\/index.php\/product\/set-gam-co-tron-nep-song-cach-dieu\/\"]}]},{\"@type\":\"ImageObject\",\"inLanguage\":\"vi\",\"@id\":\"https:\/\/shopnhis.azdigi.shop\/index.php\/product\/set-gam-co-tron-nep-song-cach-dieu\/#primaryimage\",\"url\":\"https:\/\/shopnhis.azdigi.shop\/wp-content\/uploads\/2026\/04\/z7713032415972_3e224a6979a668464c10f8c65daffffe.jpg\",\"contentUrl\":\"https:\/\/shopnhis.azdigi.shop\/wp-content\/uploads\/2026\/04\/z7713032415972_3e224a6979a668464c10f8c65daffffe.jpg\",\"width\":616,\"height\":922},{\"@type\":\"BreadcrumbList\",\"@id\":\"https:\/\/shopnhis.azdigi.shop\/index.php\/product\/set-gam-co-tron-nep-song-cach-dieu\/#breadcrumb\",\"itemListElement\":[{\"@type\":\"ListItem\",\"position\":1,\"name\":\"Home\",\"item\":\"https:\/\/shopnhis.azdigi.shop\/\"},{\"@type\":\"ListItem\",\"position\":2,\"name\":\"Shop\",\"item\":\"https:\/\/shopnhis.azdigi.shop\/index.php\/shop\/\"},{\"@type\":\"ListItem\",\"position\":3,\"name\":\"Set g\u1ea5m c\u1ed5 tr\u00f2n n\u1eb9p s\u00f3ng c\u00e1ch \u0111i\u1ec7u\"}]},{\"@type\":\"WebSite\",\"@id\":\"https:\/\/shopnhis.azdigi.shop\/#website\",\"url\":\"https:\/\/shopnhis.azdigi.shop\/\",\"name\":\"shopnhis\",\"description\":\"\",\"publisher\":{\"@id\":\"https:\/\/shopnhis.azdigi.shop\/#\/schema\/person\/c92d877cb93cb82d7aadcb9314758e29\"},\"potentialAction\":[{\"@type\":\"SearchAction\",\"target\":{\"@type\":\"EntryPoint\",\"urlTemplate\":\"https:\/\/shopnhis.azdigi.shop\/?s={search_term_string}\"},\"query-input\":{\"@type\":\"PropertyValueSpecification\",\"valueRequired\":true,\"valueName\":\"search_term_string\"}}],\"inLanguage\":\"vi\"},{\"@type\":[\"Person\",\"Organization\"],\"@id\":\"https:\/\/shopnhis.azdigi.shop\/#\/schema\/person\/c92d877cb93cb82d7aadcb9314758e29\",\"name\":\"qrlgobfk\",\"image\":{\"@type\":\"ImageObject\",\"inLanguage\":\"vi\",\"@id\":\"https:\/\/shopnhis.azdigi.shop\/#\/schema\/person\/image\/\",\"url\":\"https:\/\/shopnhis.azdigi.shop\/wp-content\/uploads\/2026\/03\/ChatGPT-Image-16_25_42-26-thg-2-2026.png\",\"contentUrl\":\"https:\/\/shopnhis.azdigi.shop\/wp-content\/uploads\/2026\/03\/ChatGPT-Image-16_25_42-26-thg-2-2026.png\",\"width\":1536,\"height\":1024,\"caption\":\"qrlgobfk\"},\"logo\":{\"@id\":\"https:\/\/shopnhis.azdigi.shop\/#\/schema\/person\/image\/\"},\"sameAs\":[\"https:\/\/shopnhis.azdigi.shop\"]}]}<\/script>\n<!-- \/ Yoast SEO plugin. -->","yoast_head_json":{"title":"Set g\u1ea5m c\u1ed5 tr\u00f2n n\u1eb9p s\u00f3ng c\u00e1ch \u0111i\u1ec7u - shopnhis","description":"Kh\u00e1m ph\u00e1 set g\u1ea5m c\u1ed5 tr\u00f2n n\u1eb9p s\u00f3ng c\u00e1ch \u0111i\u1ec7u \u2013 l\u1ef1a ch\u1ecdn ho\u00e0n h\u1ea3o cho qu\u00fd c\u00f4 sang tr\u1ecdng. B\u00ed quy\u1ebft m\u1eb7c \u0111\u1eb9p v\u1edbi v\u1ea3i g\u1ea5m gi\u00fap t\u00f4n d\u00e1ng v\u00e0 \u0111\u1eb3ng c\u1ea5p h\u01a1n.","robots":{"index":"index","follow":"follow","max-snippet":"max-snippet:-1","max-image-preview":"max-image-preview:large","max-video-preview":"max-video-preview:-1"},"canonical":"https:\/\/shopnhis.azdigi.shop\/index.php\/product\/set-gam-co-tron-nep-song-cach-dieu\/","og_locale":"vi_VN","og_type":"article","og_title":"Set g\u1ea5m c\u1ed5 tr\u00f2n n\u1eb9p s\u00f3ng c\u00e1ch \u0111i\u1ec7u - shopnhis","og_description":"Kh\u00e1m ph\u00e1 set g\u1ea5m c\u1ed5 tr\u00f2n n\u1eb9p s\u00f3ng c\u00e1ch \u0111i\u1ec7u \u2013 l\u1ef1a ch\u1ecdn ho\u00e0n h\u1ea3o cho qu\u00fd c\u00f4 sang tr\u1ecdng. B\u00ed quy\u1ebft m\u1eb7c \u0111\u1eb9p v\u1edbi v\u1ea3i g\u1ea5m gi\u00fap t\u00f4n d\u00e1ng v\u00e0 \u0111\u1eb3ng c\u1ea5p h\u01a1n.","og_url":"https:\/\/shopnhis.azdigi.shop\/index.php\/product\/set-gam-co-tron-nep-song-cach-dieu\/","og_site_name":"shopnhis","article_modified_time":"2026-04-21T16:22:35+00:00","og_image":[{"width":616,"height":922,"url":"https:\/\/shopnhis.azdigi.shop\/wp-content\/uploads\/2026\/04\/z7713032415972_3e224a6979a668464c10f8c65daffffe.jpg","type":"image\/jpeg"}],"twitter_card":"summary_large_image","twitter_misc":{"\u01af\u1edbc t\u00ednh th\u1eddi gian \u0111\u1ecdc":"3 ph\u00fat"},"schema":{"@context":"https:\/\/schema.org","@graph":[{"@type":"WebPage","@id":"https:\/\/shopnhis.azdigi.shop\/index.php\/product\/set-gam-co-tron-nep-song-cach-dieu\/","url":"https:\/\/shopnhis.azdigi.shop\/index.php\/product\/set-gam-co-tron-nep-song-cach-dieu\/","name":"Set g\u1ea5m c\u1ed5 tr\u00f2n n\u1eb9p s\u00f3ng c\u00e1ch \u0111i\u1ec7u - shopnhis","isPartOf":{"@id":"https:\/\/shopnhis.azdigi.shop\/#website"},"primaryImageOfPage":{"@id":"https:\/\/shopnhis.azdigi.shop\/index.php\/product\/set-gam-co-tron-nep-song-cach-dieu\/#primaryimage"},"image":{"@id":"https:\/\/shopnhis.azdigi.shop\/index.php\/product\/set-gam-co-tron-nep-song-cach-dieu\/#primaryimage"},"thumbnailUrl":"https:\/\/shopnhis.azdigi.shop\/wp-content\/uploads\/2026\/04\/z7713032415972_3e224a6979a668464c10f8c65daffffe.jpg","datePublished":"2026-04-10T18:10:05+00:00","dateModified":"2026-04-21T16:22:35+00:00","description":"Kh\u00e1m ph\u00e1 set g\u1ea5m c\u1ed5 tr\u00f2n n\u1eb9p s\u00f3ng c\u00e1ch \u0111i\u1ec7u \u2013 l\u1ef1a ch\u1ecdn ho\u00e0n h\u1ea3o cho qu\u00fd c\u00f4 sang tr\u1ecdng. B\u00ed quy\u1ebft m\u1eb7c \u0111\u1eb9p v\u1edbi v\u1ea3i g\u1ea5m gi\u00fap t\u00f4n d\u00e1ng v\u00e0 \u0111\u1eb3ng c\u1ea5p h\u01a1n.","breadcrumb":{"@id":"https:\/\/shopnhis.azdigi.shop\/index.php\/product\/set-gam-co-tron-nep-song-cach-dieu\/#breadcrumb"},"inLanguage":"vi","potentialAction":[{"@type":"ReadAction","target":["https:\/\/shopnhis.azdigi.shop\/index.php\/product\/set-gam-co-tron-nep-song-cach-dieu\/"]}]},{"@type":"ImageObject","inLanguage":"vi","@id":"https:\/\/shopnhis.azdigi.shop\/index.php\/product\/set-gam-co-tron-nep-song-cach-dieu\/#primaryimage","url":"https:\/\/shopnhis.azdigi.shop\/wp-content\/uploads\/2026\/04\/z7713032415972_3e224a6979a668464c10f8c65daffffe.jpg","contentUrl":"https:\/\/shopnhis.azdigi.shop\/wp-content\/uploads\/2026\/04\/z7713032415972_3e224a6979a668464c10f8c65daffffe.jpg","width":616,"height":922},{"@type":"BreadcrumbList","@id":"https:\/\/shopnhis.azdigi.shop\/index.php\/product\/set-gam-co-tron-nep-song-cach-dieu\/#breadcrumb","itemListElement":[{"@type":"ListItem","position":1,"name":"Home","item":"https:\/\/shopnhis.azdigi.shop\/"},{"@type":"ListItem","position":2,"name":"Shop","item":"https:\/\/shopnhis.azdigi.shop\/index.php\/shop\/"},{"@type":"ListItem","position":3,"name":"Set g\u1ea5m c\u1ed5 tr\u00f2n n\u1eb9p s\u00f3ng c\u00e1ch \u0111i\u1ec7u"}]},{"@type":"WebSite","@id":"https:\/\/shopnhis.azdigi.shop\/#website","url":"https:\/\/shopnhis.azdigi.shop\/","name":"shopnhis","description":"","publisher":{"@id":"https:\/\/shopnhis.azdigi.shop\/#\/schema\/person\/c92d877cb93cb82d7aadcb9314758e29"},"potentialAction":[{"@type":"SearchAction","target":{"@type":"EntryPoint","urlTemplate":"https:\/\/shopnhis.azdigi.shop\/?s={search_term_string}"},"query-input":{"@type":"PropertyValueSpecification","valueRequired":true,"valueName":"search_term_string"}}],"inLanguage":"vi"},{"@type":["Person","Organization"],"@id":"https:\/\/shopnhis.azdigi.shop\/#\/schema\/person\/c92d877cb93cb82d7aadcb9314758e29","name":"qrlgobfk","image":{"@type":"ImageObject","inLanguage":"vi","@id":"https:\/\/shopnhis.azdigi.shop\/#\/schema\/person\/image\/","url":"https:\/\/shopnhis.azdigi.shop\/wp-content\/uploads\/2026\/03\/ChatGPT-Image-16_25_42-26-thg-2-2026.png","contentUrl":"https:\/\/shopnhis.azdigi.shop\/wp-content\/uploads\/2026\/03\/ChatGPT-Image-16_25_42-26-thg-2-2026.png","width":1536,"height":1024,"caption":"qrlgobfk"},"logo":{"@id":"https:\/\/shopnhis.azdigi.shop\/#\/schema\/person\/image\/"},"sameAs":["https:\/\/shopnhis.azdigi.shop"]}]}},"_links":{"self":[{"href":"https:\/\/shopnhis.azdigi.shop\/index.php\/wp-json\/wp\/v2\/product\/464","targetHints":{"allow":["GET"]}}],"collection":[{"href":"https:\/\/shopnhis.azdigi.shop\/index.php\/wp-json\/wp\/v2\/product"}],"about":[{"href":"https:\/\/shopnhis.azdigi.shop\/index.php\/wp-json\/wp\/v2\/types\/product"}],"replies":[{"embeddable":true,"href":"https:\/\/shopnhis.azdigi.shop\/index.php\/wp-json\/wp\/v2\/comments?post=464"}],"wp:featuredmedia":[{"embeddable":true,"href":"https:\/\/shopnhis.azdigi.shop\/index.php\/wp-json\/wp\/v2\/media\/465"}],"wp:attachment":[{"href":"https:\/\/shopnhis.azdigi.shop\/index.php\/wp-json\/wp\/v2\/media?parent=464"}],"wp:term":[{"taxonomy":"product_brand","embeddable":true,"href":"https:\/\/shopnhis.azdigi.shop\/index.php\/wp-json\/wp\/v2\/product_brand?post=464"},{"taxonomy":"product_cat","embeddable":true,"href":"https:\/\/shopnhis.azdigi.shop\/index.php\/wp-json\/wp\/v2\/product_cat?post=464"},{"taxonomy":"product_tag","embeddable":true,"href":"https:\/\/shopnhis.azdigi.shop\/index.php\/wp-json\/wp\/v2\/product_tag?post=464"}],"curies":[{"name":"wp","href":"https:\/\/api.w.org\/{rel}","templated":true}]}}