{"id":473,"date":"2026-04-10T18:24:17","date_gmt":"2026-04-10T18:24:17","guid":{"rendered":"https:\/\/shopnhis.azdigi.shop\/?post_type=product&#038;p=473"},"modified":"2026-04-21T16:16:15","modified_gmt":"2026-04-21T16:16:15","slug":"ao-xuan-he-co-lech","status":"publish","type":"product","link":"https:\/\/shopnhis.azdigi.shop\/index.php\/product\/ao-xuan-he-co-lech\/","title":{"rendered":"\u00c1o Xu\u00e2n H\u00e8 c\u1ed5 l\u1ec7ch"},"content":{"rendered":"<h2 data-path-to-node=\"4\">1. Thi\u1ebft k\u1ebf c\u1ed5 l\u1ec7ch quy\u1ebfn r\u0169 v\u00e0 th\u1eddi th\u01b0\u1ee3ng<\/h2>\n<p data-path-to-node=\"5\">\u0110i\u1ec3m nh\u1ea5n \u0111\u1eaft gi\u00e1 nh\u1ea5t c\u1ee7a m\u1eabu \u00e1o ch\u00ednh l\u00e0 ph\u1ea7n c\u1ed5 l\u1ec7ch (tr\u1ec5 vai m\u1ed9t b\u00ean) \u0111\u1ea7y tinh t\u1ebf. Thi\u1ebft k\u1ebf n\u00e0y gi\u00fap khoe kh\u00e9o b\u1edd vai tr\u1ea7n thon g\u1ecdn m\u1ed9t c\u00e1ch k\u00edn \u0111\u00e1o.<\/p>\n<ul data-path-to-node=\"6\">\n<li>\n<p data-path-to-node=\"6,0,0\"><b data-path-to-node=\"6,0,0\" data-index-in-node=\"0\">S\u1ef1 k\u1ebft h\u1ee3p ho\u00e0n h\u1ea3o:<\/b> Ph\u1ea7n c\u1ed5 \u00e1o \u0111\u01b0\u1ee3c x\u1ebfp n\u1ebfp \u0111i\u1ec7u \u0111\u00e0, t\u1ea1o \u0111\u1ed9 ph\u1ed3ng nh\u1eb9 nh\u00e0ng v\u00e0 sang tr\u1ecdng.<\/p>\n<\/li>\n<li>\n<p data-path-to-node=\"6,1,0\"><b data-path-to-node=\"6,1,0\" data-index-in-node=\"0\">Chi ti\u1ebft hoa th\u1ee7 c\u00f4ng:<\/b> B\u00f4ng hoa \u0111\u01b0\u1ee3c \u0111\u00ednh k\u1ebft t\u1ec9 m\u1ec9 b\u00ean vai t\u1ea1o n\u00ean s\u1ee9c h\u00fat kh\u00f3 c\u01b0\u1ee1ng. \u0110\u00e2y l\u00e0 chi ti\u1ebft gi\u00fap chi\u1ebfc <b data-path-to-node=\"6,1,0\" data-index-in-node=\"114\">\u00e1o Xu\u00e2n H\u00e8 c\u1ed5 l\u1ec7ch<\/b> tr\u1edf n\u00ean n\u1ed5i b\u1eadt v\u00e0 kh\u00e1c bi\u1ec7t.<\/p>\n<\/li>\n<\/ul>\n<h2 data-path-to-node=\"7\">2. Ch\u1ea5t li\u1ec7u cao c\u1ea5p cho m\u00f9a l\u1ec5 h\u1ed9i<\/h2>\n<p data-path-to-node=\"8\">M\u1eabu \u00e1o s\u1eed d\u1ee5ng ch\u1ea5t li\u1ec7u v\u1ea3i c\u00f3 \u0111\u1ed9 \u0111\u1ee9ng phom nh\u01b0ng v\u1eabn gi\u1eef \u0111\u01b0\u1ee3c s\u1ef1 m\u1ec1m m\u1ea1i c\u1ea7n thi\u1ebft.<\/p>\n<ul data-path-to-node=\"9\">\n<li>\n<p data-path-to-node=\"9,0,0\"><b data-path-to-node=\"9,0,0\" data-index-in-node=\"0\">B\u1ec1 m\u1eb7t v\u1ea3i sang tr\u1ecdng:<\/b> V\u1ea3i c\u00f3 \u0111\u1ed9 b\u00f3ng nh\u1eb9, b\u1eaft s\u00e1ng t\u1ed1t d\u01b0\u1edbi \u00e1nh \u0111\u00e8n ho\u1eb7c \u00e1nh n\u1eafng t\u1ef1 nhi\u00ean.<\/p>\n<\/li>\n<li>\n<p data-path-to-node=\"9,1,0\"><b data-path-to-node=\"9,1,0\" data-index-in-node=\"0\">Tho\u00e1ng kh\u00ed:<\/b> Ch\u1ea5t li\u1ec7u ph\u00f9 h\u1ee3p cho th\u1eddi ti\u1ebft Xu\u00e2n H\u00e8, gi\u00fap ng\u01b0\u1eddi m\u1eb7c lu\u00f4n c\u1ea3m th\u1ea5y tho\u1ea3i m\u00e1i v\u00e0 d\u1ec5 ch\u1ecbu.<\/p>\n<\/li>\n<\/ul>\n<h2 data-path-to-node=\"10\">3. Phom d\u00e1ng Peplum t\u00f4n v\u00f2ng eo hi\u1ec7u qu\u1ea3<\/h2>\n<p data-path-to-node=\"11\">Thi\u1ebft k\u1ebf \u00e1o c\u00f3 ph\u1ea7n eo \u00f4m nh\u1eb9 v\u00e0 x\u00f2e nh\u1eb9 \u1edf v\u1ea1t d\u01b0\u1edbi (d\u00e1ng Peplum). \u0110\u00e2y l\u00e0 b\u00ed quy\u1ebft gi\u00fap che khuy\u1ebft \u0111i\u1ec3m v\u00f2ng hai v\u00f4 c\u00f9ng t\u00e0i t\u00ecnh.<\/p>\n<ul data-path-to-node=\"12\">\n<li>\n<p data-path-to-node=\"12,0,0\"><b data-path-to-node=\"12,0,0\" data-index-in-node=\"0\">Hack d\u00e1ng \u0111\u1ec9nh cao:<\/b> Phom d\u00e1ng n\u00e0y t\u1ea1o hi\u1ec7u \u1ee9ng v\u00f2ng eo nh\u1ecf nh\u1eafn v\u00e0 h\u00f4ng \u0111\u1ea7y \u0111\u1eb7n h\u01a1n.<\/p>\n<\/li>\n<li>\n<p data-path-to-node=\"12,1,0\"><b data-path-to-node=\"12,1,0\" data-index-in-node=\"0\">\u0110\u01b0\u1eddng may chu\u1ea9n x\u00e1c:<\/b> C\u00e1c \u0111\u01b0\u1eddng chi\u1ebft eo \u0111\u01b0\u1ee3c th\u1ef1c hi\u1ec7n t\u1ec9 m\u1ec9, gi\u00fap \u0111\u1ecbnh h\u00ecnh v\u00f3c d\u00e1ng m\u1ed9t c\u00e1ch t\u1ef1 nhi\u00ean.<\/p>\n<\/li>\n<\/ul>\n<h2 data-path-to-node=\"13\">4. C\u00e1ch ph\u1ed1i \u0111\u1ed3 c\u00f9ng \u00e1o Xu\u00e2n H\u00e8 c\u1ed5 l\u1ec7ch<\/h2>\n<p data-path-to-node=\"14\">M\u1eabu \u00e1o n\u00e0y r\u1ea5t d\u1ec5 t\u00ednh trong vi\u1ec7c k\u1ebft h\u1ee3p ph\u1ee5 ki\u1ec7n v\u00e0 trang ph\u1ee5c \u0111i k\u00e8m.<\/p>\n<ul data-path-to-node=\"15\">\n<li>\n<p data-path-to-node=\"15,0,0\"><b data-path-to-node=\"15,0,0\" data-index-in-node=\"0\">Mix c\u00f9ng ch\u00e2n v\u00e1y d\u00e0i:<\/b> B\u1ea1n c\u00f3 th\u1ec3 ph\u1ed1i c\u00f9ng ch\u00e2n v\u00e1y t\u01a1 ho\u1eb7c g\u1ea5m c\u00f9ng tone \u0111\u1ec3 t\u1ea1o set \u0111\u1ed3 thanh l\u1ecbch.<\/p>\n<\/li>\n<li>\n<p data-path-to-node=\"15,1,0\"><b data-path-to-node=\"15,1,0\" data-index-in-node=\"0\">Ph\u1ed1i c\u00f9ng qu\u1ea7n t\u00e2y:<\/b> M\u1ed9t chi\u1ebfc qu\u1ea7n t\u00e2y \u1ed1ng su\u00f4ng m\u00e0u tr\u1eafng ho\u1eb7c kem s\u1ebd mang l\u1ea1i v\u1ebb ngo\u00e0i chuy\u00ean nghi\u1ec7p v\u00e0 hi\u1ec7n \u0111\u1ea1i.<\/p>\n<\/li>\n<li>\n<p data-path-to-node=\"15,2,0\"><b data-path-to-node=\"15,2,0\" data-index-in-node=\"0\">Ph\u1ee5 ki\u1ec7n:<\/b> M\u1ed9t \u0111\u00f4i khuy\u00ean tai nh\u1ecf v\u00e0 l\u1ed1i trang \u0111i\u1ec3m t\u1ef1 nhi\u00ean l\u00e0 \u0111\u1ee7 \u0111\u1ec3 ho\u00e0n thi\u1ec7n v\u1ebb ngo\u00e0i c\u1ee7a b\u1ea1n.<\/p>\n<\/li>\n<\/ul>\n","protected":false},"excerpt":{"rendered":"<p>Khi th\u1eddi ti\u1ebft chuy\u1ec3n m\u00f9a, nh\u1eefng thi\u1ebft k\u1ebf nh\u1eb9 nh\u00e0ng v\u00e0 ph\u00f3ng kho\u00e1ng lu\u00f4n l\u00ean ng\u00f4i. <b data-path-to-node=\"3\" data-index-in-node=\"82\">\u00c1o Xu\u00e2n H\u00e8 c\u1ed5 l\u1ec7ch<\/b> ch\u00ednh l\u00e0 \u0111i\u1ec3m nh\u1ea5n m\u1edbi l\u1ea1 cho t\u1ee7 \u0111\u1ed3 c\u1ee7a b\u1ea1n. V\u1edbi thi\u1ebft k\u1ebf c\u00e1ch \u0111i\u1ec7u \u0111\u1ea7y duy\u00ean d\u00e1ng, m\u1eabu \u00e1o n\u00e0y gi\u00fap ph\u00e1i \u0111\u1eb9p t\u1ef1 tin t\u1ecfa s\u00e1ng trong m\u1ecdi ho\u00e0n c\u1ea3nh.<\/p>\n","protected":false},"featured_media":474,"comment_status":"open","ping_status":"closed","template":"","meta":[],"product_brand":[],"product_cat":[21],"product_tag":[],"class_list":{"0":"post-473","1":"product","2":"type-product","3":"status-publish","4":"has-post-thumbnail","6":"product_cat-ao","8":"first","9":"instock","10":"shipping-taxable","11":"purchasable","12":"product-type-variable"},"yoast_head":"<!-- This site is optimized with the Yoast SEO plugin v27.1.1 - https:\/\/yoast.com\/product\/yoast-seo-wordpress\/ -->\n<title>\u00c1o Xu\u00e2n H\u00e8 c\u1ed5 l\u1ec7ch - shopnhis<\/title>\n<meta name=\"description\" content=\"Kh\u00e1m ph\u00e1 m\u1eabu \u00e1o Xu\u00e2n H\u00e8 c\u1ed5 l\u1ec7ch ph\u1ed1i hoa sang tr\u1ecdng. B\u00ed quy\u1ebft ch\u1ecdn \u00e1o t\u00f4n d\u00e1ng v\u00e0 che khuy\u1ebft \u0111i\u1ec3m hi\u1ec7u qu\u1ea3 gi\u00fap qu\u00fd c\u00f4 lu\u00f4n cu\u1ed1n h\u00fat.\" \/>\n<meta name=\"robots\" content=\"index, follow, max-snippet:-1, max-image-preview:large, max-video-preview:-1\" \/>\n<link rel=\"canonical\" href=\"https:\/\/shopnhis.azdigi.shop\/index.php\/product\/ao-xuan-he-co-lech\/\" \/>\n<meta property=\"og:locale\" content=\"vi_VN\" \/>\n<meta property=\"og:type\" content=\"article\" \/>\n<meta property=\"og:title\" content=\"\u00c1o Xu\u00e2n H\u00e8 c\u1ed5 l\u1ec7ch - shopnhis\" \/>\n<meta property=\"og:description\" content=\"Kh\u00e1m ph\u00e1 m\u1eabu \u00e1o Xu\u00e2n H\u00e8 c\u1ed5 l\u1ec7ch ph\u1ed1i hoa sang tr\u1ecdng. B\u00ed quy\u1ebft ch\u1ecdn \u00e1o t\u00f4n d\u00e1ng v\u00e0 che khuy\u1ebft \u0111i\u1ec3m hi\u1ec7u qu\u1ea3 gi\u00fap qu\u00fd c\u00f4 lu\u00f4n cu\u1ed1n h\u00fat.\" \/>\n<meta property=\"og:url\" content=\"https:\/\/shopnhis.azdigi.shop\/index.php\/product\/ao-xuan-he-co-lech\/\" \/>\n<meta property=\"og:site_name\" content=\"shopnhis\" \/>\n<meta property=\"article:modified_time\" content=\"2026-04-21T16:16:15+00:00\" \/>\n<meta property=\"og:image\" content=\"https:\/\/shopnhis.azdigi.shop\/wp-content\/uploads\/2026\/04\/z7713036582807_d57993c5b92140a3eefea1f33dc65d63.jpg\" \/>\n\t<meta property=\"og:image:width\" content=\"613\" \/>\n\t<meta property=\"og:image:height\" content=\"909\" \/>\n\t<meta property=\"og:image:type\" content=\"image\/jpeg\" \/>\n<meta name=\"twitter:card\" content=\"summary_large_image\" \/>\n<meta name=\"twitter:label1\" content=\"\u01af\u1edbc t\u00ednh th\u1eddi gian \u0111\u1ecdc\" \/>\n\t<meta name=\"twitter:data1\" content=\"3 ph\u00fat\" \/>\n<script type=\"application\/ld+json\" class=\"yoast-schema-graph\">{\"@context\":\"https:\/\/schema.org\",\"@graph\":[{\"@type\":\"WebPage\",\"@id\":\"https:\/\/shopnhis.azdigi.shop\/index.php\/product\/ao-xuan-he-co-lech\/\",\"url\":\"https:\/\/shopnhis.azdigi.shop\/index.php\/product\/ao-xuan-he-co-lech\/\",\"name\":\"\u00c1o Xu\u00e2n H\u00e8 c\u1ed5 l\u1ec7ch - shopnhis\",\"isPartOf\":{\"@id\":\"https:\/\/shopnhis.azdigi.shop\/#website\"},\"primaryImageOfPage\":{\"@id\":\"https:\/\/shopnhis.azdigi.shop\/index.php\/product\/ao-xuan-he-co-lech\/#primaryimage\"},\"image\":{\"@id\":\"https:\/\/shopnhis.azdigi.shop\/index.php\/product\/ao-xuan-he-co-lech\/#primaryimage\"},\"thumbnailUrl\":\"https:\/\/shopnhis.azdigi.shop\/wp-content\/uploads\/2026\/04\/z7713036582807_d57993c5b92140a3eefea1f33dc65d63.jpg\",\"datePublished\":\"2026-04-10T18:24:17+00:00\",\"dateModified\":\"2026-04-21T16:16:15+00:00\",\"description\":\"Kh\u00e1m ph\u00e1 m\u1eabu \u00e1o Xu\u00e2n H\u00e8 c\u1ed5 l\u1ec7ch ph\u1ed1i hoa sang tr\u1ecdng. B\u00ed quy\u1ebft ch\u1ecdn \u00e1o t\u00f4n d\u00e1ng v\u00e0 che khuy\u1ebft \u0111i\u1ec3m hi\u1ec7u qu\u1ea3 gi\u00fap qu\u00fd c\u00f4 lu\u00f4n cu\u1ed1n h\u00fat.\",\"breadcrumb\":{\"@id\":\"https:\/\/shopnhis.azdigi.shop\/index.php\/product\/ao-xuan-he-co-lech\/#breadcrumb\"},\"inLanguage\":\"vi\",\"potentialAction\":[{\"@type\":\"ReadAction\",\"target\":[\"https:\/\/shopnhis.azdigi.shop\/index.php\/product\/ao-xuan-he-co-lech\/\"]}]},{\"@type\":\"ImageObject\",\"inLanguage\":\"vi\",\"@id\":\"https:\/\/shopnhis.azdigi.shop\/index.php\/product\/ao-xuan-he-co-lech\/#primaryimage\",\"url\":\"https:\/\/shopnhis.azdigi.shop\/wp-content\/uploads\/2026\/04\/z7713036582807_d57993c5b92140a3eefea1f33dc65d63.jpg\",\"contentUrl\":\"https:\/\/shopnhis.azdigi.shop\/wp-content\/uploads\/2026\/04\/z7713036582807_d57993c5b92140a3eefea1f33dc65d63.jpg\",\"width\":613,\"height\":909},{\"@type\":\"BreadcrumbList\",\"@id\":\"https:\/\/shopnhis.azdigi.shop\/index.php\/product\/ao-xuan-he-co-lech\/#breadcrumb\",\"itemListElement\":[{\"@type\":\"ListItem\",\"position\":1,\"name\":\"Home\",\"item\":\"https:\/\/shopnhis.azdigi.shop\/\"},{\"@type\":\"ListItem\",\"position\":2,\"name\":\"Shop\",\"item\":\"https:\/\/shopnhis.azdigi.shop\/index.php\/shop\/\"},{\"@type\":\"ListItem\",\"position\":3,\"name\":\"\u00c1o Xu\u00e2n H\u00e8 c\u1ed5 l\u1ec7ch\"}]},{\"@type\":\"WebSite\",\"@id\":\"https:\/\/shopnhis.azdigi.shop\/#website\",\"url\":\"https:\/\/shopnhis.azdigi.shop\/\",\"name\":\"shopnhis\",\"description\":\"\",\"publisher\":{\"@id\":\"https:\/\/shopnhis.azdigi.shop\/#\/schema\/person\/c92d877cb93cb82d7aadcb9314758e29\"},\"potentialAction\":[{\"@type\":\"SearchAction\",\"target\":{\"@type\":\"EntryPoint\",\"urlTemplate\":\"https:\/\/shopnhis.azdigi.shop\/?s={search_term_string}\"},\"query-input\":{\"@type\":\"PropertyValueSpecification\",\"valueRequired\":true,\"valueName\":\"search_term_string\"}}],\"inLanguage\":\"vi\"},{\"@type\":[\"Person\",\"Organization\"],\"@id\":\"https:\/\/shopnhis.azdigi.shop\/#\/schema\/person\/c92d877cb93cb82d7aadcb9314758e29\",\"name\":\"qrlgobfk\",\"image\":{\"@type\":\"ImageObject\",\"inLanguage\":\"vi\",\"@id\":\"https:\/\/shopnhis.azdigi.shop\/#\/schema\/person\/image\/\",\"url\":\"https:\/\/shopnhis.azdigi.shop\/wp-content\/uploads\/2026\/03\/ChatGPT-Image-16_25_42-26-thg-2-2026.png\",\"contentUrl\":\"https:\/\/shopnhis.azdigi.shop\/wp-content\/uploads\/2026\/03\/ChatGPT-Image-16_25_42-26-thg-2-2026.png\",\"width\":1536,\"height\":1024,\"caption\":\"qrlgobfk\"},\"logo\":{\"@id\":\"https:\/\/shopnhis.azdigi.shop\/#\/schema\/person\/image\/\"},\"sameAs\":[\"https:\/\/shopnhis.azdigi.shop\"]}]}<\/script>\n<!-- \/ Yoast SEO plugin. -->","yoast_head_json":{"title":"\u00c1o Xu\u00e2n H\u00e8 c\u1ed5 l\u1ec7ch - shopnhis","description":"Kh\u00e1m ph\u00e1 m\u1eabu \u00e1o Xu\u00e2n H\u00e8 c\u1ed5 l\u1ec7ch ph\u1ed1i hoa sang tr\u1ecdng. B\u00ed quy\u1ebft ch\u1ecdn \u00e1o t\u00f4n d\u00e1ng v\u00e0 che khuy\u1ebft \u0111i\u1ec3m hi\u1ec7u qu\u1ea3 gi\u00fap qu\u00fd c\u00f4 lu\u00f4n cu\u1ed1n h\u00fat.","robots":{"index":"index","follow":"follow","max-snippet":"max-snippet:-1","max-image-preview":"max-image-preview:large","max-video-preview":"max-video-preview:-1"},"canonical":"https:\/\/shopnhis.azdigi.shop\/index.php\/product\/ao-xuan-he-co-lech\/","og_locale":"vi_VN","og_type":"article","og_title":"\u00c1o Xu\u00e2n H\u00e8 c\u1ed5 l\u1ec7ch - shopnhis","og_description":"Kh\u00e1m ph\u00e1 m\u1eabu \u00e1o Xu\u00e2n H\u00e8 c\u1ed5 l\u1ec7ch ph\u1ed1i hoa sang tr\u1ecdng. B\u00ed quy\u1ebft ch\u1ecdn \u00e1o t\u00f4n d\u00e1ng v\u00e0 che khuy\u1ebft \u0111i\u1ec3m hi\u1ec7u qu\u1ea3 gi\u00fap qu\u00fd c\u00f4 lu\u00f4n cu\u1ed1n h\u00fat.","og_url":"https:\/\/shopnhis.azdigi.shop\/index.php\/product\/ao-xuan-he-co-lech\/","og_site_name":"shopnhis","article_modified_time":"2026-04-21T16:16:15+00:00","og_image":[{"width":613,"height":909,"url":"https:\/\/shopnhis.azdigi.shop\/wp-content\/uploads\/2026\/04\/z7713036582807_d57993c5b92140a3eefea1f33dc65d63.jpg","type":"image\/jpeg"}],"twitter_card":"summary_large_image","twitter_misc":{"\u01af\u1edbc t\u00ednh th\u1eddi gian \u0111\u1ecdc":"3 ph\u00fat"},"schema":{"@context":"https:\/\/schema.org","@graph":[{"@type":"WebPage","@id":"https:\/\/shopnhis.azdigi.shop\/index.php\/product\/ao-xuan-he-co-lech\/","url":"https:\/\/shopnhis.azdigi.shop\/index.php\/product\/ao-xuan-he-co-lech\/","name":"\u00c1o Xu\u00e2n H\u00e8 c\u1ed5 l\u1ec7ch - shopnhis","isPartOf":{"@id":"https:\/\/shopnhis.azdigi.shop\/#website"},"primaryImageOfPage":{"@id":"https:\/\/shopnhis.azdigi.shop\/index.php\/product\/ao-xuan-he-co-lech\/#primaryimage"},"image":{"@id":"https:\/\/shopnhis.azdigi.shop\/index.php\/product\/ao-xuan-he-co-lech\/#primaryimage"},"thumbnailUrl":"https:\/\/shopnhis.azdigi.shop\/wp-content\/uploads\/2026\/04\/z7713036582807_d57993c5b92140a3eefea1f33dc65d63.jpg","datePublished":"2026-04-10T18:24:17+00:00","dateModified":"2026-04-21T16:16:15+00:00","description":"Kh\u00e1m ph\u00e1 m\u1eabu \u00e1o Xu\u00e2n H\u00e8 c\u1ed5 l\u1ec7ch ph\u1ed1i hoa sang tr\u1ecdng. B\u00ed quy\u1ebft ch\u1ecdn \u00e1o t\u00f4n d\u00e1ng v\u00e0 che khuy\u1ebft \u0111i\u1ec3m hi\u1ec7u qu\u1ea3 gi\u00fap qu\u00fd c\u00f4 lu\u00f4n cu\u1ed1n h\u00fat.","breadcrumb":{"@id":"https:\/\/shopnhis.azdigi.shop\/index.php\/product\/ao-xuan-he-co-lech\/#breadcrumb"},"inLanguage":"vi","potentialAction":[{"@type":"ReadAction","target":["https:\/\/shopnhis.azdigi.shop\/index.php\/product\/ao-xuan-he-co-lech\/"]}]},{"@type":"ImageObject","inLanguage":"vi","@id":"https:\/\/shopnhis.azdigi.shop\/index.php\/product\/ao-xuan-he-co-lech\/#primaryimage","url":"https:\/\/shopnhis.azdigi.shop\/wp-content\/uploads\/2026\/04\/z7713036582807_d57993c5b92140a3eefea1f33dc65d63.jpg","contentUrl":"https:\/\/shopnhis.azdigi.shop\/wp-content\/uploads\/2026\/04\/z7713036582807_d57993c5b92140a3eefea1f33dc65d63.jpg","width":613,"height":909},{"@type":"BreadcrumbList","@id":"https:\/\/shopnhis.azdigi.shop\/index.php\/product\/ao-xuan-he-co-lech\/#breadcrumb","itemListElement":[{"@type":"ListItem","position":1,"name":"Home","item":"https:\/\/shopnhis.azdigi.shop\/"},{"@type":"ListItem","position":2,"name":"Shop","item":"https:\/\/shopnhis.azdigi.shop\/index.php\/shop\/"},{"@type":"ListItem","position":3,"name":"\u00c1o Xu\u00e2n H\u00e8 c\u1ed5 l\u1ec7ch"}]},{"@type":"WebSite","@id":"https:\/\/shopnhis.azdigi.shop\/#website","url":"https:\/\/shopnhis.azdigi.shop\/","name":"shopnhis","description":"","publisher":{"@id":"https:\/\/shopnhis.azdigi.shop\/#\/schema\/person\/c92d877cb93cb82d7aadcb9314758e29"},"potentialAction":[{"@type":"SearchAction","target":{"@type":"EntryPoint","urlTemplate":"https:\/\/shopnhis.azdigi.shop\/?s={search_term_string}"},"query-input":{"@type":"PropertyValueSpecification","valueRequired":true,"valueName":"search_term_string"}}],"inLanguage":"vi"},{"@type":["Person","Organization"],"@id":"https:\/\/shopnhis.azdigi.shop\/#\/schema\/person\/c92d877cb93cb82d7aadcb9314758e29","name":"qrlgobfk","image":{"@type":"ImageObject","inLanguage":"vi","@id":"https:\/\/shopnhis.azdigi.shop\/#\/schema\/person\/image\/","url":"https:\/\/shopnhis.azdigi.shop\/wp-content\/uploads\/2026\/03\/ChatGPT-Image-16_25_42-26-thg-2-2026.png","contentUrl":"https:\/\/shopnhis.azdigi.shop\/wp-content\/uploads\/2026\/03\/ChatGPT-Image-16_25_42-26-thg-2-2026.png","width":1536,"height":1024,"caption":"qrlgobfk"},"logo":{"@id":"https:\/\/shopnhis.azdigi.shop\/#\/schema\/person\/image\/"},"sameAs":["https:\/\/shopnhis.azdigi.shop"]}]}},"_links":{"self":[{"href":"https:\/\/shopnhis.azdigi.shop\/index.php\/wp-json\/wp\/v2\/product\/473","targetHints":{"allow":["GET"]}}],"collection":[{"href":"https:\/\/shopnhis.azdigi.shop\/index.php\/wp-json\/wp\/v2\/product"}],"about":[{"href":"https:\/\/shopnhis.azdigi.shop\/index.php\/wp-json\/wp\/v2\/types\/product"}],"replies":[{"embeddable":true,"href":"https:\/\/shopnhis.azdigi.shop\/index.php\/wp-json\/wp\/v2\/comments?post=473"}],"wp:featuredmedia":[{"embeddable":true,"href":"https:\/\/shopnhis.azdigi.shop\/index.php\/wp-json\/wp\/v2\/media\/474"}],"wp:attachment":[{"href":"https:\/\/shopnhis.azdigi.shop\/index.php\/wp-json\/wp\/v2\/media?parent=473"}],"wp:term":[{"taxonomy":"product_brand","embeddable":true,"href":"https:\/\/shopnhis.azdigi.shop\/index.php\/wp-json\/wp\/v2\/product_brand?post=473"},{"taxonomy":"product_cat","embeddable":true,"href":"https:\/\/shopnhis.azdigi.shop\/index.php\/wp-json\/wp\/v2\/product_cat?post=473"},{"taxonomy":"product_tag","embeddable":true,"href":"https:\/\/shopnhis.azdigi.shop\/index.php\/wp-json\/wp\/v2\/product_tag?post=473"}],"curies":[{"name":"wp","href":"https:\/\/api.w.org\/{rel}","templated":true}]}}