{"id":487,"date":"2026-04-10T18:34:35","date_gmt":"2026-04-10T18:34:35","guid":{"rendered":"https:\/\/shopnhis.azdigi.shop\/?post_type=product&#038;p=487"},"modified":"2026-04-21T16:10:58","modified_gmt":"2026-04-21T16:10:58","slug":"chan-vay-phao-1-hang-cuc-do-nhe","status":"publish","type":"product","link":"https:\/\/shopnhis.azdigi.shop\/index.php\/product\/chan-vay-phao-1-hang-cuc-do-nhe\/","title":{"rendered":"Ch\u00e2n v\u00e1y phao 1 h\u00e0ng c\u00fac \u0111\u1ed5 nh\u1eb9"},"content":{"rendered":"<h2 data-path-to-node=\"4\">1. Ch\u1ea5t li\u1ec7u phao ch\u1ea7n b\u00f4ng nh\u1eb9 nh\u00e0ng v\u00e0 cao c\u1ea5p<\/h2>\n<p data-path-to-node=\"5\">Kh\u00e1c v\u1edbi nh\u1eefng lo\u1ea1i v\u1ea3i th\u00f4ng th\u01b0\u1eddng, ch\u1ea5t li\u1ec7u phao mang l\u1ea1i v\u1ebb ngo\u00e0i tr\u1ebb trung v\u00e0 v\u00f4 c\u00f9ng hi\u1ec7n \u0111\u1ea1i.<\/p>\n<ul data-path-to-node=\"6\">\n<li>\n<p data-path-to-node=\"6,0,0\"><b data-path-to-node=\"6,0,0\" data-index-in-node=\"0\">Tr\u1ecdng l\u01b0\u1ee3ng si\u00eau nh\u1eb9:<\/b> D\u00f9 nh\u00ecn c\u00f3 v\u1ebb d\u00e0y d\u1eb7n, s\u1ea3n ph\u1ea9m l\u1ea1i mang c\u1ea3m gi\u00e1c nh\u1eb9 t\u00eanh khi m\u1eb7c. \u0110i\u1ec1u n\u00e0y gi\u00fap b\u1ea1n tho\u1ea3i m\u00e1i di chuy\u1ec3n su\u1ed1t c\u1ea3 ng\u00e0y.<\/p>\n<\/li>\n<li>\n<p data-path-to-node=\"6,1,0\"><b data-path-to-node=\"6,1,0\" data-index-in-node=\"0\">H\u1ecda ti\u1ebft ch\u1ea7n tr\u00e1m tinh t\u1ebf:<\/b> C\u00e1c \u0111\u01b0\u1eddng ch\u1ec9 ch\u1ea7n h\u00ecnh qu\u1ea3 tr\u00e1m gi\u00fap b\u1ec1 m\u1eb7t v\u1ea3i th\u00eam ph\u1ea7n sang tr\u1ecdng. \u0110\u1ed3ng th\u1eddi, chi ti\u1ebft n\u00e0y c\u00f2n gi\u00fap gi\u1eef cho l\u1edbp b\u00f4ng b\u00ean trong lu\u00f4n \u1ed5n \u0111\u1ecbnh.<\/p>\n<\/li>\n<\/ul>\n<h2 data-path-to-node=\"7\">2. Thi\u1ebft k\u1ebf 1 h\u00e0ng c\u00fac v\u00e0 phom d\u00e1ng \u0111\u1ed5 nh\u1eb9 tinh t\u1ebf<\/h2>\n<p data-path-to-node=\"8\">\u0110i\u1ec3m nh\u1ea5n n\u1ed5i b\u1eadt nh\u1ea5t ch\u00ednh l\u00e0 h\u00e0ng c\u00fac d\u1ecdc ph\u00eda tr\u01b0\u1edbc c\u00f9ng \u0111\u1ed9 x\u00f2e nh\u1eb9 t\u1ef1 nhi\u00ean.<\/p>\n<ul data-path-to-node=\"9\">\n<li>\n<p data-path-to-node=\"9,0,0\"><b data-path-to-node=\"9,0,0\" data-index-in-node=\"0\">Phom d\u00e1ng ch\u1eef A \u0111\u1ed5 nh\u1eb9:<\/b> Thi\u1ebft k\u1ebf n\u00e0y gi\u00fap che khuy\u1ebft \u0111i\u1ec3m v\u00f9ng h\u00f4ng r\u1ea5t t\u1ed1t. N\u00f3 t\u1ea1o hi\u1ec7u \u1ee9ng \u0111\u00f4i ch\u00e2n thon d\u00e0i v\u00e0 v\u00f3c d\u00e1ng c\u00e2n \u0111\u1ed1i h\u01a1n.<\/p>\n<\/li>\n<li>\n<p data-path-to-node=\"9,1,0\"><b data-path-to-node=\"9,1,0\" data-index-in-node=\"0\">H\u00e0ng c\u00fac th\u1eddi trang:<\/b> Chi ti\u1ebft c\u00fac \u00e1o kh\u00f4ng ch\u1ec9 c\u00f3 t\u00e1c d\u1ee5ng ti\u1ec7n l\u1ee3i m\u00e0 c\u00f2n l\u00e0 \u0111i\u1ec3m nh\u1ea5n th\u1ecb gi\u00e1c th\u00fa v\u1ecb. N\u00f3 mang l\u1ea1i v\u1ebb ngo\u00e0i h\u01a1i h\u01b0\u1edbng c\u1ed5 \u0111i\u1ec3n nh\u01b0ng v\u1eabn \u0111\u1ea7y n\u00e9t m\u1edbi l\u1ea1.<\/p>\n<\/li>\n<\/ul>\n<h2 data-path-to-node=\"10\">3. M\u00e0u s\u1eafc trang nh\u00e3, d\u1ec5 d\u00e0ng ph\u1ed1i \u0111\u1ed3<\/h2>\n<p data-path-to-node=\"11\">S\u1eafc tr\u1eafng ho\u1eb7c n\u00e2u c\u1ee7a <b data-path-to-node=\"11\" data-index-in-node=\"33\">ch\u00e2n v\u00e1y phao 1 h\u00e0ng c\u00fac \u0111\u1ed5 nh\u1eb9<\/b> l\u00e0 gam m\u00e0u c\u1ef1c k\u1ef3 d\u1ec5 t\u00ednh.<\/p>\n<ul data-path-to-node=\"12\">\n<li>\n<p data-path-to-node=\"12,0,0\"><b data-path-to-node=\"12,0,0\" data-index-in-node=\"0\">Set \u0111\u1ed3 \u0111\u1ed3ng b\u1ed9:<\/b> B\u1ea1n c\u00f3 th\u1ec3 ph\u1ed1i c\u00f9ng \u00e1o phao c\u00f9ng ch\u1ea5t li\u1ec7u \u0111\u1ec3 t\u1ea1o n\u00ean v\u1ebb ngo\u00e0i &#8220;Clean Girl&#8221; chu\u1ea9n ch\u1ec9nh.<\/p>\n<\/li>\n<li>\n<p data-path-to-node=\"12,1,0\"><b data-path-to-node=\"12,1,0\" data-index-in-node=\"0\">Ph\u1ed1i c\u00f9ng boots cao c\u1ed5:<\/b> Nh\u01b0 trong h\u00ecnh, m\u1ed9t \u0111\u00f4i boots cao c\u1ed5 s\u1ebd l\u00e0 m\u1ea3nh gh\u00e9p ho\u00e0n h\u1ea3o. C\u00e1ch ph\u1ed1i n\u00e0y gi\u00fap t\u1ed5ng th\u1ec3 outfit tr\u00f4ng &#8220;\u0111\u1eaft gi\u00e1&#8221; v\u00e0 th\u1eddi th\u01b0\u1ee3ng h\u01a1n h\u1eb3n.<\/p>\n<\/li>\n<\/ul>\n<h2 data-path-to-node=\"13\">4. Ph\u00f9 h\u1ee3p cho nhi\u1ec1u ho\u1ea1t \u0111\u1ed9ng ngo\u00e0i tr\u1eddi<\/h2>\n<p data-path-to-node=\"14\">Nh\u1edd ch\u1ea5t li\u1ec7u \u0111\u1eb7c tr\u01b0ng, m\u1eabu ch\u00e2n v\u00e1y n\u00e0y c\u1ef1c k\u1ef3 b\u1ec1n b\u1ec9 v\u00e0 gi\u1eef form t\u1ed1t.<\/p>\n<ul data-path-to-node=\"15\">\n<li>\n<p data-path-to-node=\"15,0,0\"><b data-path-to-node=\"15,0,0\" data-index-in-node=\"0\">\u0110i du l\u1ecbch, d\u1ea1o ph\u1ed1:<\/b> B\u1ea1n s\u1ebd c\u00f3 ngay nh\u1eefng b\u1ee9c \u1ea3nh &#8220;s\u1ed1ng \u1ea3o&#8221; chu\u1ea9n phong c\u00e1ch Ch\u00e2u \u00c2u.<\/p>\n<\/li>\n<li>\n<p data-path-to-node=\"15,1,0\"><b data-path-to-node=\"15,1,0\" data-index-in-node=\"0\">Gi\u1eef \u1ea5m hi\u1ec7u qu\u1ea3:<\/b> Ch\u1ea5t li\u1ec7u phao gi\u00fap c\u1ea3n gi\u00f3 t\u1ed1t, ph\u00f9 h\u1ee3p cho nh\u1eefng chuy\u1ebfn \u0111i \u0110\u00e0 L\u1ea1t hay v\u00f9ng cao.<\/p>\n<\/li>\n<\/ul>\n","protected":false},"excerpt":{"rendered":"<p>Trong nh\u1eefng ng\u00e0y th\u1eddi ti\u1ebft giao m\u00f9a, trang ph\u1ee5c v\u1eeba gi\u1eef \u1ea5m v\u1eeba th\u1eddi trang lu\u00f4n \u0111\u01b0\u1ee3c \u01b0u ti\u00ean. <b data-path-to-node=\"3\" data-index-in-node=\"93\">Ch\u00e2n v\u00e1y phao 1 h\u00e0ng c\u00fac \u0111\u1ed5 nh\u1eb9<\/b> ch\u00ednh l\u00e0 m\u1ed9t thi\u1ebft k\u1ebf \u0111\u1ed9c \u0111\u00e1o nh\u01b0 v\u1eady. V\u1edbi s\u1ef1 k\u1ebft h\u1ee3p gi\u1eefa ch\u1ea5t li\u1ec7u phao n\u0103ng \u0111\u1ed9ng v\u00e0 phom d\u00e1ng n\u1eef t\u00ednh, \u0111\u00e2y l\u00e0 item kh\u00f4ng th\u1ec3 thi\u1ebfu trong t\u1ee7 \u0111\u1ed3 c\u1ee7a c\u00e1c c\u00f4 n\u00e0ng s\u00e0nh \u0111i\u1ec7u.<\/p>\n","protected":false},"featured_media":490,"comment_status":"open","ping_status":"closed","template":"","meta":[],"product_brand":[],"product_cat":[20],"product_tag":[],"class_list":{"0":"post-487","1":"product","2":"type-product","3":"status-publish","4":"has-post-thumbnail","6":"product_cat-chan-vay","8":"first","9":"instock","10":"shipping-taxable","11":"purchasable","12":"product-type-variable"},"yoast_head":"<!-- This site is optimized with the Yoast SEO plugin v27.1.1 - https:\/\/yoast.com\/product\/yoast-seo-wordpress\/ -->\n<title>Ch\u00e2n v\u00e1y phao 1 h\u00e0ng c\u00fac \u0111\u1ed5 nh\u1eb9 - shopnhis<\/title>\n<meta name=\"description\" content=\"Kh\u00e1m ph\u00e1 ch\u00e2n v\u00e1y phao 1 h\u00e0ng c\u00fac \u0111\u1ed5 nh\u1eb9 \u2013 xu h\u01b0\u1edbng th\u1eddi trang m\u1edbi l\u1ea1 v\u00e0 tr\u1ebb trung. B\u00ed quy\u1ebft ph\u1ed1i \u0111\u1ed3 t\u00f4n d\u00e1ng v\u00e0 gi\u1eef \u1ea5m hi\u1ec7u qu\u1ea3 cho ph\u00e1i \u0111\u1eb9p.\" \/>\n<meta name=\"robots\" content=\"index, follow, max-snippet:-1, max-image-preview:large, max-video-preview:-1\" \/>\n<link rel=\"canonical\" href=\"https:\/\/shopnhis.azdigi.shop\/index.php\/product\/chan-vay-phao-1-hang-cuc-do-nhe\/\" \/>\n<meta property=\"og:locale\" content=\"vi_VN\" \/>\n<meta property=\"og:type\" content=\"article\" \/>\n<meta property=\"og:title\" content=\"Ch\u00e2n v\u00e1y phao 1 h\u00e0ng c\u00fac \u0111\u1ed5 nh\u1eb9 - shopnhis\" \/>\n<meta property=\"og:description\" content=\"Kh\u00e1m ph\u00e1 ch\u00e2n v\u00e1y phao 1 h\u00e0ng c\u00fac \u0111\u1ed5 nh\u1eb9 \u2013 xu h\u01b0\u1edbng th\u1eddi trang m\u1edbi l\u1ea1 v\u00e0 tr\u1ebb trung. B\u00ed quy\u1ebft ph\u1ed1i \u0111\u1ed3 t\u00f4n d\u00e1ng v\u00e0 gi\u1eef \u1ea5m hi\u1ec7u qu\u1ea3 cho ph\u00e1i \u0111\u1eb9p.\" \/>\n<meta property=\"og:url\" content=\"https:\/\/shopnhis.azdigi.shop\/index.php\/product\/chan-vay-phao-1-hang-cuc-do-nhe\/\" \/>\n<meta property=\"og:site_name\" content=\"shopnhis\" \/>\n<meta property=\"article:modified_time\" content=\"2026-04-21T16:10:58+00:00\" \/>\n<meta property=\"og:image\" content=\"https:\/\/shopnhis.azdigi.shop\/wp-content\/uploads\/2026\/04\/z7713041332514_518174871c13d0b1f5d4f1a7a10606a6.jpg\" \/>\n\t<meta property=\"og:image:width\" content=\"619\" \/>\n\t<meta property=\"og:image:height\" content=\"911\" \/>\n\t<meta property=\"og:image:type\" content=\"image\/jpeg\" \/>\n<meta name=\"twitter:card\" content=\"summary_large_image\" \/>\n<meta name=\"twitter:label1\" content=\"\u01af\u1edbc t\u00ednh th\u1eddi gian \u0111\u1ecdc\" \/>\n\t<meta name=\"twitter:data1\" content=\"3 ph\u00fat\" \/>\n<script type=\"application\/ld+json\" class=\"yoast-schema-graph\">{\"@context\":\"https:\/\/schema.org\",\"@graph\":[{\"@type\":\"WebPage\",\"@id\":\"https:\/\/shopnhis.azdigi.shop\/index.php\/product\/chan-vay-phao-1-hang-cuc-do-nhe\/\",\"url\":\"https:\/\/shopnhis.azdigi.shop\/index.php\/product\/chan-vay-phao-1-hang-cuc-do-nhe\/\",\"name\":\"Ch\u00e2n v\u00e1y phao 1 h\u00e0ng c\u00fac \u0111\u1ed5 nh\u1eb9 - shopnhis\",\"isPartOf\":{\"@id\":\"https:\/\/shopnhis.azdigi.shop\/#website\"},\"primaryImageOfPage\":{\"@id\":\"https:\/\/shopnhis.azdigi.shop\/index.php\/product\/chan-vay-phao-1-hang-cuc-do-nhe\/#primaryimage\"},\"image\":{\"@id\":\"https:\/\/shopnhis.azdigi.shop\/index.php\/product\/chan-vay-phao-1-hang-cuc-do-nhe\/#primaryimage\"},\"thumbnailUrl\":\"https:\/\/shopnhis.azdigi.shop\/wp-content\/uploads\/2026\/04\/z7713041332514_518174871c13d0b1f5d4f1a7a10606a6.jpg\",\"datePublished\":\"2026-04-10T18:34:35+00:00\",\"dateModified\":\"2026-04-21T16:10:58+00:00\",\"description\":\"Kh\u00e1m ph\u00e1 ch\u00e2n v\u00e1y phao 1 h\u00e0ng c\u00fac \u0111\u1ed5 nh\u1eb9 \u2013 xu h\u01b0\u1edbng th\u1eddi trang m\u1edbi l\u1ea1 v\u00e0 tr\u1ebb trung. B\u00ed quy\u1ebft ph\u1ed1i \u0111\u1ed3 t\u00f4n d\u00e1ng v\u00e0 gi\u1eef \u1ea5m hi\u1ec7u qu\u1ea3 cho ph\u00e1i \u0111\u1eb9p.\",\"breadcrumb\":{\"@id\":\"https:\/\/shopnhis.azdigi.shop\/index.php\/product\/chan-vay-phao-1-hang-cuc-do-nhe\/#breadcrumb\"},\"inLanguage\":\"vi\",\"potentialAction\":[{\"@type\":\"ReadAction\",\"target\":[\"https:\/\/shopnhis.azdigi.shop\/index.php\/product\/chan-vay-phao-1-hang-cuc-do-nhe\/\"]}]},{\"@type\":\"ImageObject\",\"inLanguage\":\"vi\",\"@id\":\"https:\/\/shopnhis.azdigi.shop\/index.php\/product\/chan-vay-phao-1-hang-cuc-do-nhe\/#primaryimage\",\"url\":\"https:\/\/shopnhis.azdigi.shop\/wp-content\/uploads\/2026\/04\/z7713041332514_518174871c13d0b1f5d4f1a7a10606a6.jpg\",\"contentUrl\":\"https:\/\/shopnhis.azdigi.shop\/wp-content\/uploads\/2026\/04\/z7713041332514_518174871c13d0b1f5d4f1a7a10606a6.jpg\",\"width\":619,\"height\":911},{\"@type\":\"BreadcrumbList\",\"@id\":\"https:\/\/shopnhis.azdigi.shop\/index.php\/product\/chan-vay-phao-1-hang-cuc-do-nhe\/#breadcrumb\",\"itemListElement\":[{\"@type\":\"ListItem\",\"position\":1,\"name\":\"Home\",\"item\":\"https:\/\/shopnhis.azdigi.shop\/\"},{\"@type\":\"ListItem\",\"position\":2,\"name\":\"Shop\",\"item\":\"https:\/\/shopnhis.azdigi.shop\/index.php\/shop\/\"},{\"@type\":\"ListItem\",\"position\":3,\"name\":\"Ch\u00e2n v\u00e1y phao 1 h\u00e0ng c\u00fac \u0111\u1ed5 nh\u1eb9\"}]},{\"@type\":\"WebSite\",\"@id\":\"https:\/\/shopnhis.azdigi.shop\/#website\",\"url\":\"https:\/\/shopnhis.azdigi.shop\/\",\"name\":\"shopnhis\",\"description\":\"\",\"publisher\":{\"@id\":\"https:\/\/shopnhis.azdigi.shop\/#\/schema\/person\/c92d877cb93cb82d7aadcb9314758e29\"},\"potentialAction\":[{\"@type\":\"SearchAction\",\"target\":{\"@type\":\"EntryPoint\",\"urlTemplate\":\"https:\/\/shopnhis.azdigi.shop\/?s={search_term_string}\"},\"query-input\":{\"@type\":\"PropertyValueSpecification\",\"valueRequired\":true,\"valueName\":\"search_term_string\"}}],\"inLanguage\":\"vi\"},{\"@type\":[\"Person\",\"Organization\"],\"@id\":\"https:\/\/shopnhis.azdigi.shop\/#\/schema\/person\/c92d877cb93cb82d7aadcb9314758e29\",\"name\":\"qrlgobfk\",\"image\":{\"@type\":\"ImageObject\",\"inLanguage\":\"vi\",\"@id\":\"https:\/\/shopnhis.azdigi.shop\/#\/schema\/person\/image\/\",\"url\":\"https:\/\/shopnhis.azdigi.shop\/wp-content\/uploads\/2026\/03\/ChatGPT-Image-16_25_42-26-thg-2-2026.png\",\"contentUrl\":\"https:\/\/shopnhis.azdigi.shop\/wp-content\/uploads\/2026\/03\/ChatGPT-Image-16_25_42-26-thg-2-2026.png\",\"width\":1536,\"height\":1024,\"caption\":\"qrlgobfk\"},\"logo\":{\"@id\":\"https:\/\/shopnhis.azdigi.shop\/#\/schema\/person\/image\/\"},\"sameAs\":[\"https:\/\/shopnhis.azdigi.shop\"]}]}<\/script>\n<!-- \/ Yoast SEO plugin. -->","yoast_head_json":{"title":"Ch\u00e2n v\u00e1y phao 1 h\u00e0ng c\u00fac \u0111\u1ed5 nh\u1eb9 - shopnhis","description":"Kh\u00e1m ph\u00e1 ch\u00e2n v\u00e1y phao 1 h\u00e0ng c\u00fac \u0111\u1ed5 nh\u1eb9 \u2013 xu h\u01b0\u1edbng th\u1eddi trang m\u1edbi l\u1ea1 v\u00e0 tr\u1ebb trung. B\u00ed quy\u1ebft ph\u1ed1i \u0111\u1ed3 t\u00f4n d\u00e1ng v\u00e0 gi\u1eef \u1ea5m hi\u1ec7u qu\u1ea3 cho ph\u00e1i \u0111\u1eb9p.","robots":{"index":"index","follow":"follow","max-snippet":"max-snippet:-1","max-image-preview":"max-image-preview:large","max-video-preview":"max-video-preview:-1"},"canonical":"https:\/\/shopnhis.azdigi.shop\/index.php\/product\/chan-vay-phao-1-hang-cuc-do-nhe\/","og_locale":"vi_VN","og_type":"article","og_title":"Ch\u00e2n v\u00e1y phao 1 h\u00e0ng c\u00fac \u0111\u1ed5 nh\u1eb9 - shopnhis","og_description":"Kh\u00e1m ph\u00e1 ch\u00e2n v\u00e1y phao 1 h\u00e0ng c\u00fac \u0111\u1ed5 nh\u1eb9 \u2013 xu h\u01b0\u1edbng th\u1eddi trang m\u1edbi l\u1ea1 v\u00e0 tr\u1ebb trung. B\u00ed quy\u1ebft ph\u1ed1i \u0111\u1ed3 t\u00f4n d\u00e1ng v\u00e0 gi\u1eef \u1ea5m hi\u1ec7u qu\u1ea3 cho ph\u00e1i \u0111\u1eb9p.","og_url":"https:\/\/shopnhis.azdigi.shop\/index.php\/product\/chan-vay-phao-1-hang-cuc-do-nhe\/","og_site_name":"shopnhis","article_modified_time":"2026-04-21T16:10:58+00:00","og_image":[{"width":619,"height":911,"url":"https:\/\/shopnhis.azdigi.shop\/wp-content\/uploads\/2026\/04\/z7713041332514_518174871c13d0b1f5d4f1a7a10606a6.jpg","type":"image\/jpeg"}],"twitter_card":"summary_large_image","twitter_misc":{"\u01af\u1edbc t\u00ednh th\u1eddi gian \u0111\u1ecdc":"3 ph\u00fat"},"schema":{"@context":"https:\/\/schema.org","@graph":[{"@type":"WebPage","@id":"https:\/\/shopnhis.azdigi.shop\/index.php\/product\/chan-vay-phao-1-hang-cuc-do-nhe\/","url":"https:\/\/shopnhis.azdigi.shop\/index.php\/product\/chan-vay-phao-1-hang-cuc-do-nhe\/","name":"Ch\u00e2n v\u00e1y phao 1 h\u00e0ng c\u00fac \u0111\u1ed5 nh\u1eb9 - shopnhis","isPartOf":{"@id":"https:\/\/shopnhis.azdigi.shop\/#website"},"primaryImageOfPage":{"@id":"https:\/\/shopnhis.azdigi.shop\/index.php\/product\/chan-vay-phao-1-hang-cuc-do-nhe\/#primaryimage"},"image":{"@id":"https:\/\/shopnhis.azdigi.shop\/index.php\/product\/chan-vay-phao-1-hang-cuc-do-nhe\/#primaryimage"},"thumbnailUrl":"https:\/\/shopnhis.azdigi.shop\/wp-content\/uploads\/2026\/04\/z7713041332514_518174871c13d0b1f5d4f1a7a10606a6.jpg","datePublished":"2026-04-10T18:34:35+00:00","dateModified":"2026-04-21T16:10:58+00:00","description":"Kh\u00e1m ph\u00e1 ch\u00e2n v\u00e1y phao 1 h\u00e0ng c\u00fac \u0111\u1ed5 nh\u1eb9 \u2013 xu h\u01b0\u1edbng th\u1eddi trang m\u1edbi l\u1ea1 v\u00e0 tr\u1ebb trung. B\u00ed quy\u1ebft ph\u1ed1i \u0111\u1ed3 t\u00f4n d\u00e1ng v\u00e0 gi\u1eef \u1ea5m hi\u1ec7u qu\u1ea3 cho ph\u00e1i \u0111\u1eb9p.","breadcrumb":{"@id":"https:\/\/shopnhis.azdigi.shop\/index.php\/product\/chan-vay-phao-1-hang-cuc-do-nhe\/#breadcrumb"},"inLanguage":"vi","potentialAction":[{"@type":"ReadAction","target":["https:\/\/shopnhis.azdigi.shop\/index.php\/product\/chan-vay-phao-1-hang-cuc-do-nhe\/"]}]},{"@type":"ImageObject","inLanguage":"vi","@id":"https:\/\/shopnhis.azdigi.shop\/index.php\/product\/chan-vay-phao-1-hang-cuc-do-nhe\/#primaryimage","url":"https:\/\/shopnhis.azdigi.shop\/wp-content\/uploads\/2026\/04\/z7713041332514_518174871c13d0b1f5d4f1a7a10606a6.jpg","contentUrl":"https:\/\/shopnhis.azdigi.shop\/wp-content\/uploads\/2026\/04\/z7713041332514_518174871c13d0b1f5d4f1a7a10606a6.jpg","width":619,"height":911},{"@type":"BreadcrumbList","@id":"https:\/\/shopnhis.azdigi.shop\/index.php\/product\/chan-vay-phao-1-hang-cuc-do-nhe\/#breadcrumb","itemListElement":[{"@type":"ListItem","position":1,"name":"Home","item":"https:\/\/shopnhis.azdigi.shop\/"},{"@type":"ListItem","position":2,"name":"Shop","item":"https:\/\/shopnhis.azdigi.shop\/index.php\/shop\/"},{"@type":"ListItem","position":3,"name":"Ch\u00e2n v\u00e1y phao 1 h\u00e0ng c\u00fac \u0111\u1ed5 nh\u1eb9"}]},{"@type":"WebSite","@id":"https:\/\/shopnhis.azdigi.shop\/#website","url":"https:\/\/shopnhis.azdigi.shop\/","name":"shopnhis","description":"","publisher":{"@id":"https:\/\/shopnhis.azdigi.shop\/#\/schema\/person\/c92d877cb93cb82d7aadcb9314758e29"},"potentialAction":[{"@type":"SearchAction","target":{"@type":"EntryPoint","urlTemplate":"https:\/\/shopnhis.azdigi.shop\/?s={search_term_string}"},"query-input":{"@type":"PropertyValueSpecification","valueRequired":true,"valueName":"search_term_string"}}],"inLanguage":"vi"},{"@type":["Person","Organization"],"@id":"https:\/\/shopnhis.azdigi.shop\/#\/schema\/person\/c92d877cb93cb82d7aadcb9314758e29","name":"qrlgobfk","image":{"@type":"ImageObject","inLanguage":"vi","@id":"https:\/\/shopnhis.azdigi.shop\/#\/schema\/person\/image\/","url":"https:\/\/shopnhis.azdigi.shop\/wp-content\/uploads\/2026\/03\/ChatGPT-Image-16_25_42-26-thg-2-2026.png","contentUrl":"https:\/\/shopnhis.azdigi.shop\/wp-content\/uploads\/2026\/03\/ChatGPT-Image-16_25_42-26-thg-2-2026.png","width":1536,"height":1024,"caption":"qrlgobfk"},"logo":{"@id":"https:\/\/shopnhis.azdigi.shop\/#\/schema\/person\/image\/"},"sameAs":["https:\/\/shopnhis.azdigi.shop"]}]}},"_links":{"self":[{"href":"https:\/\/shopnhis.azdigi.shop\/index.php\/wp-json\/wp\/v2\/product\/487","targetHints":{"allow":["GET"]}}],"collection":[{"href":"https:\/\/shopnhis.azdigi.shop\/index.php\/wp-json\/wp\/v2\/product"}],"about":[{"href":"https:\/\/shopnhis.azdigi.shop\/index.php\/wp-json\/wp\/v2\/types\/product"}],"replies":[{"embeddable":true,"href":"https:\/\/shopnhis.azdigi.shop\/index.php\/wp-json\/wp\/v2\/comments?post=487"}],"wp:featuredmedia":[{"embeddable":true,"href":"https:\/\/shopnhis.azdigi.shop\/index.php\/wp-json\/wp\/v2\/media\/490"}],"wp:attachment":[{"href":"https:\/\/shopnhis.azdigi.shop\/index.php\/wp-json\/wp\/v2\/media?parent=487"}],"wp:term":[{"taxonomy":"product_brand","embeddable":true,"href":"https:\/\/shopnhis.azdigi.shop\/index.php\/wp-json\/wp\/v2\/product_brand?post=487"},{"taxonomy":"product_cat","embeddable":true,"href":"https:\/\/shopnhis.azdigi.shop\/index.php\/wp-json\/wp\/v2\/product_cat?post=487"},{"taxonomy":"product_tag","embeddable":true,"href":"https:\/\/shopnhis.azdigi.shop\/index.php\/wp-json\/wp\/v2\/product_tag?post=487"}],"curies":[{"name":"wp","href":"https:\/\/api.w.org\/{rel}","templated":true}]}}