{"id":541,"date":"2026-04-10T19:10:12","date_gmt":"2026-04-10T19:10:12","guid":{"rendered":"https:\/\/shopnhis.azdigi.shop\/?post_type=product&#038;p=541"},"modified":"2026-04-21T15:55:35","modified_gmt":"2026-04-21T15:55:35","slug":"chan-vay-2-cap-xep-ly","status":"publish","type":"product","link":"https:\/\/shopnhis.azdigi.shop\/index.php\/product\/chan-vay-2-cap-xep-ly\/","title":{"rendered":"Ch\u00e2n v\u00e1y 2 c\u1ea1p x\u1ebfp ly"},"content":{"rendered":"<h2 data-path-to-node=\"4\">1. Thi\u1ebft k\u1ebf 2 c\u1ea1p \u0111\u1ed9c \u0111\u00e1o v\u00e0 ph\u00e1 c\u00e1ch<\/h2>\n<p data-path-to-node=\"5\">\u0110i\u1ec3m nh\u1ea5n th\u00fa v\u1ecb nh\u1ea5t c\u1ee7a m\u1eabu v\u00e1y n\u00e0y ch\u00ednh l\u00e0 ph\u1ea7n c\u1ea1p k\u00e9p tinh t\u1ebf. Chi ti\u1ebft n\u00e0y kh\u00f4ng ch\u1ec9 l\u1ea1 m\u1eaft m\u00e0 c\u00f2n mang l\u1ea1i nhi\u1ec1u l\u1ee3i \u00edch cho v\u00f3c d\u00e1ng.<\/p>\n<ul data-path-to-node=\"6\">\n<li>\n<p data-path-to-node=\"6,0,0\"><b data-path-to-node=\"6,0,0\" data-index-in-node=\"0\">\u0110\u1ecbnh h\u00ecnh v\u00f2ng eo:<\/b> Thi\u1ebft k\u1ebf 2 c\u1ea1p gi\u00fap ph\u1ea7n th\u1eaft l\u01b0ng tr\u00f4ng thon g\u1ecdn v\u00e0 s\u0103n ch\u1eafc h\u01a1n. N\u00f3 t\u1ea1o hi\u1ec7u \u1ee9ng th\u1ecb gi\u00e1c v\u1ec1 m\u1ed9t v\u00f2ng eo &#8220;con ki\u1ebfn&#8221; c\u1ef1c k\u1ef3 hi\u1ec7u qu\u1ea3.<\/p>\n<\/li>\n<li>\n<p data-path-to-node=\"6,1,0\"><b data-path-to-node=\"6,1,0\" data-index-in-node=\"0\">Chi ti\u1ebft \u0111\u1ec9a qu\u1ea7n:<\/b> Ph\u1ea7n c\u1ea1p \u0111\u01b0\u1ee3c may th\u00eam \u0111\u1ec9a gi\u00fap b\u1ea1n d\u1ec5 d\u00e0ng k\u1ebft h\u1ee3p c\u00f9ng th\u1eaft l\u01b0ng. \u0110i\u1ec1u n\u00e0y t\u1ea1o th\u00eam \u0111i\u1ec3m nh\u1ea5n c\u00e1 t\u00ednh cho t\u1ed5ng th\u1ec3 b\u1ed9 trang ph\u1ee5c.<\/p>\n<\/li>\n<\/ul>\n<h2 data-path-to-node=\"7\">2. \u0110\u01b0\u1eddng x\u1ebfp ly s\u1eafc n\u00e9t v\u00e0 b\u1ec1n phom<\/h2>\n<p data-path-to-node=\"8\">K\u1ef9 thu\u1eadt x\u1ebfp ly t\u1ec9 m\u1ec9 gi\u00fap chi\u1ebfc v\u00e1y gi\u1eef \u0111\u01b0\u1ee3c \u0111\u1ed9 x\u00f2e ho\u00e0n h\u1ea3o trong m\u1ecdi chuy\u1ec3n \u0111\u1ed9ng.<\/p>\n<ul data-path-to-node=\"9\">\n<li>\n<p data-path-to-node=\"9,0,0\"><b data-path-to-node=\"9,0,0\" data-index-in-node=\"0\">X\u1ebfp ly b\u1ea3n l\u1edbn:<\/b> Nh\u1eefng \u0111\u01b0\u1eddng g\u1ea5p b\u1ea3n r\u1ed9ng mang l\u1ea1i v\u1ebb ngo\u00e0i hi\u1ec7n \u0111\u1ea1i v\u00e0 n\u0103ng \u0111\u1ed9ng. N\u00f3 tr\u00e1nh \u0111\u01b0\u1ee3c c\u1ea3m gi\u00e1c qu\u00e1 &#8220;\u0111i\u1ec7u \u0111\u00e0&#8221; c\u1ee7a nh\u1eefng m\u1eabu x\u1ebfp ly nh\u1ecf th\u00f4ng th\u01b0\u1eddng.<\/p>\n<\/li>\n<li>\n<p data-path-to-node=\"9,1,0\"><b data-path-to-node=\"9,1,0\" data-index-in-node=\"0\">Ch\u1ea5t li\u1ec7u v\u1ea3i cao c\u1ea5p:<\/b> V\u1ea3i c\u00f3 \u0111\u1ed9 \u0111\u1ee9ng phom t\u1ed1t, gi\u00fap c\u00e1c \u0111\u01b0\u1eddng ly lu\u00f4n s\u1eafc s\u1ea3o sau nhi\u1ec1u l\u1ea7n gi\u1eb7t. Ch\u1ea5t li\u1ec7u n\u00e0y c\u0169ng h\u1ea1n ch\u1ebf t\u1ed1i \u0111a vi\u1ec7c b\u1ecb nh\u0103n khi ng\u1ed3i l\u00e2u.<\/p>\n<\/li>\n<\/ul>\n<h2 data-path-to-node=\"10\">3. M\u00e0u s\u1eafc kinh \u0111i\u1ec3n v\u00e0 kh\u1ea3 n\u0103ng ph\u1ed1i \u0111\u1ed3<\/h2>\n<p data-path-to-node=\"11\">M\u00e0u \u0111en ho\u1eb7c x\u00e1m lu\u00f4n l\u00e0 gam m\u00e0u quy\u1ec1n l\u1ef1c v\u00e0 d\u1ec5 ph\u1ed1i \u0111\u1ed3 nh\u1ea5t trong t\u1ee7 qu\u1ea7n \u00e1o.<\/p>\n<ul data-path-to-node=\"12\">\n<li>\n<p data-path-to-node=\"12,0,0\"><b data-path-to-node=\"12,0,0\" data-index-in-node=\"0\">Phong c\u00e1ch Preppy:<\/b> B\u1ea1n h\u00e3y ph\u1ed1i ch\u00e2n v\u00e1y c\u00f9ng \u00e1o s\u01a1 mi tr\u1eafng v\u00e0 c\u00e0 v\u1ea1t. \u0110\u00e2y l\u00e0 outfit chu\u1ea9n phong c\u00e1ch h\u1ecdc \u0111\u01b0\u1eddng sang tr\u1ecdng v\u00e0 tr\u1ebb trung.<\/p>\n<\/li>\n<li>\n<p data-path-to-node=\"12,1,0\"><b data-path-to-node=\"12,1,0\" data-index-in-node=\"0\">Phong c\u00e1ch n\u0103ng \u0111\u1ed9ng:<\/b> K\u1ebft h\u1ee3p c\u00f9ng \u00e1o thun \u00f4m ho\u1eb7c \u00e1o croptop s\u1ebd gi\u00fap b\u1ea1n tr\u00f4ng kh\u1ecfe kho\u1eafn h\u01a1n. M\u1ed9t \u0111\u00f4i sneakers tr\u1eafng l\u00e0 l\u1ef1a ch\u1ecdn ho\u00e0n h\u1ea3o cho phong c\u00e1ch n\u00e0y.<\/p>\n<\/li>\n<li>\n<p data-path-to-node=\"12,2,0\"><b data-path-to-node=\"12,2,0\" data-index-in-node=\"0\">Phong c\u00e1ch c\u00e1 t\u00ednh:<\/b> H\u00e3y th\u1eed di\u1ec7n c\u00f9ng boots cao c\u1ed5 v\u00e0 \u00e1o blazer d\u00e1ng r\u1ed9ng \u0111\u1ec3 t\u0103ng th\u00eam ph\u1ea7n th\u1eddi th\u01b0\u1ee3ng.<\/p>\n<\/li>\n<\/ul>\n<h2 data-path-to-node=\"13\">4. Ph\u00f9 h\u1ee3p cho nhi\u1ec1u ho\u1ea1t \u0111\u1ed9ng th\u01b0\u1eddng ng\u00e0y<\/h2>\n<p data-path-to-node=\"14\">Nh\u1edd s\u1ef1 linh ho\u1ea1t, <b data-path-to-node=\"14\" data-index-in-node=\"18\">ch\u00e2n v\u00e1y 2 c\u1ea1p x\u1ebfp ly<\/b>\u00a0c\u00f3 th\u1ec3 \u0111\u1ed3ng h\u00e0nh c\u00f9ng b\u1ea1n \u1edf m\u1ecdi n\u01a1i.<\/p>\n<ul data-path-to-node=\"15\">\n<li>\n<p data-path-to-node=\"15,0,0\"><b data-path-to-node=\"15,0,0\" data-index-in-node=\"0\">\u0110i h\u1ecdc v\u00e0 \u0111i l\u00e0m:<\/b> V\u1ebb ngo\u00e0i ch\u1ec9n chu gi\u00fap b\u1ea1n t\u1ef1 tin trong m\u00f4i tr\u01b0\u1eddng h\u1ecdc t\u1eadp v\u00e0 c\u00f4ng s\u1edf.<\/p>\n<\/li>\n<li>\n<p data-path-to-node=\"15,1,0\"><b data-path-to-node=\"15,1,0\" data-index-in-node=\"0\">D\u1ea1o ph\u1ed1 v\u00e0 ch\u1ee5p \u1ea3nh:<\/b> Thi\u1ebft k\u1ebf n\u00e0y c\u1ef1c k\u1ef3 \u0103n \u1ea3nh v\u00e0 gi\u00fap b\u1ea1n s\u1edf h\u1eefu nh\u1eefng b\u1ed9 outfit chu\u1ea9n &#8220;trend&#8221; tr\u00ean m\u1ea1ng x\u00e3 h\u1ed9i.<\/p>\n<\/li>\n<\/ul>\n","protected":false},"excerpt":{"rendered":"<p>Th\u1eddi trang x\u1ebfp ly lu\u00f4n mang l\u1ea1i v\u1ebb ngo\u00e0i tr\u1ebb trung v\u00e0 \u0111\u1ea7y s\u1ee9c s\u1ed1ng. <b data-path-to-node=\"3\" data-index-in-node=\"68\">Ch\u00e2n v\u00e1y 2 c\u1ea1p x\u1ebfp ly<\/b> l\u00e0 s\u1ef1 n\u00e2ng c\u1ea5p ho\u00e0n h\u1ea3o t\u1eeb phom d\u00e1ng tennis truy\u1ec1n th\u1ed1ng. V\u1edbi thi\u1ebft k\u1ebf \u0111\u1ed9c \u0111\u00e1o v\u00e0 m\u00e0u s\u1eafc trung t\u00ednh, \u0111\u00e2y l\u00e0 item gi\u00fap b\u1ea1n bi\u1ebfn h\u00f3a \u0111a d\u1ea1ng phong c\u00e1ch m\u1ed7i ng\u00e0y.<\/p>\n","protected":false},"featured_media":542,"comment_status":"open","ping_status":"closed","template":"","meta":[],"product_brand":[],"product_cat":[20],"product_tag":[],"class_list":{"0":"post-541","1":"product","2":"type-product","3":"status-publish","4":"has-post-thumbnail","6":"product_cat-chan-vay","8":"first","9":"instock","10":"shipping-taxable","11":"purchasable","12":"product-type-variable"},"yoast_head":"<!-- This site is optimized with the Yoast SEO plugin v27.1.1 - https:\/\/yoast.com\/product\/yoast-seo-wordpress\/ -->\n<title>Ch\u00e2n v\u00e1y 2 c\u1ea1p x\u1ebfp ly - shopnhis<\/title>\n<meta name=\"description\" content=\"Kh\u00e1m ph\u00e1 ch\u00e2n v\u00e1y 2 c\u1ea1p x\u1ebfp ly \u2013 xu h\u01b0\u1edbng th\u1eddi trang tr\u1ebb trung v\u00e0 t\u00f4n d\u00e1ng. B\u00ed quy\u1ebft ph\u1ed1i \u0111\u1ed3 chu\u1ea9n phong c\u00e1ch h\u1ecdc \u0111\u01b0\u1eddng hi\u1ec7n \u0111\u1ea1i cho qu\u00fd c\u00f4 s\u00e0nh \u0111i\u1ec7u.\" \/>\n<meta name=\"robots\" content=\"index, follow, max-snippet:-1, max-image-preview:large, max-video-preview:-1\" \/>\n<link rel=\"canonical\" href=\"https:\/\/shopnhis.azdigi.shop\/index.php\/product\/chan-vay-2-cap-xep-ly\/\" \/>\n<meta property=\"og:locale\" content=\"vi_VN\" \/>\n<meta property=\"og:type\" content=\"article\" \/>\n<meta property=\"og:title\" content=\"Ch\u00e2n v\u00e1y 2 c\u1ea1p x\u1ebfp ly - shopnhis\" \/>\n<meta property=\"og:description\" content=\"Kh\u00e1m ph\u00e1 ch\u00e2n v\u00e1y 2 c\u1ea1p x\u1ebfp ly \u2013 xu h\u01b0\u1edbng th\u1eddi trang tr\u1ebb trung v\u00e0 t\u00f4n d\u00e1ng. B\u00ed quy\u1ebft ph\u1ed1i \u0111\u1ed3 chu\u1ea9n phong c\u00e1ch h\u1ecdc \u0111\u01b0\u1eddng hi\u1ec7n \u0111\u1ea1i cho qu\u00fd c\u00f4 s\u00e0nh \u0111i\u1ec7u.\" \/>\n<meta property=\"og:url\" content=\"https:\/\/shopnhis.azdigi.shop\/index.php\/product\/chan-vay-2-cap-xep-ly\/\" \/>\n<meta property=\"og:site_name\" content=\"shopnhis\" \/>\n<meta property=\"article:modified_time\" content=\"2026-04-21T15:55:35+00:00\" \/>\n<meta property=\"og:image\" content=\"https:\/\/shopnhis.azdigi.shop\/wp-content\/uploads\/2026\/04\/z7713050939369_6051012abdfcea8506aba551def12d77.jpg\" \/>\n\t<meta property=\"og:image:width\" content=\"619\" \/>\n\t<meta property=\"og:image:height\" content=\"931\" \/>\n\t<meta property=\"og:image:type\" content=\"image\/jpeg\" \/>\n<meta name=\"twitter:card\" content=\"summary_large_image\" \/>\n<meta name=\"twitter:label1\" content=\"\u01af\u1edbc t\u00ednh th\u1eddi gian \u0111\u1ecdc\" \/>\n\t<meta name=\"twitter:data1\" content=\"3 ph\u00fat\" \/>\n<script type=\"application\/ld+json\" class=\"yoast-schema-graph\">{\"@context\":\"https:\/\/schema.org\",\"@graph\":[{\"@type\":\"WebPage\",\"@id\":\"https:\/\/shopnhis.azdigi.shop\/index.php\/product\/chan-vay-2-cap-xep-ly\/\",\"url\":\"https:\/\/shopnhis.azdigi.shop\/index.php\/product\/chan-vay-2-cap-xep-ly\/\",\"name\":\"Ch\u00e2n v\u00e1y 2 c\u1ea1p x\u1ebfp ly - shopnhis\",\"isPartOf\":{\"@id\":\"https:\/\/shopnhis.azdigi.shop\/#website\"},\"primaryImageOfPage\":{\"@id\":\"https:\/\/shopnhis.azdigi.shop\/index.php\/product\/chan-vay-2-cap-xep-ly\/#primaryimage\"},\"image\":{\"@id\":\"https:\/\/shopnhis.azdigi.shop\/index.php\/product\/chan-vay-2-cap-xep-ly\/#primaryimage\"},\"thumbnailUrl\":\"https:\/\/shopnhis.azdigi.shop\/wp-content\/uploads\/2026\/04\/z7713050939369_6051012abdfcea8506aba551def12d77.jpg\",\"datePublished\":\"2026-04-10T19:10:12+00:00\",\"dateModified\":\"2026-04-21T15:55:35+00:00\",\"description\":\"Kh\u00e1m ph\u00e1 ch\u00e2n v\u00e1y 2 c\u1ea1p x\u1ebfp ly \u2013 xu h\u01b0\u1edbng th\u1eddi trang tr\u1ebb trung v\u00e0 t\u00f4n d\u00e1ng. B\u00ed quy\u1ebft ph\u1ed1i \u0111\u1ed3 chu\u1ea9n phong c\u00e1ch h\u1ecdc \u0111\u01b0\u1eddng hi\u1ec7n \u0111\u1ea1i cho qu\u00fd c\u00f4 s\u00e0nh \u0111i\u1ec7u.\",\"breadcrumb\":{\"@id\":\"https:\/\/shopnhis.azdigi.shop\/index.php\/product\/chan-vay-2-cap-xep-ly\/#breadcrumb\"},\"inLanguage\":\"vi\",\"potentialAction\":[{\"@type\":\"ReadAction\",\"target\":[\"https:\/\/shopnhis.azdigi.shop\/index.php\/product\/chan-vay-2-cap-xep-ly\/\"]}]},{\"@type\":\"ImageObject\",\"inLanguage\":\"vi\",\"@id\":\"https:\/\/shopnhis.azdigi.shop\/index.php\/product\/chan-vay-2-cap-xep-ly\/#primaryimage\",\"url\":\"https:\/\/shopnhis.azdigi.shop\/wp-content\/uploads\/2026\/04\/z7713050939369_6051012abdfcea8506aba551def12d77.jpg\",\"contentUrl\":\"https:\/\/shopnhis.azdigi.shop\/wp-content\/uploads\/2026\/04\/z7713050939369_6051012abdfcea8506aba551def12d77.jpg\",\"width\":619,\"height\":931},{\"@type\":\"BreadcrumbList\",\"@id\":\"https:\/\/shopnhis.azdigi.shop\/index.php\/product\/chan-vay-2-cap-xep-ly\/#breadcrumb\",\"itemListElement\":[{\"@type\":\"ListItem\",\"position\":1,\"name\":\"Home\",\"item\":\"https:\/\/shopnhis.azdigi.shop\/\"},{\"@type\":\"ListItem\",\"position\":2,\"name\":\"Shop\",\"item\":\"https:\/\/shopnhis.azdigi.shop\/index.php\/shop\/\"},{\"@type\":\"ListItem\",\"position\":3,\"name\":\"Ch\u00e2n v\u00e1y 2 c\u1ea1p x\u1ebfp ly\"}]},{\"@type\":\"WebSite\",\"@id\":\"https:\/\/shopnhis.azdigi.shop\/#website\",\"url\":\"https:\/\/shopnhis.azdigi.shop\/\",\"name\":\"shopnhis\",\"description\":\"\",\"publisher\":{\"@id\":\"https:\/\/shopnhis.azdigi.shop\/#\/schema\/person\/c92d877cb93cb82d7aadcb9314758e29\"},\"potentialAction\":[{\"@type\":\"SearchAction\",\"target\":{\"@type\":\"EntryPoint\",\"urlTemplate\":\"https:\/\/shopnhis.azdigi.shop\/?s={search_term_string}\"},\"query-input\":{\"@type\":\"PropertyValueSpecification\",\"valueRequired\":true,\"valueName\":\"search_term_string\"}}],\"inLanguage\":\"vi\"},{\"@type\":[\"Person\",\"Organization\"],\"@id\":\"https:\/\/shopnhis.azdigi.shop\/#\/schema\/person\/c92d877cb93cb82d7aadcb9314758e29\",\"name\":\"qrlgobfk\",\"image\":{\"@type\":\"ImageObject\",\"inLanguage\":\"vi\",\"@id\":\"https:\/\/shopnhis.azdigi.shop\/#\/schema\/person\/image\/\",\"url\":\"https:\/\/shopnhis.azdigi.shop\/wp-content\/uploads\/2026\/03\/ChatGPT-Image-16_25_42-26-thg-2-2026.png\",\"contentUrl\":\"https:\/\/shopnhis.azdigi.shop\/wp-content\/uploads\/2026\/03\/ChatGPT-Image-16_25_42-26-thg-2-2026.png\",\"width\":1536,\"height\":1024,\"caption\":\"qrlgobfk\"},\"logo\":{\"@id\":\"https:\/\/shopnhis.azdigi.shop\/#\/schema\/person\/image\/\"},\"sameAs\":[\"https:\/\/shopnhis.azdigi.shop\"]}]}<\/script>\n<!-- \/ Yoast SEO plugin. -->","yoast_head_json":{"title":"Ch\u00e2n v\u00e1y 2 c\u1ea1p x\u1ebfp ly - shopnhis","description":"Kh\u00e1m ph\u00e1 ch\u00e2n v\u00e1y 2 c\u1ea1p x\u1ebfp ly \u2013 xu h\u01b0\u1edbng th\u1eddi trang tr\u1ebb trung v\u00e0 t\u00f4n d\u00e1ng. B\u00ed quy\u1ebft ph\u1ed1i \u0111\u1ed3 chu\u1ea9n phong c\u00e1ch h\u1ecdc \u0111\u01b0\u1eddng hi\u1ec7n \u0111\u1ea1i cho qu\u00fd c\u00f4 s\u00e0nh \u0111i\u1ec7u.","robots":{"index":"index","follow":"follow","max-snippet":"max-snippet:-1","max-image-preview":"max-image-preview:large","max-video-preview":"max-video-preview:-1"},"canonical":"https:\/\/shopnhis.azdigi.shop\/index.php\/product\/chan-vay-2-cap-xep-ly\/","og_locale":"vi_VN","og_type":"article","og_title":"Ch\u00e2n v\u00e1y 2 c\u1ea1p x\u1ebfp ly - shopnhis","og_description":"Kh\u00e1m ph\u00e1 ch\u00e2n v\u00e1y 2 c\u1ea1p x\u1ebfp ly \u2013 xu h\u01b0\u1edbng th\u1eddi trang tr\u1ebb trung v\u00e0 t\u00f4n d\u00e1ng. B\u00ed quy\u1ebft ph\u1ed1i \u0111\u1ed3 chu\u1ea9n phong c\u00e1ch h\u1ecdc \u0111\u01b0\u1eddng hi\u1ec7n \u0111\u1ea1i cho qu\u00fd c\u00f4 s\u00e0nh \u0111i\u1ec7u.","og_url":"https:\/\/shopnhis.azdigi.shop\/index.php\/product\/chan-vay-2-cap-xep-ly\/","og_site_name":"shopnhis","article_modified_time":"2026-04-21T15:55:35+00:00","og_image":[{"width":619,"height":931,"url":"https:\/\/shopnhis.azdigi.shop\/wp-content\/uploads\/2026\/04\/z7713050939369_6051012abdfcea8506aba551def12d77.jpg","type":"image\/jpeg"}],"twitter_card":"summary_large_image","twitter_misc":{"\u01af\u1edbc t\u00ednh th\u1eddi gian \u0111\u1ecdc":"3 ph\u00fat"},"schema":{"@context":"https:\/\/schema.org","@graph":[{"@type":"WebPage","@id":"https:\/\/shopnhis.azdigi.shop\/index.php\/product\/chan-vay-2-cap-xep-ly\/","url":"https:\/\/shopnhis.azdigi.shop\/index.php\/product\/chan-vay-2-cap-xep-ly\/","name":"Ch\u00e2n v\u00e1y 2 c\u1ea1p x\u1ebfp ly - shopnhis","isPartOf":{"@id":"https:\/\/shopnhis.azdigi.shop\/#website"},"primaryImageOfPage":{"@id":"https:\/\/shopnhis.azdigi.shop\/index.php\/product\/chan-vay-2-cap-xep-ly\/#primaryimage"},"image":{"@id":"https:\/\/shopnhis.azdigi.shop\/index.php\/product\/chan-vay-2-cap-xep-ly\/#primaryimage"},"thumbnailUrl":"https:\/\/shopnhis.azdigi.shop\/wp-content\/uploads\/2026\/04\/z7713050939369_6051012abdfcea8506aba551def12d77.jpg","datePublished":"2026-04-10T19:10:12+00:00","dateModified":"2026-04-21T15:55:35+00:00","description":"Kh\u00e1m ph\u00e1 ch\u00e2n v\u00e1y 2 c\u1ea1p x\u1ebfp ly \u2013 xu h\u01b0\u1edbng th\u1eddi trang tr\u1ebb trung v\u00e0 t\u00f4n d\u00e1ng. B\u00ed quy\u1ebft ph\u1ed1i \u0111\u1ed3 chu\u1ea9n phong c\u00e1ch h\u1ecdc \u0111\u01b0\u1eddng hi\u1ec7n \u0111\u1ea1i cho qu\u00fd c\u00f4 s\u00e0nh \u0111i\u1ec7u.","breadcrumb":{"@id":"https:\/\/shopnhis.azdigi.shop\/index.php\/product\/chan-vay-2-cap-xep-ly\/#breadcrumb"},"inLanguage":"vi","potentialAction":[{"@type":"ReadAction","target":["https:\/\/shopnhis.azdigi.shop\/index.php\/product\/chan-vay-2-cap-xep-ly\/"]}]},{"@type":"ImageObject","inLanguage":"vi","@id":"https:\/\/shopnhis.azdigi.shop\/index.php\/product\/chan-vay-2-cap-xep-ly\/#primaryimage","url":"https:\/\/shopnhis.azdigi.shop\/wp-content\/uploads\/2026\/04\/z7713050939369_6051012abdfcea8506aba551def12d77.jpg","contentUrl":"https:\/\/shopnhis.azdigi.shop\/wp-content\/uploads\/2026\/04\/z7713050939369_6051012abdfcea8506aba551def12d77.jpg","width":619,"height":931},{"@type":"BreadcrumbList","@id":"https:\/\/shopnhis.azdigi.shop\/index.php\/product\/chan-vay-2-cap-xep-ly\/#breadcrumb","itemListElement":[{"@type":"ListItem","position":1,"name":"Home","item":"https:\/\/shopnhis.azdigi.shop\/"},{"@type":"ListItem","position":2,"name":"Shop","item":"https:\/\/shopnhis.azdigi.shop\/index.php\/shop\/"},{"@type":"ListItem","position":3,"name":"Ch\u00e2n v\u00e1y 2 c\u1ea1p x\u1ebfp ly"}]},{"@type":"WebSite","@id":"https:\/\/shopnhis.azdigi.shop\/#website","url":"https:\/\/shopnhis.azdigi.shop\/","name":"shopnhis","description":"","publisher":{"@id":"https:\/\/shopnhis.azdigi.shop\/#\/schema\/person\/c92d877cb93cb82d7aadcb9314758e29"},"potentialAction":[{"@type":"SearchAction","target":{"@type":"EntryPoint","urlTemplate":"https:\/\/shopnhis.azdigi.shop\/?s={search_term_string}"},"query-input":{"@type":"PropertyValueSpecification","valueRequired":true,"valueName":"search_term_string"}}],"inLanguage":"vi"},{"@type":["Person","Organization"],"@id":"https:\/\/shopnhis.azdigi.shop\/#\/schema\/person\/c92d877cb93cb82d7aadcb9314758e29","name":"qrlgobfk","image":{"@type":"ImageObject","inLanguage":"vi","@id":"https:\/\/shopnhis.azdigi.shop\/#\/schema\/person\/image\/","url":"https:\/\/shopnhis.azdigi.shop\/wp-content\/uploads\/2026\/03\/ChatGPT-Image-16_25_42-26-thg-2-2026.png","contentUrl":"https:\/\/shopnhis.azdigi.shop\/wp-content\/uploads\/2026\/03\/ChatGPT-Image-16_25_42-26-thg-2-2026.png","width":1536,"height":1024,"caption":"qrlgobfk"},"logo":{"@id":"https:\/\/shopnhis.azdigi.shop\/#\/schema\/person\/image\/"},"sameAs":["https:\/\/shopnhis.azdigi.shop"]}]}},"_links":{"self":[{"href":"https:\/\/shopnhis.azdigi.shop\/index.php\/wp-json\/wp\/v2\/product\/541","targetHints":{"allow":["GET"]}}],"collection":[{"href":"https:\/\/shopnhis.azdigi.shop\/index.php\/wp-json\/wp\/v2\/product"}],"about":[{"href":"https:\/\/shopnhis.azdigi.shop\/index.php\/wp-json\/wp\/v2\/types\/product"}],"replies":[{"embeddable":true,"href":"https:\/\/shopnhis.azdigi.shop\/index.php\/wp-json\/wp\/v2\/comments?post=541"}],"wp:featuredmedia":[{"embeddable":true,"href":"https:\/\/shopnhis.azdigi.shop\/index.php\/wp-json\/wp\/v2\/media\/542"}],"wp:attachment":[{"href":"https:\/\/shopnhis.azdigi.shop\/index.php\/wp-json\/wp\/v2\/media?parent=541"}],"wp:term":[{"taxonomy":"product_brand","embeddable":true,"href":"https:\/\/shopnhis.azdigi.shop\/index.php\/wp-json\/wp\/v2\/product_brand?post=541"},{"taxonomy":"product_cat","embeddable":true,"href":"https:\/\/shopnhis.azdigi.shop\/index.php\/wp-json\/wp\/v2\/product_cat?post=541"},{"taxonomy":"product_tag","embeddable":true,"href":"https:\/\/shopnhis.azdigi.shop\/index.php\/wp-json\/wp\/v2\/product_tag?post=541"}],"curies":[{"name":"wp","href":"https:\/\/api.w.org\/{rel}","templated":true}]}}