{"id":555,"date":"2026-04-10T20:13:10","date_gmt":"2026-04-10T20:13:10","guid":{"rendered":"https:\/\/shopnhis.azdigi.shop\/?post_type=product&#038;p=555"},"modified":"2026-04-21T17:02:20","modified_gmt":"2026-04-21T17:02:20","slug":"nen-so-thom-qua-tang","status":"publish","type":"product","link":"https:\/\/shopnhis.azdigi.shop\/index.php\/product\/nen-so-thom-qua-tang\/","title":{"rendered":"N\u1ebfn S\u00f2 Th\u01a1m (Qu\u00e0 T\u1eb7ng)"},"content":{"rendered":"<h1 data-path-to-node=\"2\">M\u00f3n qu\u00e0 tri \u00e2n tinh t\u1ebf d\u00e0nh t\u1eb7ng kh\u00e1ch h\u00e0ng<\/h1>\n<p data-path-to-node=\"3\">T\u1ea1i Nhis Studio, ch\u00fang t\u00f4i tin r\u1eb1ng ni\u1ec1m vui kh\u00f4ng ch\u1ec9 \u0111\u1ebfn t\u1eeb nh\u1eefng b\u1ed9 \u0111\u1ed3 \u0111\u1eb9p. N\u00f3 c\u00f2n n\u1eb1m \u1edf s\u1ef1 ch\u0103m s\u00f3c t\u1eadn t\u00e2m trong t\u1eebng chi ti\u1ebft nh\u1ecf. <b data-path-to-node=\"3\" data-index-in-node=\"144\">N\u1ebfn s\u00f2 th\u01a1m<\/b> ch\u00ednh l\u00e0 m\u00f3n qu\u00e0 \u0111\u1eb7c bi\u1ec7t m\u00e0 shop \u0111\u00e3 chu\u1ea9n b\u1ecb \u0111\u1ec3 g\u1eedi t\u1edbi b\u1ea1n. \u0110\u00e2y l\u00e0 l\u1eddi c\u1ea3m \u01a1n ch\u00e2n th\u00e0nh v\u00ec b\u1ea1n \u0111\u00e3 lu\u00f4n \u0111\u1ed3ng h\u00e0nh v\u00e0 tin t\u01b0\u1edfng ch\u00fang t\u00f4i.<\/p>\n<h2 data-path-to-node=\"4\">1. M\u00f3n qu\u00e0 t\u1eb7ng thay l\u1eddi c\u1ea3m \u01a1n ch\u00e2n th\u00e0nh<\/h2>\n<p data-path-to-node=\"5\">Ch\u00fang t\u00f4i l\u1ef1a ch\u1ecdn <b data-path-to-node=\"5\" data-index-in-node=\"19\">n\u1ebfn s\u00f2 th\u01a1m<\/b> v\u00ec v\u1ebb \u0111\u1eb9p trong tr\u1ebbo v\u00e0 \u00fd ngh\u0129a c\u1ee7a n\u00f3. M\u1ed7i v\u1ecf s\u00f2 nh\u1ecf b\u00e9 \u0111\u1ec1u mang theo s\u1ef1 tr\u00e2n tr\u1ecdng m\u00e0 shop d\u00e0nh cho kh\u00e1ch h\u00e0ng.<\/p>\n<ul data-path-to-node=\"6\">\n<li>\n<p data-path-to-node=\"6,0,0\"><b data-path-to-node=\"6,0,0\" data-index-in-node=\"0\">S\u1ef1 t\u1ec9 m\u1ec9:<\/b> T\u1eebng m\u00f3n qu\u00e0 \u0111\u1ec1u \u0111\u01b0\u1ee3c ch\u00fang t\u00f4i ki\u1ec3m tra k\u1ef9 l\u01b0\u1ee1ng tr\u01b0\u1edbc khi trao \u0111\u1ebfn tay b\u1ea1n.<\/p>\n<\/li>\n<li>\n<p data-path-to-node=\"6,1,0\"><b data-path-to-node=\"6,1,0\" data-index-in-node=\"0\">Th\u00f4ng \u0111i\u1ec7p y\u00eau th\u01b0\u01a1ng:<\/b> Nhis\u00a0 hy v\u1ecdng m\u00f9i h\u01b0\u01a1ng n\u00e0y s\u1ebd gi\u00fap b\u1ea1n c\u00f3 nh\u1eefng gi\u00e2y ph\u00fat th\u01b0 gi\u00e3n tuy\u1ec7t v\u1eddi t\u1ea1i nh\u00e0.<\/p>\n<\/li>\n<\/ul>\n<h2 data-path-to-node=\"7\">2. Thi\u1ebft k\u1ebf v\u1ecf s\u00f2 ng\u1ecdc trai sang tr\u1ecdng<\/h2>\n<p data-path-to-node=\"8\">M\u00f3n qu\u00e0 n\u00e0y \u0111\u01b0\u1ee3c thi\u1ebft k\u1ebf \u0111\u1ec3 l\u00e0m b\u1eebng s\u00e1ng g\u00f3c nh\u1ecf trong kh\u00f4ng gian s\u1ed1ng c\u1ee7a b\u1ea1n.<\/p>\n<ul data-path-to-node=\"9\">\n<li>\n<p data-path-to-node=\"9,0,0\"><b data-path-to-node=\"9,0,0\" data-index-in-node=\"0\">S\u1eafc m\u00e0u tinh t\u1ebf:<\/b> B\u1ec1 m\u1eb7t n\u1ebfn c\u00f3 l\u1edbp ph\u1ee7 b\u00f3ng ng\u1ecdc trai r\u1ea5t b\u1eaft m\u1eaft. Khi \u0111\u1eb7t c\u1ea1nh nh\u1eefng b\u1ed9 trang ph\u1ee5c m\u1edbi mua t\u1eeb shop, n\u00f3 s\u1ebd t\u1ea1o n\u00ean m\u1ed9t t\u1ed5ng th\u1ec3 v\u00f4 c\u00f9ng h\u00e0i h\u00f2a.<\/p>\n<\/li>\n<li>\n<p data-path-to-node=\"9,1,0\"><b data-path-to-node=\"9,1,0\" data-index-in-node=\"0\">Ph\u1ee5 ki\u1ec7n decor cao c\u1ea5p:<\/b> B\u1ea1n c\u00f3 th\u1ec3 d\u00f9ng n\u1ebfn \u0111\u1ec3 trang tr\u00ed b\u00e0n trang \u0111i\u1ec3m ho\u1eb7c ch\u1ee5p \u1ea3nh c\u00f9ng outfit m\u1edbi. \u0110\u1ea3m b\u1ea3o nh\u1eefng b\u1ee9c h\u00ecnh c\u1ee7a b\u1ea1n s\u1ebd tr\u00f4ng &#8220;\u0111\u1eaft gi\u00e1&#8221; h\u01a1n r\u1ea5t nhi\u1ec1u.<\/p>\n<\/li>\n<\/ul>\n<h2 data-path-to-node=\"10\">3. H\u01b0\u01a1ng th\u01a1m nh\u1eb9 nh\u00e0ng gi\u00fap gi\u1ea3i t\u1ecfa c\u0103ng th\u1eb3ng<\/h2>\n<p data-path-to-node=\"11\">Sau m\u1ed9t ng\u00e0y d\u00e0i b\u1eadn r\u1ed9n, h\u00e3y \u0111\u1ec3 h\u01b0\u01a1ng th\u01a1m c\u1ee7a <b data-path-to-node=\"11\" data-index-in-node=\"48\">n\u1ebfn s\u00f2 th\u01a1m<\/b> v\u1ed7 v\u1ec1 c\u1ea3m x\u00fac c\u1ee7a b\u1ea1n.<\/p>\n<ul data-path-to-node=\"12\">\n<li>\n<p data-path-to-node=\"12,0,0\"><b data-path-to-node=\"12,0,0\" data-index-in-node=\"0\">Tinh d\u1ea7u th\u01b0 gi\u00e3n:<\/b> M\u00f9i h\u01b0\u01a1ng \u0111\u01b0\u1ee3c shop ch\u1ecdn l\u1ecdc k\u1ef9 l\u01b0\u1ee1ng, \u0111\u1ea3m b\u1ea3o s\u1ef1 d\u1ecbu nh\u1eb9 v\u00e0 d\u1ec5 ch\u1ecbu.<\/p>\n<\/li>\n<li>\n<p data-path-to-node=\"12,1,0\"><b data-path-to-node=\"12,1,0\" data-index-in-node=\"0\">T\u1ea1o kh\u00f4ng gian \u1ea5m c\u00fang:<\/b> Ch\u1ec9 c\u1ea7n m\u1ed9t ch\u00fat h\u01b0\u01a1ng th\u01a1m, c\u0103n ph\u00f2ng c\u1ee7a b\u1ea1n s\u1ebd tr\u1edf n\u00ean \u1ea5m \u00e1p v\u00e0 g\u1ea7n g\u0169i h\u01a1n bao gi\u1edd h\u1ebft.<\/p>\n<\/li>\n<\/ul>\n<h2 data-path-to-node=\"13\">4. Quy c\u00e1ch \u0111\u00f3ng g\u00f3i qu\u00e0 t\u1eb7ng &#8220;\u0111\u1ed1n tim&#8221; kh\u00e1ch h\u00e0ng<\/h2>\n<p data-path-to-node=\"14\">D\u00f9 l\u00e0 qu\u00e0 t\u1eb7ng k\u00e8m, shop v\u1eabn ch\u00fa tr\u1ecdng s\u1ef1 chuy\u00ean nghi\u1ec7p v\u00e0 t\u00ednh th\u1ea9m m\u1ef9 cao nh\u1ea5t.<\/p>\n<ul data-path-to-node=\"15\">\n<li>\n<p data-path-to-node=\"15,0,0\"><b data-path-to-node=\"15,0,0\" data-index-in-node=\"0\">\u0110\u00f3ng g\u00f3i hi\u1ec7n \u0111\u1ea1i:<\/b> N\u1ebfn \u0111\u01b0\u1ee3c \u0111\u1eb7t trong h\u1ed9p k\u00ednh sang tr\u1ecdng gi\u00fap b\u1ea3o qu\u1ea3n h\u00ecnh d\u00e1ng v\u1ecf s\u00f2 ho\u00e0n h\u1ea3o.<\/p>\n<\/li>\n<li>\n<p data-path-to-node=\"15,1,0\"><b data-path-to-node=\"15,1,0\" data-index-in-node=\"0\">Chi ti\u1ebft hoa kh\u00f4:<\/b> M\u1ed7i h\u1ed9p qu\u00e0 \u0111\u1ec1u \u0111\u01b0\u1ee3c \u0111\u00ednh k\u00e8m hoa kh\u00f4 v\u00e0 th\u1eaft n\u01a1 xinh x\u1eafn. \u0110\u00e2y ch\u1eafc ch\u1eafn l\u00e0 m\u00f3n qu\u00e0 khi\u1ebfn b\u1ea1n mu\u1ed1n &#8220;khoe&#8221; ngay l\u00ean m\u1ea1ng x\u00e3 h\u1ed9i khi v\u1eeba nh\u1eadn \u0111\u01b0\u1ee3c.<\/p>\n<\/li>\n<\/ul>\n","protected":false},"excerpt":{"rendered":"<p>T\u1ea1i Nhis Studio, ch\u00fang t\u00f4i tin r\u1eb1ng ni\u1ec1m vui kh\u00f4ng ch\u1ec9 \u0111\u1ebfn t\u1eeb nh\u1eefng b\u1ed9 \u0111\u1ed3 \u0111\u1eb9p. N\u00f3 c\u00f2n n\u1eb1m \u1edf s\u1ef1 ch\u0103m s\u00f3c t\u1eadn t\u00e2m trong t\u1eebng chi ti\u1ebft nh\u1ecf. <b data-path-to-node=\"3\" data-index-in-node=\"144\">N\u1ebfn s\u00f2 th\u01a1m<\/b> ch\u00ednh l\u00e0 m\u00f3n qu\u00e0 \u0111\u1eb7c bi\u1ec7t m\u00e0 shop \u0111\u00e3 chu\u1ea9n b\u1ecb \u0111\u1ec3 g\u1eedi t\u1edbi b\u1ea1n. \u0110\u00e2y l\u00e0 l\u1eddi c\u1ea3m \u01a1n ch\u00e2n th\u00e0nh v\u00ec b\u1ea1n \u0111\u00e3 lu\u00f4n \u0111\u1ed3ng h\u00e0nh v\u00e0 tin t\u01b0\u1edfng ch\u00fang t\u00f4i.<\/p>\n","protected":false},"featured_media":554,"comment_status":"open","ping_status":"closed","template":"","meta":[],"product_brand":[],"product_cat":[33],"product_tag":[],"class_list":{"0":"post-555","1":"product","2":"type-product","3":"status-publish","4":"has-post-thumbnail","6":"product_cat-qua-tang","8":"first","9":"instock","10":"shipping-taxable","11":"purchasable","12":"product-type-variable"},"yoast_head":"<!-- This site is optimized with the Yoast SEO plugin v27.1.1 - https:\/\/yoast.com\/product\/yoast-seo-wordpress\/ -->\n<title>N\u1ebfn S\u00f2 Th\u01a1m (Qu\u00e0 T\u1eb7ng) - shopnhis<\/title>\n<meta name=\"description\" content=\"Kh\u00e1m ph\u00e1 n\u1ebfn s\u00f2 th\u01a1m \u2013 m\u00f3n qu\u00e0 tri \u00e2n tinh t\u1ebf shop d\u00e0nh t\u1eb7ng kh\u00e1ch h\u00e0ng. B\u00ed quy\u1ebft th\u01b0 gi\u00e3n v\u00e0 trang tr\u00ed kh\u00f4ng gian s\u1ed1ng v\u1edbi qu\u00e0 t\u1eb7ng n\u1ebfn th\u01a1m cao c\u1ea5p.\" \/>\n<meta name=\"robots\" content=\"index, follow, max-snippet:-1, max-image-preview:large, max-video-preview:-1\" \/>\n<link rel=\"canonical\" href=\"https:\/\/shopnhis.azdigi.shop\/index.php\/product\/nen-so-thom-qua-tang\/\" \/>\n<meta property=\"og:locale\" content=\"vi_VN\" \/>\n<meta property=\"og:type\" content=\"article\" \/>\n<meta property=\"og:title\" content=\"N\u1ebfn S\u00f2 Th\u01a1m (Qu\u00e0 T\u1eb7ng) - shopnhis\" \/>\n<meta property=\"og:description\" content=\"Kh\u00e1m ph\u00e1 n\u1ebfn s\u00f2 th\u01a1m \u2013 m\u00f3n qu\u00e0 tri \u00e2n tinh t\u1ebf shop d\u00e0nh t\u1eb7ng kh\u00e1ch h\u00e0ng. B\u00ed quy\u1ebft th\u01b0 gi\u00e3n v\u00e0 trang tr\u00ed kh\u00f4ng gian s\u1ed1ng v\u1edbi qu\u00e0 t\u1eb7ng n\u1ebfn th\u01a1m cao c\u1ea5p.\" \/>\n<meta property=\"og:url\" content=\"https:\/\/shopnhis.azdigi.shop\/index.php\/product\/nen-so-thom-qua-tang\/\" \/>\n<meta property=\"og:site_name\" content=\"shopnhis\" \/>\n<meta property=\"article:modified_time\" content=\"2026-04-21T17:02:20+00:00\" \/>\n<meta property=\"og:image\" content=\"https:\/\/shopnhis.azdigi.shop\/wp-content\/uploads\/2026\/04\/Hop-qua-tinh-te-voi-xa-phong-xinh.png\" \/>\n\t<meta property=\"og:image:width\" content=\"1536\" \/>\n\t<meta property=\"og:image:height\" content=\"1024\" \/>\n\t<meta property=\"og:image:type\" content=\"image\/png\" \/>\n<meta name=\"twitter:card\" content=\"summary_large_image\" \/>\n<meta name=\"twitter:label1\" content=\"\u01af\u1edbc t\u00ednh th\u1eddi gian \u0111\u1ecdc\" \/>\n\t<meta name=\"twitter:data1\" content=\"3 ph\u00fat\" \/>\n<script type=\"application\/ld+json\" class=\"yoast-schema-graph\">{\"@context\":\"https:\/\/schema.org\",\"@graph\":[{\"@type\":\"WebPage\",\"@id\":\"https:\/\/shopnhis.azdigi.shop\/index.php\/product\/nen-so-thom-qua-tang\/\",\"url\":\"https:\/\/shopnhis.azdigi.shop\/index.php\/product\/nen-so-thom-qua-tang\/\",\"name\":\"N\u1ebfn S\u00f2 Th\u01a1m (Qu\u00e0 T\u1eb7ng) - shopnhis\",\"isPartOf\":{\"@id\":\"https:\/\/shopnhis.azdigi.shop\/#website\"},\"primaryImageOfPage\":{\"@id\":\"https:\/\/shopnhis.azdigi.shop\/index.php\/product\/nen-so-thom-qua-tang\/#primaryimage\"},\"image\":{\"@id\":\"https:\/\/shopnhis.azdigi.shop\/index.php\/product\/nen-so-thom-qua-tang\/#primaryimage\"},\"thumbnailUrl\":\"https:\/\/shopnhis.azdigi.shop\/wp-content\/uploads\/2026\/04\/Hop-qua-tinh-te-voi-xa-phong-xinh.png\",\"datePublished\":\"2026-04-10T20:13:10+00:00\",\"dateModified\":\"2026-04-21T17:02:20+00:00\",\"description\":\"Kh\u00e1m ph\u00e1 n\u1ebfn s\u00f2 th\u01a1m \u2013 m\u00f3n qu\u00e0 tri \u00e2n tinh t\u1ebf shop d\u00e0nh t\u1eb7ng kh\u00e1ch h\u00e0ng. B\u00ed quy\u1ebft th\u01b0 gi\u00e3n v\u00e0 trang tr\u00ed kh\u00f4ng gian s\u1ed1ng v\u1edbi qu\u00e0 t\u1eb7ng n\u1ebfn th\u01a1m cao c\u1ea5p.\",\"breadcrumb\":{\"@id\":\"https:\/\/shopnhis.azdigi.shop\/index.php\/product\/nen-so-thom-qua-tang\/#breadcrumb\"},\"inLanguage\":\"vi\",\"potentialAction\":[{\"@type\":\"ReadAction\",\"target\":[\"https:\/\/shopnhis.azdigi.shop\/index.php\/product\/nen-so-thom-qua-tang\/\"]}]},{\"@type\":\"ImageObject\",\"inLanguage\":\"vi\",\"@id\":\"https:\/\/shopnhis.azdigi.shop\/index.php\/product\/nen-so-thom-qua-tang\/#primaryimage\",\"url\":\"https:\/\/shopnhis.azdigi.shop\/wp-content\/uploads\/2026\/04\/Hop-qua-tinh-te-voi-xa-phong-xinh.png\",\"contentUrl\":\"https:\/\/shopnhis.azdigi.shop\/wp-content\/uploads\/2026\/04\/Hop-qua-tinh-te-voi-xa-phong-xinh.png\",\"width\":1536,\"height\":1024},{\"@type\":\"BreadcrumbList\",\"@id\":\"https:\/\/shopnhis.azdigi.shop\/index.php\/product\/nen-so-thom-qua-tang\/#breadcrumb\",\"itemListElement\":[{\"@type\":\"ListItem\",\"position\":1,\"name\":\"Home\",\"item\":\"https:\/\/shopnhis.azdigi.shop\/\"},{\"@type\":\"ListItem\",\"position\":2,\"name\":\"Shop\",\"item\":\"https:\/\/shopnhis.azdigi.shop\/index.php\/shop\/\"},{\"@type\":\"ListItem\",\"position\":3,\"name\":\"N\u1ebfn S\u00f2 Th\u01a1m (Qu\u00e0 T\u1eb7ng)\"}]},{\"@type\":\"WebSite\",\"@id\":\"https:\/\/shopnhis.azdigi.shop\/#website\",\"url\":\"https:\/\/shopnhis.azdigi.shop\/\",\"name\":\"shopnhis\",\"description\":\"\",\"publisher\":{\"@id\":\"https:\/\/shopnhis.azdigi.shop\/#\/schema\/person\/c92d877cb93cb82d7aadcb9314758e29\"},\"potentialAction\":[{\"@type\":\"SearchAction\",\"target\":{\"@type\":\"EntryPoint\",\"urlTemplate\":\"https:\/\/shopnhis.azdigi.shop\/?s={search_term_string}\"},\"query-input\":{\"@type\":\"PropertyValueSpecification\",\"valueRequired\":true,\"valueName\":\"search_term_string\"}}],\"inLanguage\":\"vi\"},{\"@type\":[\"Person\",\"Organization\"],\"@id\":\"https:\/\/shopnhis.azdigi.shop\/#\/schema\/person\/c92d877cb93cb82d7aadcb9314758e29\",\"name\":\"qrlgobfk\",\"image\":{\"@type\":\"ImageObject\",\"inLanguage\":\"vi\",\"@id\":\"https:\/\/shopnhis.azdigi.shop\/#\/schema\/person\/image\/\",\"url\":\"https:\/\/shopnhis.azdigi.shop\/wp-content\/uploads\/2026\/03\/ChatGPT-Image-16_25_42-26-thg-2-2026.png\",\"contentUrl\":\"https:\/\/shopnhis.azdigi.shop\/wp-content\/uploads\/2026\/03\/ChatGPT-Image-16_25_42-26-thg-2-2026.png\",\"width\":1536,\"height\":1024,\"caption\":\"qrlgobfk\"},\"logo\":{\"@id\":\"https:\/\/shopnhis.azdigi.shop\/#\/schema\/person\/image\/\"},\"sameAs\":[\"https:\/\/shopnhis.azdigi.shop\"]}]}<\/script>\n<!-- \/ Yoast SEO plugin. -->","yoast_head_json":{"title":"N\u1ebfn S\u00f2 Th\u01a1m (Qu\u00e0 T\u1eb7ng) - shopnhis","description":"Kh\u00e1m ph\u00e1 n\u1ebfn s\u00f2 th\u01a1m \u2013 m\u00f3n qu\u00e0 tri \u00e2n tinh t\u1ebf shop d\u00e0nh t\u1eb7ng kh\u00e1ch h\u00e0ng. B\u00ed quy\u1ebft th\u01b0 gi\u00e3n v\u00e0 trang tr\u00ed kh\u00f4ng gian s\u1ed1ng v\u1edbi qu\u00e0 t\u1eb7ng n\u1ebfn th\u01a1m cao c\u1ea5p.","robots":{"index":"index","follow":"follow","max-snippet":"max-snippet:-1","max-image-preview":"max-image-preview:large","max-video-preview":"max-video-preview:-1"},"canonical":"https:\/\/shopnhis.azdigi.shop\/index.php\/product\/nen-so-thom-qua-tang\/","og_locale":"vi_VN","og_type":"article","og_title":"N\u1ebfn S\u00f2 Th\u01a1m (Qu\u00e0 T\u1eb7ng) - shopnhis","og_description":"Kh\u00e1m ph\u00e1 n\u1ebfn s\u00f2 th\u01a1m \u2013 m\u00f3n qu\u00e0 tri \u00e2n tinh t\u1ebf shop d\u00e0nh t\u1eb7ng kh\u00e1ch h\u00e0ng. B\u00ed quy\u1ebft th\u01b0 gi\u00e3n v\u00e0 trang tr\u00ed kh\u00f4ng gian s\u1ed1ng v\u1edbi qu\u00e0 t\u1eb7ng n\u1ebfn th\u01a1m cao c\u1ea5p.","og_url":"https:\/\/shopnhis.azdigi.shop\/index.php\/product\/nen-so-thom-qua-tang\/","og_site_name":"shopnhis","article_modified_time":"2026-04-21T17:02:20+00:00","og_image":[{"width":1536,"height":1024,"url":"https:\/\/shopnhis.azdigi.shop\/wp-content\/uploads\/2026\/04\/Hop-qua-tinh-te-voi-xa-phong-xinh.png","type":"image\/png"}],"twitter_card":"summary_large_image","twitter_misc":{"\u01af\u1edbc t\u00ednh th\u1eddi gian \u0111\u1ecdc":"3 ph\u00fat"},"schema":{"@context":"https:\/\/schema.org","@graph":[{"@type":"WebPage","@id":"https:\/\/shopnhis.azdigi.shop\/index.php\/product\/nen-so-thom-qua-tang\/","url":"https:\/\/shopnhis.azdigi.shop\/index.php\/product\/nen-so-thom-qua-tang\/","name":"N\u1ebfn S\u00f2 Th\u01a1m (Qu\u00e0 T\u1eb7ng) - shopnhis","isPartOf":{"@id":"https:\/\/shopnhis.azdigi.shop\/#website"},"primaryImageOfPage":{"@id":"https:\/\/shopnhis.azdigi.shop\/index.php\/product\/nen-so-thom-qua-tang\/#primaryimage"},"image":{"@id":"https:\/\/shopnhis.azdigi.shop\/index.php\/product\/nen-so-thom-qua-tang\/#primaryimage"},"thumbnailUrl":"https:\/\/shopnhis.azdigi.shop\/wp-content\/uploads\/2026\/04\/Hop-qua-tinh-te-voi-xa-phong-xinh.png","datePublished":"2026-04-10T20:13:10+00:00","dateModified":"2026-04-21T17:02:20+00:00","description":"Kh\u00e1m ph\u00e1 n\u1ebfn s\u00f2 th\u01a1m \u2013 m\u00f3n qu\u00e0 tri \u00e2n tinh t\u1ebf shop d\u00e0nh t\u1eb7ng kh\u00e1ch h\u00e0ng. B\u00ed quy\u1ebft th\u01b0 gi\u00e3n v\u00e0 trang tr\u00ed kh\u00f4ng gian s\u1ed1ng v\u1edbi qu\u00e0 t\u1eb7ng n\u1ebfn th\u01a1m cao c\u1ea5p.","breadcrumb":{"@id":"https:\/\/shopnhis.azdigi.shop\/index.php\/product\/nen-so-thom-qua-tang\/#breadcrumb"},"inLanguage":"vi","potentialAction":[{"@type":"ReadAction","target":["https:\/\/shopnhis.azdigi.shop\/index.php\/product\/nen-so-thom-qua-tang\/"]}]},{"@type":"ImageObject","inLanguage":"vi","@id":"https:\/\/shopnhis.azdigi.shop\/index.php\/product\/nen-so-thom-qua-tang\/#primaryimage","url":"https:\/\/shopnhis.azdigi.shop\/wp-content\/uploads\/2026\/04\/Hop-qua-tinh-te-voi-xa-phong-xinh.png","contentUrl":"https:\/\/shopnhis.azdigi.shop\/wp-content\/uploads\/2026\/04\/Hop-qua-tinh-te-voi-xa-phong-xinh.png","width":1536,"height":1024},{"@type":"BreadcrumbList","@id":"https:\/\/shopnhis.azdigi.shop\/index.php\/product\/nen-so-thom-qua-tang\/#breadcrumb","itemListElement":[{"@type":"ListItem","position":1,"name":"Home","item":"https:\/\/shopnhis.azdigi.shop\/"},{"@type":"ListItem","position":2,"name":"Shop","item":"https:\/\/shopnhis.azdigi.shop\/index.php\/shop\/"},{"@type":"ListItem","position":3,"name":"N\u1ebfn S\u00f2 Th\u01a1m (Qu\u00e0 T\u1eb7ng)"}]},{"@type":"WebSite","@id":"https:\/\/shopnhis.azdigi.shop\/#website","url":"https:\/\/shopnhis.azdigi.shop\/","name":"shopnhis","description":"","publisher":{"@id":"https:\/\/shopnhis.azdigi.shop\/#\/schema\/person\/c92d877cb93cb82d7aadcb9314758e29"},"potentialAction":[{"@type":"SearchAction","target":{"@type":"EntryPoint","urlTemplate":"https:\/\/shopnhis.azdigi.shop\/?s={search_term_string}"},"query-input":{"@type":"PropertyValueSpecification","valueRequired":true,"valueName":"search_term_string"}}],"inLanguage":"vi"},{"@type":["Person","Organization"],"@id":"https:\/\/shopnhis.azdigi.shop\/#\/schema\/person\/c92d877cb93cb82d7aadcb9314758e29","name":"qrlgobfk","image":{"@type":"ImageObject","inLanguage":"vi","@id":"https:\/\/shopnhis.azdigi.shop\/#\/schema\/person\/image\/","url":"https:\/\/shopnhis.azdigi.shop\/wp-content\/uploads\/2026\/03\/ChatGPT-Image-16_25_42-26-thg-2-2026.png","contentUrl":"https:\/\/shopnhis.azdigi.shop\/wp-content\/uploads\/2026\/03\/ChatGPT-Image-16_25_42-26-thg-2-2026.png","width":1536,"height":1024,"caption":"qrlgobfk"},"logo":{"@id":"https:\/\/shopnhis.azdigi.shop\/#\/schema\/person\/image\/"},"sameAs":["https:\/\/shopnhis.azdigi.shop"]}]}},"_links":{"self":[{"href":"https:\/\/shopnhis.azdigi.shop\/index.php\/wp-json\/wp\/v2\/product\/555","targetHints":{"allow":["GET"]}}],"collection":[{"href":"https:\/\/shopnhis.azdigi.shop\/index.php\/wp-json\/wp\/v2\/product"}],"about":[{"href":"https:\/\/shopnhis.azdigi.shop\/index.php\/wp-json\/wp\/v2\/types\/product"}],"replies":[{"embeddable":true,"href":"https:\/\/shopnhis.azdigi.shop\/index.php\/wp-json\/wp\/v2\/comments?post=555"}],"wp:featuredmedia":[{"embeddable":true,"href":"https:\/\/shopnhis.azdigi.shop\/index.php\/wp-json\/wp\/v2\/media\/554"}],"wp:attachment":[{"href":"https:\/\/shopnhis.azdigi.shop\/index.php\/wp-json\/wp\/v2\/media?parent=555"}],"wp:term":[{"taxonomy":"product_brand","embeddable":true,"href":"https:\/\/shopnhis.azdigi.shop\/index.php\/wp-json\/wp\/v2\/product_brand?post=555"},{"taxonomy":"product_cat","embeddable":true,"href":"https:\/\/shopnhis.azdigi.shop\/index.php\/wp-json\/wp\/v2\/product_cat?post=555"},{"taxonomy":"product_tag","embeddable":true,"href":"https:\/\/shopnhis.azdigi.shop\/index.php\/wp-json\/wp\/v2\/product_tag?post=555"}],"curies":[{"name":"wp","href":"https:\/\/api.w.org\/{rel}","templated":true}]}}